{"id":98954,"date":"2024-02-21T15:42:21","date_gmt":"2024-02-21T14:42:21","guid":{"rendered":"https:\/\/zoca.es\/producto\/opcao-tablet-microsoft-active-stylus-surface-recondicionado-pt-6100\/"},"modified":"2026-03-30T09:55:15","modified_gmt":"2026-03-30T08:55:15","slug":"opcao-tablet-microsoft-active-stylus-surface-recondicionado-pt-6100","status":"publish","type":"product","link":"https:\/\/zoca.es\/pt-pt\/produto\/opcao-tablet-microsoft-active-stylus-surface-recondicionado-pt-6100\/","title":{"rendered":"Op\u00e7\u00e3o tablet Microsoft Active Stylus Surface | Recondicionado"},"content":{"rendered":"<p>L\u00e1piz activo para MICROSOFT Surface\/Surface Pro<\/p>\n","protected":false},"excerpt":{"rendered":"<p>L\u00e1piz activo para MICROSOFT Surface\/Surface Pro<\/p>\n","protected":false},"featured_media":98951,"template":"","meta":[],"product_brand":[3456],"product_cat":[3185,2304,2301],"product_tag":[],"class_list":{"0":"post-98954","1":"product","2":"type-product","3":"status-publish","4":"has-post-thumbnail","6":"product_brand-microsoft","7":"product_cat-tablets-surface-pt","8":"product_cat-tablets-opcaos-pt","9":"product_cat-tablets-pt","11":"first","12":"instock","13":"sale","14":"taxable","15":"shipping-taxable","16":"purchasable","17":"product-type-simple"},"bundled_by":[],"bundle_stock_status":"instock","bundle_stock_quantity":23,"bundle_virtual":false,"bundle_layout":"","bundle_add_to_cart_form_location":"","bundle_editable_in_cart":false,"bundle_sold_individually_context":"","bundle_item_grouping":"","bundle_min_size":"","bundle_max_size":"","bundle_price":[],"bundled_items":[],"bundle_sell_ids":[],"exclude_global_add_ons":[],"addons":[],"df_price":65.34,"df_sale_price":65.34,"df_regular_price":72.6,"df_image_link":"https:\/\/zoca.es\/wp-content\/uploads\/images\/product\/6100\/ms00038_01-300x225.jpg","_links":{"self":[{"href":"https:\/\/zoca.es\/pt-pt\/wp-json\/wp\/v2\/product\/98954","targetHints":{"allow":["GET"]}}],"collection":[{"href":"https:\/\/zoca.es\/pt-pt\/wp-json\/wp\/v2\/product"}],"about":[{"href":"https:\/\/zoca.es\/pt-pt\/wp-json\/wp\/v2\/types\/product"}],"wp:featuredmedia":[{"embeddable":true,"href":"https:\/\/zoca.es\/pt-pt\/wp-json\/wp\/v2\/media\/98951"}],"wp:attachment":[{"href":"https:\/\/zoca.es\/pt-pt\/wp-json\/wp\/v2\/media?parent=98954"}],"wp:term":[{"taxonomy":"product_brand","embeddable":true,"href":"https:\/\/zoca.es\/pt-pt\/wp-json\/wp\/v2\/product_brand?post=98954"},{"taxonomy":"product_cat","embeddable":true,"href":"https:\/\/zoca.es\/pt-pt\/wp-json\/wp\/v2\/product_cat?post=98954"},{"taxonomy":"product_tag","embeddable":true,"href":"https:\/\/zoca.es\/pt-pt\/wp-json\/wp\/v2\/product_tag?post=98954"}],"curies":[{"name":"wp","href":"https:\/\/api.w.org\/{rel}","templated":true}]}}