{"id":98948,"date":"2024-02-21T15:10:27","date_gmt":"2024-02-21T14:10:27","guid":{"rendered":"https:\/\/zoca.es\/producto\/opcao-portatil-para-apple-frances-negras-novo-pt-8757\/"},"modified":"2026-02-25T09:40:36","modified_gmt":"2026-02-25T08:40:36","slug":"opcao-portatil-para-apple-frances-negras-novo-pt-8757","status":"publish","type":"product","link":"https:\/\/zoca.es\/pt-pt\/produto\/opcao-portatil-para-apple-frances-negras-novo-pt-8757\/","title":{"rendered":"Op\u00e7\u00e3o port\u00e1til  Para APPLE Franc\u00e9s Negras Novo"},"content":{"rendered":"<p><strong>Caracteristicas:&nbsp;<\/strong><br \/>Adesivos universais para convers\u00e3o de teclado internacional para franc\u00eas. Design de etiqueta espec\u00edfico para a maioria dos teclados de laptop APPLE. Veja em &#8221; + Imagens &#8221;.&nbsp;<br \/><strong>As especifica\u00e7\u00f5es t\u00e9cnicas:&nbsp;<\/strong><br \/>48 chaves&nbsp;<br \/>\nTamanho da chave: 13 x 13 mm.&nbsp;<br \/>Letras brancas em fundo preto&nbsp;<br \/>Alta resist\u00eancia e durabilidade.&nbsp;<br \/>Marca: Hardware Recondicionado<\/p>\n","protected":false},"excerpt":{"rendered":"<p>Adesivos universais para convers\u00e3o de teclado internacional para franc\u00eas. Design de etiqueta espec\u00edfico para a maioria dos teclados de laptop APPLE. Veja em &#8221; + Imagens &#8221;.<\/p>\n","protected":false},"featured_media":98945,"template":"","meta":[],"product_brand":[3465],"product_cat":[2253,3084,3102],"product_tag":[],"class_list":{"0":"post-98948","1":"product","2":"type-product","3":"status-publish","4":"has-post-thumbnail","6":"product_brand-generic","7":"product_cat-laptops-pt","8":"product_cat-laptops-opcaos-pt","9":"product_cat-laptops-opcaos-adesivos-teclado-pt","11":"first","12":"instock","13":"taxable","14":"shipping-taxable","15":"purchasable","16":"product-type-simple"},"bundled_by":[],"bundle_stock_status":"instock","bundle_stock_quantity":98,"bundle_virtual":false,"bundle_layout":"","bundle_add_to_cart_form_location":"","bundle_editable_in_cart":false,"bundle_sold_individually_context":"","bundle_item_grouping":"","bundle_min_size":"","bundle_max_size":"","bundle_price":[],"bundled_items":[],"bundle_sell_ids":[],"exclude_global_add_ons":[],"addons":[],"df_price":9.68,"df_sale_price":"","df_regular_price":9.68,"df_image_link":"https:\/\/zoca.es\/wp-content\/uploads\/images\/product\/8757\/appl00338_01-300x225.jpg","_links":{"self":[{"href":"https:\/\/zoca.es\/pt-pt\/wp-json\/wp\/v2\/product\/98948","targetHints":{"allow":["GET"]}}],"collection":[{"href":"https:\/\/zoca.es\/pt-pt\/wp-json\/wp\/v2\/product"}],"about":[{"href":"https:\/\/zoca.es\/pt-pt\/wp-json\/wp\/v2\/types\/product"}],"wp:featuredmedia":[{"embeddable":true,"href":"https:\/\/zoca.es\/pt-pt\/wp-json\/wp\/v2\/media\/98945"}],"wp:attachment":[{"href":"https:\/\/zoca.es\/pt-pt\/wp-json\/wp\/v2\/media?parent=98948"}],"wp:term":[{"taxonomy":"product_brand","embeddable":true,"href":"https:\/\/zoca.es\/pt-pt\/wp-json\/wp\/v2\/product_brand?post=98948"},{"taxonomy":"product_cat","embeddable":true,"href":"https:\/\/zoca.es\/pt-pt\/wp-json\/wp\/v2\/product_cat?post=98948"},{"taxonomy":"product_tag","embeddable":true,"href":"https:\/\/zoca.es\/pt-pt\/wp-json\/wp\/v2\/product_tag?post=98948"}],"curies":[{"name":"wp","href":"https:\/\/api.w.org\/{rel}","templated":true}]}}