{"id":98881,"date":"2024-02-21T10:18:12","date_gmt":"2024-02-21T09:18:12","guid":{"rendered":"https:\/\/zoca.es\/producto\/switch-hp-1810g-24-j9450a-recondicionado-pt-11797\/"},"modified":"2026-04-01T15:34:41","modified_gmt":"2026-04-01T14:34:41","slug":"switch-hp-1810g-24-j9450a-recondicionado-pt-11797","status":"publish","type":"product","link":"https:\/\/zoca.es\/pt-pt\/produto\/switch-hp-1810g-24-j9450a-recondicionado-pt-11797\/","title":{"rendered":"Switch HP 1810G-24 J9450A | Recondicionado"},"content":{"rendered":"<p><strong>Geral impressora<\/strong><br \/>Switch<br \/><strong>Portos de rede<\/strong><br \/>24x Ethernet 1000 Mbps.<br \/>2x Fibra 1000 Mbps.<br \/><strong>Outros<\/strong><br \/>hR embalagens<br \/><strong>Dimens\u00f5es<\/strong><br \/>44.5x17x4 cm.<br \/><strong>Peso<\/strong><br \/>3.00 Kg.<br \/><strong>Especifica\u00e7\u00f5es adicionais<\/strong><br \/>Boa apar\u00eancia exterior. Se voc\u00ea tiver alguma d\u00favida, ligue para n\u00f3s ou utilize nosso chat para mais informa\u00e7\u00f5es ou para solicitar mais detalhes.<\/p>\n","protected":false},"excerpt":{"rendered":"<p>Switch \u00b7 24x Ethernet 1000 Mbps. \u00b7 2x Fibra 1000 Mbps. \u00b7 Rackmount<\/p>\n","protected":false},"featured_media":98878,"template":"","meta":[],"product_brand":[3453],"product_cat":[3210,79],"product_tag":[],"class_list":{"0":"post-98881","1":"product","2":"type-product","3":"status-publish","4":"has-post-thumbnail","6":"product_brand-hp","7":"product_cat-networking-switches-pt","8":"product_cat-networking-pt","10":"first","11":"instock","12":"taxable","13":"shipping-taxable","14":"purchasable","15":"product-type-simple"},"bundled_by":[],"bundle_stock_status":"instock","bundle_stock_quantity":2,"bundle_virtual":false,"bundle_layout":"","bundle_add_to_cart_form_location":"","bundle_editable_in_cart":false,"bundle_sold_individually_context":"","bundle_item_grouping":"","bundle_min_size":"","bundle_max_size":"","bundle_price":[],"bundled_items":[],"bundle_sell_ids":[],"exclude_global_add_ons":[],"addons":[],"df_price":87.12,"df_sale_price":"","df_regular_price":87.12,"df_image_link":"https:\/\/zoca.es\/wp-content\/uploads\/images\/product\/11797\/hp02450_01-300x225.jpg","_links":{"self":[{"href":"https:\/\/zoca.es\/pt-pt\/wp-json\/wp\/v2\/product\/98881","targetHints":{"allow":["GET"]}}],"collection":[{"href":"https:\/\/zoca.es\/pt-pt\/wp-json\/wp\/v2\/product"}],"about":[{"href":"https:\/\/zoca.es\/pt-pt\/wp-json\/wp\/v2\/types\/product"}],"wp:featuredmedia":[{"embeddable":true,"href":"https:\/\/zoca.es\/pt-pt\/wp-json\/wp\/v2\/media\/98878"}],"wp:attachment":[{"href":"https:\/\/zoca.es\/pt-pt\/wp-json\/wp\/v2\/media?parent=98881"}],"wp:term":[{"taxonomy":"product_brand","embeddable":true,"href":"https:\/\/zoca.es\/pt-pt\/wp-json\/wp\/v2\/product_brand?post=98881"},{"taxonomy":"product_cat","embeddable":true,"href":"https:\/\/zoca.es\/pt-pt\/wp-json\/wp\/v2\/product_cat?post=98881"},{"taxonomy":"product_tag","embeddable":true,"href":"https:\/\/zoca.es\/pt-pt\/wp-json\/wp\/v2\/product_tag?post=98881"}],"curies":[{"name":"wp","href":"https:\/\/api.w.org\/{rel}","templated":true}]}}