{"id":98434,"date":"2024-02-12T15:13:32","date_gmt":"2024-02-12T14:13:32","guid":{"rendered":"https:\/\/zoca.es\/producto\/hp-pro-x2-612-g2-12-recondicionado-core-i5-12ghz-8-gb-ram-256-gb-ssd-m2-1920x1280-pt-11606\/"},"modified":"2026-02-25T09:53:01","modified_gmt":"2026-02-25T08:53:01","slug":"hp-pro-x2-612-g2-12-recondicionado-core-i5-12ghz-8-gb-ram-256-gb-ssd-m2-1920x1280-pt-11606","status":"publish","type":"product","link":"https:\/\/zoca.es\/pt-pt\/produto\/hp-pro-x2-612-g2-12-recondicionado-core-i5-12ghz-8-gb-ram-256-gb-ssd-m2-1920x1280-pt-11606\/","title":{"rendered":"HP Pro X2 612 G2 12&#8221; | Recondicionado | Core i5 1.2GHz | 8 GB RAM | 256 GB SSD M2 1920&#215;1280"},"content":{"rendered":"<p><strong>Processador<\/strong><br \/>Intel Core i5 7Y57 1.2 GHz. [TPM 2.0]<br \/><strong>Mem\u00f3ria RAM<\/strong><br \/>8 Gb. SO-DDR3 RAM<br \/><strong>Disco r\u00edgido<\/strong><br \/>256 Gb. SSD M2<br \/><strong>Cart\u00f5es<\/strong><br \/>Placa gr\u00e1fica: Intel HD 615<br \/>Som: Conexant ISST audio<br \/><strong>Sistema operativo<\/strong><br \/>Windows 10 Pro<br \/><strong>Portos<\/strong><br \/>USB 3.0<br \/>USB-C<br \/><strong>Tela<\/strong><br \/>T\u00e1til 12 &#8221; FullHD 16:10  \u00b7 Resolu\u00e7\u00e3o 1920&#215;1280<br \/><strong>Multim\u00eddia<\/strong><br \/>Webcam<br \/>Leitor SD<br \/>Leitor impress\u00f5es digitais<br \/>C\u00e2mera traseira<br \/>C\u00e2mera frontal<br \/><strong>Conectividade<\/strong><br \/>WIFI<br \/>Bluetooth<br \/>4G<br \/><strong>Outros<\/strong><br \/>hR embalagens<br \/><strong>Dimens\u00f5es<\/strong><br \/>30x22x1.5 cm.<br \/><strong>Peso<\/strong><br \/>1.20 Kg.<br \/><strong>Especifica\u00e7\u00f5es adicionais<\/strong><br \/>O HP Pro X2 612 G2 \u00e9 um tablet 2 em 1 ideal para ambientes profissionais que procuram mobilidade, seguran\u00e7a e funcionalidade. Equipado com um eficiente processador Intel Core i5 7Y57 de 1,2 GHz, 8 GB de RAM SO-DDR3 e um SSD M. 2 de 256 GB, oferece um desempenho fi\u00e1vel para tarefas de escrit\u00f3rio, navega\u00e7\u00e3o, e-mail e gest\u00e3o de documentos.<br \/>O seu ecr\u00e3 t\u00e1til FullHD (1920&#215;1280) de 12 polegadas no formato 16:10 proporciona uma visualiza\u00e7\u00e3o n\u00edtida e confort\u00e1vel para o trabalho di\u00e1rio. Incorpora o TPM 2.0 para maior seguran\u00e7a e o Windows 10 Pro, tornando-o compat\u00edvel com as normas empresariais atuais. Inclui tamb\u00e9m um teclado espanhol, facilitando uma experi\u00eancia de digita\u00e7\u00e3o produtiva e sem complica\u00e7\u00f5es.<br \/>Concebido para profissionais em movimento, o HP Pro X2 612 G2 oferece a combina\u00e7\u00e3o perfeita entre produtividade e portabilidade.<br \/>Boa apar\u00eancia exterior. Pode apresentar ligeiros sinais de uso na caixa. Consulte &#8220;+ Fotos&#8221; e &#8220;V\u00eddeo&#8221; e, se tiver alguma d\u00favida, ligue-nos ou utilize o nosso chat para obter mais informa\u00e7\u00f5es ou solicitar mais detalhes.<br \/><strong>Coment\u00e1rios<\/strong><br \/><u>Teclado espanhol<\/u><\/p>\n","protected":false},"excerpt":{"rendered":"<p>Intel Core i5 7Y57 1.2 GHz. [TPM 2.0] \u00b7 8 Gb. SO-DDR3 RAM \u00b7 256 Gb. SSD M2 \u00b7 Windows 10 Pro \u00b7 T\u00e1til 12 &#8221; FullHD 16:10  \u00b7 Resolu\u00e7\u00e3o 1920&#215;1280 \u00b7 <u>Teclado espanhol<\/u><\/p>\n","protected":false},"featured_media":98407,"template":"","meta":[],"product_brand":[3453],"product_cat":[3111,2301],"product_tag":[],"class_list":{"0":"post-98434","1":"product","2":"type-product","3":"status-publish","4":"has-post-thumbnail","6":"product_brand-hp","7":"product_cat-tablets-tablets-pt","8":"product_cat-tablets-pt","10":"first","11":"outofstock","12":"taxable","13":"shipping-taxable","14":"purchasable","15":"product-type-simple"},"bundled_by":[],"bundle_stock_status":"outofstock","bundle_stock_quantity":0,"bundle_virtual":false,"bundle_layout":"","bundle_add_to_cart_form_location":"","bundle_editable_in_cart":false,"bundle_sold_individually_context":"","bundle_item_grouping":"","bundle_min_size":"","bundle_max_size":"","bundle_price":[],"bundled_items":[],"bundle_sell_ids":[],"exclude_global_add_ons":true,"addons":{"keyboard-iso-upgrades":{"name":"Selecione idioma teclado","type":"multiple_choice","position":0,"required":false,"title_format":"heading","default":"","description_enable":false,"description":"","placeholder_enable":false,"placeholder":"","display":"radiobutton","restrictions_type":"any_text","adjust_price":false,"price":"","price_type":"quantity_based","restrictions":false,"min":"0","max":"0","options":[{"label":"Pegatinas Franc\u00e9s [AMP00084]","price":"0.0000","price_type":"quantity_based","image":0,"visibility":true},{"label":"Pegatinas Portugues [AMP00083]","price":"0.0000","price_type":"quantity_based","image":0,"visibility":true}]},"battery-upgrades":{"name":"Extens\u00e3o bateria","type":"multiple_choice","position":0,"required":false,"title_format":"heading","default":"","description_enable":false,"description":"","placeholder_enable":false,"placeholder":"","display":"radiobutton","restrictions_type":"any_text","adjust_price":false,"price":"","price_type":"quantity_based","restrictions":false,"min":"0","max":"0","options":[{"label":"Mude para uma nova bateria compat\u00edvel [AMP00154]","price":"80.0000","price_type":"quantity_based","image":0,"visibility":true}]},"pencil-upgrades":{"name":"Extens\u00e3o L\u00e1pis","type":"multiple_choice","position":0,"required":false,"title_format":"heading","default":"","description_enable":false,"description":"","placeholder_enable":false,"placeholder":"","display":"radiobutton","restrictions_type":"any_text","adjust_price":false,"price":"","price_type":"quantity_based","restrictions":false,"min":"0","max":"0","options":[{"label":"HP Elite X2 Active Pen [AMP00092]","price":"35.0000","price_type":"quantity_based","image":0,"visibility":true}]}},"df_price":251.68,"df_sale_price":"","df_regular_price":251.68,"df_image_link":"https:\/\/zoca.es\/wp-content\/uploads\/images\/product\/11606\/hp02383_01-300x225.jpg","_links":{"self":[{"href":"https:\/\/zoca.es\/pt-pt\/wp-json\/wp\/v2\/product\/98434","targetHints":{"allow":["GET"]}}],"collection":[{"href":"https:\/\/zoca.es\/pt-pt\/wp-json\/wp\/v2\/product"}],"about":[{"href":"https:\/\/zoca.es\/pt-pt\/wp-json\/wp\/v2\/types\/product"}],"wp:featuredmedia":[{"embeddable":true,"href":"https:\/\/zoca.es\/pt-pt\/wp-json\/wp\/v2\/media\/98407"}],"wp:attachment":[{"href":"https:\/\/zoca.es\/pt-pt\/wp-json\/wp\/v2\/media?parent=98434"}],"wp:term":[{"taxonomy":"product_brand","embeddable":true,"href":"https:\/\/zoca.es\/pt-pt\/wp-json\/wp\/v2\/product_brand?post=98434"},{"taxonomy":"product_cat","embeddable":true,"href":"https:\/\/zoca.es\/pt-pt\/wp-json\/wp\/v2\/product_cat?post=98434"},{"taxonomy":"product_tag","embeddable":true,"href":"https:\/\/zoca.es\/pt-pt\/wp-json\/wp\/v2\/product_tag?post=98434"}],"curies":[{"name":"wp","href":"https:\/\/api.w.org\/{rel}","templated":true}]}}