{"id":97891,"date":"2024-02-08T11:28:41","date_gmt":"2024-02-08T10:28:41","guid":{"rendered":"https:\/\/zoca.es\/producto\/opcao-portatil-hp-essential-maletin-156-novo-pt-6046\/"},"modified":"2026-02-25T09:30:23","modified_gmt":"2026-02-25T08:30:23","slug":"opcao-portatil-hp-essential-maletin-156-novo-pt-6046","status":"publish","type":"product","link":"https:\/\/zoca.es\/pt-pt\/produto\/opcao-portatil-hp-essential-maletin-156-novo-pt-6046\/","title":{"rendered":"Op\u00e7\u00e3o port\u00e1til HP Essential Maletin 15,6&#8221; | Novo"},"content":{"rendered":"<p><strong>Caracter\u00edsticas:<\/strong><br \/>Maletin de Apertura Superior<br \/>Tama\u00f1o hasta port\u00e1tiles de 15,6&#8221;<br \/>Asas de transporte y correa para manos libres<br \/>Compartimento para accesorios y documentos.<br \/>Ver Fotos Reales en &#8221;+ Im\u00e1genes&#8221;.<\/p>\n","protected":false},"excerpt":{"rendered":"<p>Maletin Port\u00e1til HP Essential 15,6&#8221; Nuevo<\/p>\n","protected":false},"featured_media":97876,"template":"","meta":[],"product_brand":[3453],"product_cat":[2253,3084,3096],"product_tag":[],"class_list":{"0":"post-97891","1":"product","2":"type-product","3":"status-publish","4":"has-post-thumbnail","6":"product_brand-hp","7":"product_cat-laptops-pt","8":"product_cat-laptops-opcaos-pt","9":"product_cat-laptops-opcaos-bolsas-pt","11":"first","12":"instock","13":"taxable","14":"shipping-taxable","15":"purchasable","16":"product-type-simple"},"bundled_by":[],"bundle_stock_status":"instock","bundle_stock_quantity":61,"bundle_virtual":false,"bundle_layout":"","bundle_add_to_cart_form_location":"","bundle_editable_in_cart":false,"bundle_sold_individually_context":"","bundle_item_grouping":"","bundle_min_size":"","bundle_max_size":"","bundle_price":[],"bundled_items":[],"bundle_sell_ids":[],"exclude_global_add_ons":[],"addons":[],"df_price":24.2,"df_sale_price":"","df_regular_price":24.2,"df_image_link":"https:\/\/zoca.es\/wp-content\/uploads\/images\/product\/6046\/hp01294_01-300x225.jpg","_links":{"self":[{"href":"https:\/\/zoca.es\/pt-pt\/wp-json\/wp\/v2\/product\/97891","targetHints":{"allow":["GET"]}}],"collection":[{"href":"https:\/\/zoca.es\/pt-pt\/wp-json\/wp\/v2\/product"}],"about":[{"href":"https:\/\/zoca.es\/pt-pt\/wp-json\/wp\/v2\/types\/product"}],"wp:featuredmedia":[{"embeddable":true,"href":"https:\/\/zoca.es\/pt-pt\/wp-json\/wp\/v2\/media\/97876"}],"wp:attachment":[{"href":"https:\/\/zoca.es\/pt-pt\/wp-json\/wp\/v2\/media?parent=97891"}],"wp:term":[{"taxonomy":"product_brand","embeddable":true,"href":"https:\/\/zoca.es\/pt-pt\/wp-json\/wp\/v2\/product_brand?post=97891"},{"taxonomy":"product_cat","embeddable":true,"href":"https:\/\/zoca.es\/pt-pt\/wp-json\/wp\/v2\/product_cat?post=97891"},{"taxonomy":"product_tag","embeddable":true,"href":"https:\/\/zoca.es\/pt-pt\/wp-json\/wp\/v2\/product_tag?post=97891"}],"curies":[{"name":"wp","href":"https:\/\/api.w.org\/{rel}","templated":true}]}}