{"id":97861,"date":"2024-02-08T11:25:09","date_gmt":"2024-02-08T10:25:09","guid":{"rendered":"https:\/\/zoca.es\/producto\/opcao-portatil-ac-adaptportatil-para-fujitsu-recondicionado-pt-1582\/"},"modified":"2026-02-25T09:30:20","modified_gmt":"2026-02-25T08:30:20","slug":"opcao-portatil-ac-adaptportatil-para-fujitsu-recondicionado-pt-1582","status":"publish","type":"product","link":"https:\/\/zoca.es\/pt-pt\/produto\/opcao-portatil-ac-adaptportatil-para-fujitsu-recondicionado-pt-1582\/","title":{"rendered":"Op\u00e7\u00e3o port\u00e1til pa03010-6501 | Recondicionado"},"content":{"rendered":"<p><strong>Modelo:<\/strong><br \/>PA03010-6501<br \/><strong>Caracter\u00edsticas:<\/strong><br \/>90W \/ 24V \/ 6,25A<br \/><strong>Compatibilidad:<\/strong><br \/>Para escaner FUJITSU FI-6230Z<\/p>\n","protected":false},"excerpt":{"rendered":"<p>Adaptador de Corriente para FUJITSU<\/p>\n","protected":false},"featured_media":97858,"template":"","meta":[],"product_brand":[3465],"product_cat":[2253,3084,3090],"product_tag":[],"class_list":{"0":"post-97861","1":"product","2":"type-product","3":"status-publish","4":"has-post-thumbnail","6":"product_brand-generic","7":"product_cat-laptops-pt","8":"product_cat-laptops-opcaos-pt","9":"product_cat-laptops-opcaos-carregadores-pt","11":"first","12":"outofstock","13":"taxable","14":"shipping-taxable","15":"purchasable","16":"product-type-simple"},"bundled_by":[],"bundle_stock_status":"outofstock","bundle_stock_quantity":0,"bundle_virtual":false,"bundle_layout":"","bundle_add_to_cart_form_location":"","bundle_editable_in_cart":false,"bundle_sold_individually_context":"","bundle_item_grouping":"","bundle_min_size":"","bundle_max_size":"","bundle_price":[],"bundled_items":[],"bundle_sell_ids":[],"exclude_global_add_ons":[],"addons":[],"df_price":36.3,"df_sale_price":"","df_regular_price":36.3,"df_image_link":"https:\/\/zoca.es\/wp-content\/uploads\/images\/product\/1582\/gene00101_01-300x225.jpg","_links":{"self":[{"href":"https:\/\/zoca.es\/pt-pt\/wp-json\/wp\/v2\/product\/97861","targetHints":{"allow":["GET"]}}],"collection":[{"href":"https:\/\/zoca.es\/pt-pt\/wp-json\/wp\/v2\/product"}],"about":[{"href":"https:\/\/zoca.es\/pt-pt\/wp-json\/wp\/v2\/types\/product"}],"wp:featuredmedia":[{"embeddable":true,"href":"https:\/\/zoca.es\/pt-pt\/wp-json\/wp\/v2\/media\/97858"}],"wp:attachment":[{"href":"https:\/\/zoca.es\/pt-pt\/wp-json\/wp\/v2\/media?parent=97861"}],"wp:term":[{"taxonomy":"product_brand","embeddable":true,"href":"https:\/\/zoca.es\/pt-pt\/wp-json\/wp\/v2\/product_brand?post=97861"},{"taxonomy":"product_cat","embeddable":true,"href":"https:\/\/zoca.es\/pt-pt\/wp-json\/wp\/v2\/product_cat?post=97861"},{"taxonomy":"product_tag","embeddable":true,"href":"https:\/\/zoca.es\/pt-pt\/wp-json\/wp\/v2\/product_tag?post=97861"}],"curies":[{"name":"wp","href":"https:\/\/api.w.org\/{rel}","templated":true}]}}