{"id":97849,"date":"2024-02-08T11:20:50","date_gmt":"2024-02-08T10:20:50","guid":{"rendered":"https:\/\/zoca.es\/producto\/opcao-portatil-toshiba-ac-adapter-pa3714u-recondicionado-pt-5990\/"},"modified":"2026-02-25T10:39:11","modified_gmt":"2026-02-25T09:39:11","slug":"opcao-portatil-toshiba-ac-adapter-pa3714u-recondicionado-pt-5990","status":"publish","type":"product","link":"https:\/\/zoca.es\/pt-pt\/produto\/opcao-portatil-toshiba-ac-adapter-pa3714u-recondicionado-pt-5990\/","title":{"rendered":"Op\u00e7\u00e3o port\u00e1til Toshiba AC Adapter PA3714U Recondicionado"},"content":{"rendered":"<p><strong>Modelo:<\/strong><br \/>PA3714U-ACA<br \/><strong>Compatibilidad:<\/strong><br \/>TOSHIBA Portege R835<br \/>TOSHIBA Satellite A110, C845, C850, L25, L45, L735, L750, L775<br \/>TOSHIBA Satellite Pro C850<\/p>\n","protected":false},"excerpt":{"rendered":"<p>Adaptador de Corriente para TOSHIBA<\/p>\n","protected":false},"featured_media":97846,"template":"","meta":[],"product_brand":[3444],"product_cat":[4015,4053,2253,3084,3090],"product_tag":[],"class_list":{"0":"post-97849","1":"product","2":"type-product","3":"status-publish","4":"has-post-thumbnail","6":"product_brand-toshiba","7":"product_cat-cabos-alimentacao-pt","8":"product_cat-cabos-pt","9":"product_cat-laptops-pt","10":"product_cat-laptops-opcaos-pt","11":"product_cat-laptops-opcaos-carregadores-pt","13":"first","14":"instock","15":"taxable","16":"shipping-taxable","17":"purchasable","18":"product-type-simple"},"bundled_by":[],"bundle_stock_status":"instock","bundle_stock_quantity":6,"bundle_virtual":false,"bundle_layout":"","bundle_add_to_cart_form_location":"","bundle_editable_in_cart":false,"bundle_sold_individually_context":"","bundle_item_grouping":"","bundle_min_size":"","bundle_max_size":"","bundle_price":[],"bundled_items":[],"bundle_sell_ids":[],"exclude_global_add_ons":[],"addons":[],"df_price":30.25,"df_sale_price":"","df_regular_price":30.25,"df_image_link":"https:\/\/zoca.es\/wp-content\/uploads\/images\/product\/5990\/tosh00122_01-300x225.jpg","_links":{"self":[{"href":"https:\/\/zoca.es\/pt-pt\/wp-json\/wp\/v2\/product\/97849","targetHints":{"allow":["GET"]}}],"collection":[{"href":"https:\/\/zoca.es\/pt-pt\/wp-json\/wp\/v2\/product"}],"about":[{"href":"https:\/\/zoca.es\/pt-pt\/wp-json\/wp\/v2\/types\/product"}],"wp:featuredmedia":[{"embeddable":true,"href":"https:\/\/zoca.es\/pt-pt\/wp-json\/wp\/v2\/media\/97846"}],"wp:attachment":[{"href":"https:\/\/zoca.es\/pt-pt\/wp-json\/wp\/v2\/media?parent=97849"}],"wp:term":[{"taxonomy":"product_brand","embeddable":true,"href":"https:\/\/zoca.es\/pt-pt\/wp-json\/wp\/v2\/product_brand?post=97849"},{"taxonomy":"product_cat","embeddable":true,"href":"https:\/\/zoca.es\/pt-pt\/wp-json\/wp\/v2\/product_cat?post=97849"},{"taxonomy":"product_tag","embeddable":true,"href":"https:\/\/zoca.es\/pt-pt\/wp-json\/wp\/v2\/product_tag?post=97849"}],"curies":[{"name":"wp","href":"https:\/\/api.w.org\/{rel}","templated":true}]}}