{"id":97819,"date":"2024-02-08T11:09:44","date_gmt":"2024-02-08T10:09:44","guid":{"rendered":"https:\/\/zoca.es\/producto\/opcao-portatil-pegatinas-portatil-portugues-novo-pt-6059\/"},"modified":"2026-02-25T09:29:02","modified_gmt":"2026-02-25T08:29:02","slug":"opcao-portatil-pegatinas-portatil-portugues-novo-pt-6059","status":"publish","type":"product","link":"https:\/\/zoca.es\/pt-pt\/produto\/opcao-portatil-pegatinas-portatil-portugues-novo-pt-6059\/","title":{"rendered":"Op\u00e7\u00e3o port\u00e1til Etiquetas | Novo"},"content":{"rendered":"<p><strong>Caracteristicas:<\/strong><br \/>Adesivos universales para convers&atilde;o de teclado internacional para Portugues. Compat\u00edvel com a maioria dos teclados de laptop (Lenovo, Fujitsu, HP, DELL, outras). Veja em &#8221;+ Imagens&#8221;.<br \/><strong>As especifica&ccedil;&otilde;es t\u00e9cnicas:<\/strong><br \/>48 chaves<br \/>Tamanho da chave: 13 x 11 mm.<br \/>Letras brancas em fundo preto<br \/>Alta resist&ecirc;ncia e durabilidade.<br \/>Marca: Hardware Refurbished<\/p>\n","protected":false},"excerpt":{"rendered":"<p>Adesivos universales para convers&atilde;o de teclado internacional para Portugues. Compat\u00edvel com a maioria dos teclados de laptop (Lenovo, Fujitsu, HP, DELL, outras). Veja em &#8221;+ Imagens&#8221;.<\/p>\n","protected":false},"featured_media":97816,"template":"","meta":[],"product_brand":[3465],"product_cat":[4035,2253,3084,3102],"product_tag":[],"class_list":{"0":"post-97819","1":"product","2":"type-product","3":"status-publish","4":"has-post-thumbnail","6":"product_brand-generic","7":"product_cat-perifericos-pt","8":"product_cat-laptops-pt","9":"product_cat-laptops-opcaos-pt","10":"product_cat-laptops-opcaos-adesivos-teclado-pt","12":"first","13":"instock","14":"taxable","15":"shipping-taxable","16":"purchasable","17":"product-type-simple"},"bundled_by":[],"bundle_stock_status":"instock","bundle_stock_quantity":220,"bundle_virtual":false,"bundle_layout":"","bundle_add_to_cart_form_location":"","bundle_editable_in_cart":false,"bundle_sold_individually_context":"","bundle_item_grouping":"","bundle_min_size":"","bundle_max_size":"","bundle_price":[],"bundled_items":[],"bundle_sell_ids":[],"exclude_global_add_ons":[],"addons":[],"df_price":3.63,"df_sale_price":"","df_regular_price":3.63,"df_image_link":"https:\/\/zoca.es\/wp-content\/uploads\/images\/product\/6059\/gene00213_01-300x225.jpg","_links":{"self":[{"href":"https:\/\/zoca.es\/pt-pt\/wp-json\/wp\/v2\/product\/97819","targetHints":{"allow":["GET"]}}],"collection":[{"href":"https:\/\/zoca.es\/pt-pt\/wp-json\/wp\/v2\/product"}],"about":[{"href":"https:\/\/zoca.es\/pt-pt\/wp-json\/wp\/v2\/types\/product"}],"wp:featuredmedia":[{"embeddable":true,"href":"https:\/\/zoca.es\/pt-pt\/wp-json\/wp\/v2\/media\/97816"}],"wp:attachment":[{"href":"https:\/\/zoca.es\/pt-pt\/wp-json\/wp\/v2\/media?parent=97819"}],"wp:term":[{"taxonomy":"product_brand","embeddable":true,"href":"https:\/\/zoca.es\/pt-pt\/wp-json\/wp\/v2\/product_brand?post=97819"},{"taxonomy":"product_cat","embeddable":true,"href":"https:\/\/zoca.es\/pt-pt\/wp-json\/wp\/v2\/product_cat?post=97819"},{"taxonomy":"product_tag","embeddable":true,"href":"https:\/\/zoca.es\/pt-pt\/wp-json\/wp\/v2\/product_tag?post=97819"}],"curies":[{"name":"wp","href":"https:\/\/api.w.org\/{rel}","templated":true}]}}