{"id":97807,"date":"2024-02-08T11:07:33","date_gmt":"2024-02-08T10:07:33","guid":{"rendered":"https:\/\/zoca.es\/producto\/opcao-portatil-for-hpdell-spanish-keyboard-novo-pt-6099\/"},"modified":"2024-02-21T15:27:10","modified_gmt":"2024-02-21T14:27:10","slug":"opcao-portatil-for-hpdell-spanish-keyboard-novo-pt-6099","status":"publish","type":"product","link":"https:\/\/zoca.es\/pt-pt\/produto\/opcao-portatil-for-hpdell-spanish-keyboard-novo-pt-6099\/","title":{"rendered":"Op\u00e7\u00e3o port\u00e1til  For HP\/DELL Spanish Keyboard | Novo"},"content":{"rendered":"<p><strong>Caracteristicas:<\/strong><br \/>Adesivos universais para convers&atilde;o de teclado internacional para espanhol. Design de etiqueta espec\u00edfico para a maioria dos teclados de laptop HP e DELL. Veja em &#8221;+ Imagens&#8221;.<br \/><strong>As especifica&ccedil;&otilde;es t\u00e9cnicas:<\/strong><br \/>48 chaves<br \/>Tamanho da chave: 13 x 13 mm.<br \/>Letras brancas em fundo preto<br \/>Alta resist&ecirc;ncia e durabilidade.<br \/>Marca: Hardware Refurbishee<\/p>\n","protected":false},"excerpt":{"rendered":"<p>Adesivos universais para convers&atilde;o de teclado internacional para espanhol. Design de etiqueta espec\u00edfico para a maioria dos teclados de laptop HP e DELL. Veja em &#8221;+ Imagens&#8221;.<\/p>\n","protected":false},"featured_media":97804,"template":"","meta":[],"product_brand":[3465],"product_cat":[2253,3084,3102],"product_tag":[],"class_list":{"0":"post-97807","1":"product","2":"type-product","3":"status-publish","4":"has-post-thumbnail","6":"product_brand-generic","7":"product_cat-laptops-pt","8":"product_cat-laptops-opcaos-pt","9":"product_cat-laptops-opcaos-adesivos-teclado-pt","11":"first","12":"outofstock","13":"taxable","14":"shipping-taxable","15":"purchasable","16":"product-type-simple"},"bundled_by":[],"bundle_stock_status":"outofstock","bundle_stock_quantity":-2,"bundle_virtual":false,"bundle_layout":"","bundle_add_to_cart_form_location":"","bundle_editable_in_cart":false,"bundle_sold_individually_context":"","bundle_item_grouping":"","bundle_min_size":"","bundle_max_size":"","bundle_price":[],"bundled_items":[],"bundle_sell_ids":[],"exclude_global_add_ons":[],"addons":[],"df_price":6.05,"df_sale_price":"","df_regular_price":6.05,"df_image_link":"https:\/\/zoca.es\/wp-content\/uploads\/images\/product\/6099\/gene00233_01-300x225.jpg","_links":{"self":[{"href":"https:\/\/zoca.es\/pt-pt\/wp-json\/wp\/v2\/product\/97807","targetHints":{"allow":["GET"]}}],"collection":[{"href":"https:\/\/zoca.es\/pt-pt\/wp-json\/wp\/v2\/product"}],"about":[{"href":"https:\/\/zoca.es\/pt-pt\/wp-json\/wp\/v2\/types\/product"}],"wp:featuredmedia":[{"embeddable":true,"href":"https:\/\/zoca.es\/pt-pt\/wp-json\/wp\/v2\/media\/97804"}],"wp:attachment":[{"href":"https:\/\/zoca.es\/pt-pt\/wp-json\/wp\/v2\/media?parent=97807"}],"wp:term":[{"taxonomy":"product_brand","embeddable":true,"href":"https:\/\/zoca.es\/pt-pt\/wp-json\/wp\/v2\/product_brand?post=97807"},{"taxonomy":"product_cat","embeddable":true,"href":"https:\/\/zoca.es\/pt-pt\/wp-json\/wp\/v2\/product_cat?post=97807"},{"taxonomy":"product_tag","embeddable":true,"href":"https:\/\/zoca.es\/pt-pt\/wp-json\/wp\/v2\/product_tag?post=97807"}],"curies":[{"name":"wp","href":"https:\/\/api.w.org\/{rel}","templated":true}]}}