{"id":97795,"date":"2024-02-08T11:03:23","date_gmt":"2024-02-08T10:03:23","guid":{"rendered":"https:\/\/zoca.es\/producto\/opcao-portatil-microsoft-surface-dockin-station-recondicionado-pt-6070\/"},"modified":"2026-02-25T09:28:45","modified_gmt":"2026-02-25T08:28:45","slug":"opcao-portatil-microsoft-surface-dockin-station-recondicionado-pt-6070","status":"publish","type":"product","link":"https:\/\/zoca.es\/pt-pt\/produto\/opcao-portatil-microsoft-surface-dockin-station-recondicionado-pt-6070\/","title":{"rendered":"Op\u00e7\u00e3o port\u00e1til Microsoft Surface Dockin Station | Recondicionado"},"content":{"rendered":"<p>2xUSB 3.0, 2xUSB 2.0, 1xMini DisplayPort, 1xGigabit Ethernet, 1xLine-In, 1xLine-Out<br \/><strong>Otros:<\/strong><br \/><u>Adaptador de Corriente Incluido<\/u><\/p>\n","protected":false},"excerpt":{"rendered":"<p>Compatible con MICROSOFT Surface 3 &#8211; <u>Adaptador de corriente Incluido<\/u><\/p>\n","protected":false},"featured_media":97792,"template":"","meta":[],"product_brand":[3456],"product_cat":[2304,2301],"product_tag":[],"class_list":{"0":"post-97795","1":"product","2":"type-product","3":"status-publish","4":"has-post-thumbnail","6":"product_brand-microsoft","7":"product_cat-tablets-opcaos-pt","8":"product_cat-tablets-pt","10":"first","11":"instock","12":"taxable","13":"shipping-taxable","14":"purchasable","15":"product-type-simple"},"bundled_by":[],"bundle_stock_status":"instock","bundle_stock_quantity":8,"bundle_virtual":false,"bundle_layout":"","bundle_add_to_cart_form_location":"","bundle_editable_in_cart":false,"bundle_sold_individually_context":"","bundle_item_grouping":"","bundle_min_size":"","bundle_max_size":"","bundle_price":[],"bundled_items":[],"bundle_sell_ids":[],"exclude_global_add_ons":[],"addons":[],"df_price":108.9,"df_sale_price":"","df_regular_price":108.9,"df_image_link":"https:\/\/zoca.es\/wp-content\/uploads\/images\/product\/6070\/ms00037_01-300x225.jpg","_links":{"self":[{"href":"https:\/\/zoca.es\/pt-pt\/wp-json\/wp\/v2\/product\/97795","targetHints":{"allow":["GET"]}}],"collection":[{"href":"https:\/\/zoca.es\/pt-pt\/wp-json\/wp\/v2\/product"}],"about":[{"href":"https:\/\/zoca.es\/pt-pt\/wp-json\/wp\/v2\/types\/product"}],"wp:featuredmedia":[{"embeddable":true,"href":"https:\/\/zoca.es\/pt-pt\/wp-json\/wp\/v2\/media\/97792"}],"wp:attachment":[{"href":"https:\/\/zoca.es\/pt-pt\/wp-json\/wp\/v2\/media?parent=97795"}],"wp:term":[{"taxonomy":"product_brand","embeddable":true,"href":"https:\/\/zoca.es\/pt-pt\/wp-json\/wp\/v2\/product_brand?post=97795"},{"taxonomy":"product_cat","embeddable":true,"href":"https:\/\/zoca.es\/pt-pt\/wp-json\/wp\/v2\/product_cat?post=97795"},{"taxonomy":"product_tag","embeddable":true,"href":"https:\/\/zoca.es\/pt-pt\/wp-json\/wp\/v2\/product_tag?post=97795"}],"curies":[{"name":"wp","href":"https:\/\/api.w.org\/{rel}","templated":true}]}}