{"id":96762,"date":"2024-01-24T10:34:05","date_gmt":"2024-01-24T09:34:05","guid":{"rendered":"https:\/\/zoca.es\/producto\/microsoft-surface-pro-7-123-recondicionado-core-i5-11ghz-8-gb-ram-256-gb-ssd-m2-2736x1824-pt-11687\/"},"modified":"2026-04-09T16:02:29","modified_gmt":"2026-04-09T15:02:29","slug":"microsoft-surface-pro-7-123-recondicionado-core-i5-11ghz-8-gb-ram-256-gb-ssd-m2-2736x1824-pt-11687","status":"publish","type":"product","link":"https:\/\/zoca.es\/pt-pt\/produto\/microsoft-surface-pro-7-123-recondicionado-core-i5-11ghz-8-gb-ram-256-gb-ssd-m2-2736x1824-pt-11687\/","title":{"rendered":"Microsoft Surface Pro 7 Kit | Recondicionado"},"content":{"rendered":"<p><strong>Processador<\/strong><br \/>Intel Core i5 1035G4 1.1 GHz.<br \/><strong>Mem\u00f3ria RAM<\/strong><br \/>8 Gb. SO-DDR3 RAM<br \/><strong>Disco r\u00edgido<\/strong><br \/>256 Gb. SSD M2<br \/><strong>Cart\u00f5es<\/strong><br \/>Placa gr\u00e1fica: Intel Iris Plus Graphics<br \/>Som: High Definition Audio\/Dolby Audio<br \/><strong>Sistema operativo<\/strong><br \/>Windows 10 Pro<br \/><strong>Portos<\/strong><br \/>1x USB 3.0<br \/>1x USB-C<br \/><strong>Tela<\/strong><br \/>T\u00e1til 12.3 &#8221; 2K 16:9 \u00b7 Resolu\u00e7\u00e3o 2736&#215;1824<br \/><strong>Multim\u00eddia<\/strong><br \/>Webcam<br \/>C\u00e2mera traseira<br \/>C\u00e2mera frontal<br \/><strong>Conectividade<\/strong><br \/>WIFI<br \/>Bluetooth<br \/><strong>Dimens\u00f5es<\/strong><br \/>29.2&#215;20.5&#215;1.5 cm.<br \/><strong>Peso<\/strong><br \/>0.80 Kg.<br \/><strong>Coment\u00e1rios<\/strong><br \/><u>Teclado espanhol Microsoft Surface Pro<\/u><br \/><strong>Especifica\u00e7\u00f5es adicionais<\/strong><br \/>Seu processador i5, 8 GB de RAM, disco SSD M.2 de 256 GB e Windows 10 Pro tamb\u00e9m permitem conect\u00e1-lo a um monitor externo e teclados e ser utilizado como computador desktop, convertendo-o assim em duas solu\u00e7\u00f5es, uma fixa e outra um celular. Procure em \u201c+ Fotos\u201d e caso tenha alguma d\u00favida ligue ou utilize nosso chat para mais informa\u00e7\u00f5es ou para solicitar mais detalhes.<\/p>\n","protected":false},"excerpt":{"rendered":"<p>Intel Core i5 1035G4 1.1 GHz. \u00b7 8 Gb. SO-DDR3 RAM \u00b7 256 Gb. SSD M2 \u00b7<br \/>\nWindows 10 Pro \u00b7 T\u00e1til 12.3 &#8221; <strong>2K 16:9 \u00b7 Resolu\u00e7\u00e3o 2736&#215;1824<\/strong> \u00b7 <u>Teclado espanhol Microsoft Surface Pro<\/u><\/p>\n","protected":false},"featured_media":96732,"template":"","meta":[],"product_brand":[3456],"product_cat":[3185,2301],"product_tag":[],"class_list":{"0":"post-96762","1":"product","2":"type-product","3":"status-publish","4":"has-post-thumbnail","6":"product_brand-microsoft","7":"product_cat-tablets-surface-pt","8":"product_cat-tablets-pt","10":"first","11":"outofstock","12":"taxable","13":"shipping-taxable","14":"purchasable","15":"product-type-simple"},"bundled_by":[],"bundle_stock_status":"outofstock","bundle_stock_quantity":0,"bundle_virtual":false,"bundle_layout":"","bundle_add_to_cart_form_location":"","bundle_editable_in_cart":false,"bundle_sold_individually_context":"","bundle_item_grouping":"","bundle_min_size":"","bundle_max_size":"","bundle_price":[],"bundled_items":[],"bundle_sell_ids":[],"exclude_global_add_ons":true,"addons":{"keyboard-iso-upgrades":{"name":"Selecione idioma teclado","type":"multiple_choice","position":0,"required":false,"title_format":"heading","default":"","description_enable":false,"description":"","placeholder_enable":false,"placeholder":"","display":"radiobutton","restrictions_type":"any_text","adjust_price":false,"price":"","price_type":"quantity_based","restrictions":false,"min":"0","max":"0","options":[{"label":"Pegatinas Franc\u00e9s [AMP00084]","price":"0.0000","price_type":"quantity_based","image":0,"visibility":true},{"label":"Pegatinas Portugues [AMP00083]","price":"0.0000","price_type":"quantity_based","image":0,"visibility":true}]},"os-upgrades":{"name":"Extens\u00e3o OS","type":"multiple_choice","position":0,"required":false,"title_format":"heading","default":"","description_enable":false,"description":"","placeholder_enable":false,"placeholder":"","display":"radiobutton","restrictions_type":"any_text","adjust_price":false,"price":"","price_type":"quantity_based","restrictions":false,"min":"0","max":"0","options":[{"label":"Alterar idioma para franc\u00eas [AMP00125]","price":"0.0000","price_type":"quantity_based","image":0,"visibility":true},{"label":"Alterar idioma para ingl\u00eas [AMP00008]","price":"0.0000","price_type":"quantity_based","image":0,"visibility":true},{"label":"Alterar idioma para o portugu\u00eas [AMP00009]","price":"0.0000","price_type":"quantity_based","image":0,"visibility":true},{"label":"MAR Windows 11 PRO [AMP00145]","price":"30.0000","price_type":"quantity_based","image":0,"visibility":true}]}},"df_price":554.18,"df_sale_price":"","df_regular_price":554.18,"df_image_link":"https:\/\/zoca.es\/wp-content\/uploads\/images\/product\/11687\/ms00125_01-300x225.jpg","_links":{"self":[{"href":"https:\/\/zoca.es\/pt-pt\/wp-json\/wp\/v2\/product\/96762","targetHints":{"allow":["GET"]}}],"collection":[{"href":"https:\/\/zoca.es\/pt-pt\/wp-json\/wp\/v2\/product"}],"about":[{"href":"https:\/\/zoca.es\/pt-pt\/wp-json\/wp\/v2\/types\/product"}],"wp:featuredmedia":[{"embeddable":true,"href":"https:\/\/zoca.es\/pt-pt\/wp-json\/wp\/v2\/media\/96732"}],"wp:attachment":[{"href":"https:\/\/zoca.es\/pt-pt\/wp-json\/wp\/v2\/media?parent=96762"}],"wp:term":[{"taxonomy":"product_brand","embeddable":true,"href":"https:\/\/zoca.es\/pt-pt\/wp-json\/wp\/v2\/product_brand?post=96762"},{"taxonomy":"product_cat","embeddable":true,"href":"https:\/\/zoca.es\/pt-pt\/wp-json\/wp\/v2\/product_cat?post=96762"},{"taxonomy":"product_tag","embeddable":true,"href":"https:\/\/zoca.es\/pt-pt\/wp-json\/wp\/v2\/product_tag?post=96762"}],"curies":[{"name":"wp","href":"https:\/\/api.w.org\/{rel}","templated":true}]}}