{"id":90346,"date":"2023-10-04T11:49:13","date_gmt":"2023-10-04T10:49:13","guid":{"rendered":"https:\/\/zoca.es\/producto\/impressora-pos-termica-epson-tm-t88v-usb-paralelo-recondicionado-pt-8451\/"},"modified":"2026-04-27T12:17:51","modified_gmt":"2026-04-27T11:17:51","slug":"impressora-pos-termica-epson-tm-t88v-usb-paralelo-recondicionado-pt-8451","status":"publish","type":"product","link":"https:\/\/zoca.es\/pt-pt\/produto\/impressora-pos-termica-epson-tm-t88v-usb-paralelo-recondicionado-pt-8451\/","title":{"rendered":"Impressora POS T\u00e9rmica Epson TM-T88V USB\/PARALELO | Recondicionado"},"content":{"rendered":"<p><strong>Tecnologia<\/strong><br \/>T\u00e9rmica<br \/><strong>C\u00f3pias<\/strong><br \/>Velocidade de impress\u00e3o 300 mm\/s<br \/>Caracteres por polegada 20<br \/><strong>Manuseio de papel<\/strong><br \/>Largura do papel 83mm<br \/>Corte autom\u00e1tico<br \/><strong>Conectividade impressora<\/strong><br \/>Paralelo, USB, Abertura gaveta<br \/><strong>Outros<\/strong><br \/>hR embalagens<br \/><strong>Dimens\u00f5es<\/strong><br \/>19&#215;14.5&#215;15 cm.<br \/><strong>Peso<\/strong><br \/>1.50 Kg.<br \/><strong>Especifica\u00e7\u00f5es adicionais<\/strong><br \/>A Epson TM-T88V \u00e9 uma impressora t\u00e9rmica profissional projetada para ambientes de POS onde cada segundo conta. Pensada para com\u00e9rcio, restaura\u00e7\u00e3o e neg\u00f3cios com elevado volume de tickets, combina rapidez, precis\u00e3o e uma fiabilidade comprovada que garante funcionamento cont\u00ednuo sem interrup\u00e7\u00f5es. O seu design compacto em preto adapta-se perfeitamente a qualquer balc\u00e3o, proporcionando uma imagem moderna e profissional.<br \/>Equipada com uma velocidade de impress\u00e3o de at\u00e9 300 mm\/s, permite agilizar o fluxo de trabalho em momentos de maior procura, reduzindo filas e melhorando a experi\u00eancia do cliente. O seu sistema de impress\u00e3o t\u00e9rmica elimina a necessidade de consum\u00edveis como tinta, reduzindo custos operacionais e de manuten\u00e7\u00e3o. Suporta papel at\u00e9 83 mm de largura, oferecendo tal\u00f5es claros e bem estruturados, e inclui corte autom\u00e1tico para um acabamento limpo e profissional em cada impress\u00e3o. Al\u00e9m disso, incorpora conectividade USB e paralela, bem como abertura de gaveta de dinheiro, facilitando a integra\u00e7\u00e3o em qualquer sistema de ponto de venda.<br \/>Em resumo, esta impressora de tal\u00f5es Epson \u00e9 uma escolha segura para quem procura uma solu\u00e7\u00e3o POS r\u00e1pida, eficiente e rent\u00e1vel a longo prazo. Ideal como impressora t\u00e9rmica para com\u00e9rcio ou restaura\u00e7\u00e3o, destaca-se pela sua durabilidade, baixo custo de utiliza\u00e7\u00e3o e excelente desempenho di\u00e1rio, tornando-se uma solu\u00e7\u00e3o chave para otimizar a gest\u00e3o de qualquer neg\u00f3cio.<br \/>Bom estado exterior. Veja em \u201c+ Fotos\u201d e, se tiver alguma d\u00favida, ligue-nos ou utilize o nosso chat para obter mais informa\u00e7\u00f5es ou solicitar mais detalhes.<\/p>\n","protected":false},"excerpt":{"rendered":"<p>T\u00e9rmica \u00b7 Largura do papel 83mm \u00b7 Corte autom\u00e1tico \u00b7 Velocidade de impress\u00e3o 300 mm\/s \u00b7 Caracteres por polegada 20 \u00b7 Paralelo, USB, Abertura gaveta \u00b7 Caixa cor preto<\/p>\n","protected":false},"featured_media":90331,"template":"","meta":[],"product_brand":[3472],"product_cat":[61,2362,3117,2389],"product_tag":[],"class_list":{"0":"post-90346","1":"product","2":"type-product","3":"status-publish","4":"has-post-thumbnail","6":"product_brand-epson","7":"product_cat-pos-pt","8":"product_cat-impressoras-pt","9":"product_cat-pos-impressoras-pt","10":"product_cat-impressoras-pos-pt","12":"first","13":"instock","14":"taxable","15":"shipping-taxable","16":"purchasable","17":"product-type-simple"},"bundled_by":[],"bundle_stock_status":"instock","bundle_stock_quantity":40,"bundle_virtual":false,"bundle_layout":"","bundle_add_to_cart_form_location":"","bundle_editable_in_cart":false,"bundle_sold_individually_context":"","bundle_item_grouping":"","bundle_min_size":"","bundle_max_size":"","bundle_price":[],"bundled_items":[],"bundle_sell_ids":[],"exclude_global_add_ons":[],"addons":[],"df_price":108.9,"df_sale_price":"","df_regular_price":108.9,"df_image_link":"https:\/\/zoca.es\/wp-content\/uploads\/images\/product\/8451\/epso00031_01-300x225.jpg","_links":{"self":[{"href":"https:\/\/zoca.es\/pt-pt\/wp-json\/wp\/v2\/product\/90346","targetHints":{"allow":["GET"]}}],"collection":[{"href":"https:\/\/zoca.es\/pt-pt\/wp-json\/wp\/v2\/product"}],"about":[{"href":"https:\/\/zoca.es\/pt-pt\/wp-json\/wp\/v2\/types\/product"}],"wp:featuredmedia":[{"embeddable":true,"href":"https:\/\/zoca.es\/pt-pt\/wp-json\/wp\/v2\/media\/90331"}],"wp:attachment":[{"href":"https:\/\/zoca.es\/pt-pt\/wp-json\/wp\/v2\/media?parent=90346"}],"wp:term":[{"taxonomy":"product_brand","embeddable":true,"href":"https:\/\/zoca.es\/pt-pt\/wp-json\/wp\/v2\/product_brand?post=90346"},{"taxonomy":"product_cat","embeddable":true,"href":"https:\/\/zoca.es\/pt-pt\/wp-json\/wp\/v2\/product_cat?post=90346"},{"taxonomy":"product_tag","embeddable":true,"href":"https:\/\/zoca.es\/pt-pt\/wp-json\/wp\/v2\/product_tag?post=90346"}],"curies":[{"name":"wp","href":"https:\/\/api.w.org\/{rel}","templated":true}]}}