{"id":88263,"date":"2023-08-11T09:09:23","date_gmt":"2023-08-11T08:09:23","guid":{"rendered":"https:\/\/zoca.es\/producto\/ncr-realpos-7446-3131-8801-recondicionado-celeron-2ghz-2-gb-ram-80-gb-hdd-usdt-pt-11061\/"},"modified":"2026-02-25T10:43:31","modified_gmt":"2026-02-25T09:43:31","slug":"ncr-realpos-7446-3131-8801-recondicionado-celeron-2ghz-2-gb-ram-80-gb-hdd-usdt-pt-11061","status":"publish","type":"product","link":"https:\/\/zoca.es\/pt-pt\/produto\/ncr-realpos-7446-3131-8801-recondicionado-celeron-2ghz-2-gb-ram-80-gb-hdd-usdt-pt-11061\/","title":{"rendered":"NCR RealPos 7446-3131-8801 USDT | Recondicionado | Celeron 2GHz | 2 GB RAM | 80 GB HDD"},"content":{"rendered":"<p><strong>Processador<\/strong><br \/>Intel Celeron 2 GHz.<br \/><strong>Fator de forma<\/strong><br \/>USDT<br \/><strong>Mem\u00f3ria RAM<\/strong><br \/>2 Gb. DDR RAM<br \/><strong>Disco r\u00edgido<\/strong><br \/>80 Gb. IDE<br \/><strong>Cart\u00f5es<\/strong><br \/>Placa gr\u00e1fica: Intel 82845G\/GL<br \/><strong>Sistema operativo<\/strong><br \/>&#8211; Sem sistema operativo &#8211;<br \/><strong>Portos<\/strong><br \/>3x S\u00e9rie<br \/>4x USB 2.0<br \/>2x PS2<br \/><strong>Portas de v\u00eddeo<\/strong><br \/>VGA<br \/><strong>Conectividade<\/strong><br \/>RJ-45<br \/><strong>Outros<\/strong><br \/>hR embalagens<br \/><strong>Dimens\u00f5es<\/strong><br \/>34x24x7.5 cm.<br \/><strong>Peso<\/strong><br \/>4.00 Kg.<br \/><strong>Especifica\u00e7\u00f5es adicionais<\/strong><br \/>Boa apar\u00eancia externa. Pode apresentar ligeiros sinais de uso na caixa. Veja em &#8220;+ Fotos&#8221; e &#8220;V\u00eddeo&#8221; e se tiver alguma d\u00favida nos ligue ou use nosso chat para ampliar as informa\u00e7\u00f5es ou solicitar mais detalhes.<\/p>\n<p><strong>Coment\u00e1rios<\/strong><br \/><u>1xUSB alimentado 12V &#8211; 1xUSB alimentado 24V &#8211; 1xPorta Gaveta de Dinheiro<\/u><\/p>\n","protected":false},"excerpt":{"rendered":"<p>Intel Celeron 2 GHz. \u00b7 2 Gb. DDR RAM \u00b7 80 Gb. IDE \u00b7 &#8211; Sem sistema operativo &#8211; \u00b7 <u>1xUSB alimentado 12V &#8211; 1xUSB alimentado 24V &#8211; 1xPorta Gaveta de Dinheiro<\/u><\/p>\n","protected":false},"featured_media":88242,"template":"","meta":[],"product_brand":[3448],"product_cat":[3123,2218],"product_tag":[3289,3292],"class_list":{"0":"post-88263","1":"product","2":"type-product","3":"status-publish","4":"has-post-thumbnail","6":"product_brand-ncr","7":"product_cat-computadores-computadores-pt","8":"product_cat-computadores-pt","9":"product_tag-black-15","10":"product_tag-oferta-permanente","12":"first","13":"instock","14":"taxable","15":"shipping-taxable","16":"purchasable","17":"product-type-simple"},"bundled_by":[],"bundle_stock_status":"instock","bundle_stock_quantity":12,"bundle_virtual":false,"bundle_layout":"","bundle_add_to_cart_form_location":"","bundle_editable_in_cart":false,"bundle_sold_individually_context":"","bundle_item_grouping":"","bundle_min_size":"","bundle_max_size":"","bundle_price":[],"bundled_items":[],"bundle_sell_ids":[],"exclude_global_add_ons":true,"addons":{"webcam-upgrades":{"name":"Extens\u00e3o Webcam","type":"multiple_choice","position":0,"required":false,"title_format":"heading","default":"","description_enable":false,"description":"","placeholder_enable":false,"placeholder":"","display":"radiobutton","restrictions_type":"any_text","adjust_price":false,"price":"","price_type":"quantity_based","restrictions":false,"min":"0","max":"0","options":[{"label":"Conceptronic AMDIS FullHD [AMP00085]","price":"29.0000","price_type":"quantity_based","image":0,"visibility":true}]},"keyboard-upgrades":{"name":"Extens\u00e3o teclado","type":"multiple_choice","position":0,"required":false,"title_format":"heading","default":"","description_enable":false,"description":"","placeholder_enable":false,"placeholder":"","display":"radiobutton","restrictions_type":"any_text","adjust_price":false,"price":"","price_type":"quantity_based","restrictions":false,"min":"0","max":"0","options":[{"label":"Teclado e Mouse [AMP00020]","price":"8.0000","price_type":"quantity_based","image":0,"visibility":true},{"label":"Teclado e Mouse Portugu\u00e9s Nuevo [AMP00088]","price":"15.0000","price_type":"quantity_based","image":0,"visibility":true},{"label":"Teclado e mouse USB em espanhol (Novo) [AMP00068]","price":"12.0000","price_type":"quantity_based","image":0,"visibility":true}]}},"df_price":48.4,"df_sale_price":"","df_regular_price":48.4,"df_image_link":"https:\/\/zoca.es\/wp-content\/uploads\/images\/product\/11061\/ncr00003_01-300x225.jpg","_links":{"self":[{"href":"https:\/\/zoca.es\/pt-pt\/wp-json\/wp\/v2\/product\/88263","targetHints":{"allow":["GET"]}}],"collection":[{"href":"https:\/\/zoca.es\/pt-pt\/wp-json\/wp\/v2\/product"}],"about":[{"href":"https:\/\/zoca.es\/pt-pt\/wp-json\/wp\/v2\/types\/product"}],"wp:featuredmedia":[{"embeddable":true,"href":"https:\/\/zoca.es\/pt-pt\/wp-json\/wp\/v2\/media\/88242"}],"wp:attachment":[{"href":"https:\/\/zoca.es\/pt-pt\/wp-json\/wp\/v2\/media?parent=88263"}],"wp:term":[{"taxonomy":"product_brand","embeddable":true,"href":"https:\/\/zoca.es\/pt-pt\/wp-json\/wp\/v2\/product_brand?post=88263"},{"taxonomy":"product_cat","embeddable":true,"href":"https:\/\/zoca.es\/pt-pt\/wp-json\/wp\/v2\/product_cat?post=88263"},{"taxonomy":"product_tag","embeddable":true,"href":"https:\/\/zoca.es\/pt-pt\/wp-json\/wp\/v2\/product_tag?post=88263"}],"curies":[{"name":"wp","href":"https:\/\/api.w.org\/{rel}","templated":true}]}}