{"id":88110,"date":"2023-08-10T09:45:31","date_gmt":"2023-08-10T08:45:31","guid":{"rendered":"https:\/\/zoca.es\/producto\/hp-z2-g4-workstation-recondicionado-core-i7-37ghz-64-gb-ram-1024-gb-ssd-m2-torre-pt-11082\/"},"modified":"2026-03-04T11:31:53","modified_gmt":"2026-03-04T10:31:53","slug":"hp-z2-g4-workstation-recondicionado-core-i7-37ghz-64-gb-ram-1024-gb-ssd-m2-torre-pt-11082","status":"publish","type":"product","link":"https:\/\/zoca.es\/pt-pt\/produto\/hp-z2-g4-workstation-recondicionado-core-i7-37ghz-64-gb-ram-1024-gb-ssd-m2-torre-pt-11082\/","title":{"rendered":"HP Z2 G4 Workstation Torre | Recondicionado | Core i7 3.7GHz | 64 GB RAM | 1024 GB SSD M2"},"content":{"rendered":"<p><strong>Processador<\/strong><br \/>Intel Core i7 8700K 3.7 GHz. [TPM 2.0]<br \/><strong>Fator de forma<\/strong><br \/>Torre<br \/><strong>Mem\u00f3ria RAM<\/strong><br \/>64 Gb. DDR4 ECC RAM<br \/><strong>Disco r\u00edgido<\/strong><br \/>1.00 Tb. SSD M2<br \/><strong>Cart\u00f5es<\/strong><br \/>Placa gr\u00e1fica: nVidia Quadro RTX 4000 8 GB GDDR6<br \/>Som: HD Audio<br \/>Network: Intel I219-LM<br \/><strong>Sistema operativo<\/strong><br \/>Windows 11 Pro<br \/><strong>Portos<\/strong><br \/>2x USB 2.0<br \/>6x USB 3.0<br \/>USB-C<br \/><strong>Portas de v\u00eddeo<\/strong><br \/>3x Display Port<br \/><strong>Conectividade<\/strong><br \/>RJ-45<br \/><strong>Outros<\/strong><br \/>hR embalagens<br \/><strong>Dimens\u00f5es<\/strong><br \/>35.5x17x43.5 cm.<br \/><strong>Peso<\/strong><br \/>8.30 Kg.<br \/><strong>Especifica\u00e7\u00f5es adicionais<\/strong><br \/>Esta\u00e7\u00e3o gr\u00e1fica de alto desempenho com processador i7 de 8\u00aa gera\u00e7\u00e3o, 64 GB de mem\u00f3ria DDR4, SSD M.2 e placa gr\u00e1fica nVidia Quadro RTX 4000 com 8 GB de mem\u00f3ria de v\u00eddeo GDDR6. Ideal para jogos, aplica\u00e7\u00f5es m\u00e9dicas, de design ou CAD, que exigem grandes capacidades de processamento e gr\u00e1ficos. Procure em \u201c+ Fotos\u201d e \u201cV\u00eddeo\u201d e caso tenha alguma d\u00favida, ligue-nos ou utilize nosso chat para mais informa\u00e7\u00f5es ou para solicitar mais detalhes.<\/p>\n<p><strong>Coment\u00e1rios<\/strong><br \/><u>nVidia Quadro RTX 4000 8GB GDDR6 &#8211; 2xM.2 2280 para armazenamento (1 ocupado) &#8211; 2xPCIe X16 (1 ocupado) \/ 2xPCIe X4<\/u><\/p>\n","protected":false},"excerpt":{"rendered":"<p>Intel Core i7 8700K 3.7 GHz. [TPM 2.0] \u00b7 64 Gb. DDR4 ECC RAM \u00b7 1.00 Tb. SSD M2 \u00b7 Windows 11 Pro \u00b7 <u>nVidia Quadro RTX 4000 8GB GDDR6 &#8211; 2xM.2 2280 para armazenamento (1 ocupado) &#8211; 2xPCIe X16 (1 ocupado) \/ 2xPCIe X4<\/u><\/p>\n","protected":false},"featured_media":88089,"template":"","meta":[],"product_brand":[3453],"product_cat":[2218,2221],"product_tag":[],"class_list":{"0":"post-88110","1":"product","2":"type-product","3":"status-publish","4":"has-post-thumbnail","6":"product_brand-hp","7":"product_cat-computadores-pt","8":"product_cat-computadores-workstations-pt","10":"first","11":"instock","12":"taxable","13":"shipping-taxable","14":"purchasable","15":"product-type-simple"},"bundled_by":[],"bundle_stock_status":"instock","bundle_stock_quantity":8,"bundle_virtual":false,"bundle_layout":"","bundle_add_to_cart_form_location":"","bundle_editable_in_cart":false,"bundle_sold_individually_context":"","bundle_item_grouping":"","bundle_min_size":"","bundle_max_size":"","bundle_price":[],"bundled_items":[],"bundle_sell_ids":[],"exclude_global_add_ons":true,"addons":{"webcam-upgrades":{"name":"Extens\u00e3o Webcam","type":"multiple_choice","position":0,"required":false,"title_format":"heading","default":"","description_enable":false,"description":"","placeholder_enable":false,"placeholder":"","display":"radiobutton","restrictions_type":"any_text","adjust_price":false,"price":"","price_type":"quantity_based","restrictions":false,"min":"0","max":"0","options":[{"label":"Conceptronic AMDIS FullHD [AMP00085]","price":"29.0000","price_type":"quantity_based","image":0,"visibility":true}]},"hdd-upgrades":{"name":"Extens\u00e3o disco r\u00edgido","type":"multiple_choice","position":0,"required":false,"title_format":"heading","default":"","description_enable":false,"description":"","placeholder_enable":false,"placeholder":"","display":"radiobutton","restrictions_type":"any_text","adjust_price":false,"price":"","price_type":"quantity_based","restrictions":false,"min":"0","max":"0","options":[{"label":"Disco SSD de 1 TB. M.2 2280 PCIe Adicional [AMP00109]","price":170,"price_type":"quantity_based","image":0,"visibility":true},{"label":"Disco SSD 120 Gb. adicional (S.O.) [AMP00030]","price":"25.0000","price_type":"quantity_based","image":0,"visibility":true},{"label":"Disco SSD 240 Gb. adicional (S.O.) [AMP00031]","price":"35.0000","price_type":"quantity_based","image":0,"visibility":true},{"label":"Disco SSD 480 Gb. adicional (S.O.) [AMP00032]","price":"64.0000","price_type":"quantity_based","image":0,"visibility":true},{"label":"SSD adicional de 500 Gb. M.2 2280 PCIe [AMP00108]","price":115,"price_type":"quantity_based","image":0,"visibility":true}]},"network-card-upgrades":{"name":"Extens\u00e3o WIFI","type":"multiple_choice","position":0,"required":false,"title_format":"heading","default":"","description_enable":false,"description":"","placeholder_enable":false,"placeholder":"","display":"radiobutton","restrictions_type":"any_text","adjust_price":false,"price":"","price_type":"quantity_based","restrictions":false,"min":"0","max":"0","options":[{"label":"Ampliaci\u00f3n a Tarj. Wi-Fi PCI [AMP00017]","price":"15.0000","price_type":"quantity_based","image":0,"visibility":true},{"label":"Ampliaci\u00f3n a Wireless nano USB [AMP00018]","price":"12.0000","price_type":"quantity_based","image":0,"visibility":true}]},"warranty-upgrades":{"name":"Extens\u00e3o garant\u00eda","type":"multiple_choice","position":0,"required":false,"title_format":"heading","default":"","description_enable":false,"description":"","placeholder_enable":false,"placeholder":"","display":"radiobutton","restrictions_type":"any_text","adjust_price":false,"price":"","price_type":"quantity_based","restrictions":false,"min":"0","max":"0","options":[{"label":"Extensi\u00f3n de Garantia a 2 a\u00f1os [AMP00112]","price":"100.0000","price_type":"quantity_based","image":0,"visibility":true}]},"os-upgrades":{"name":"Extens\u00e3o OS","type":"multiple_choice","position":0,"required":false,"title_format":"heading","default":"","description_enable":false,"description":"","placeholder_enable":false,"placeholder":"","display":"radiobutton","restrictions_type":"any_text","adjust_price":false,"price":"","price_type":"quantity_based","restrictions":false,"min":"0","max":"0","options":[{"label":"Alterar idioma para franc\u00eas [AMP00125]","price":"0.0000","price_type":"quantity_based","image":0,"visibility":true},{"label":"Alterar idioma para ingl\u00eas [AMP00008]","price":"0.0000","price_type":"quantity_based","image":0,"visibility":true},{"label":"Alterar idioma para o portugu\u00eas [AMP00009]","price":"0.0000","price_type":"quantity_based","image":0,"visibility":true},{"label":"MAR Windows 11 PRO [AMP00145]","price":"30.0000","price_type":"quantity_based","image":0,"visibility":true}]},"keyboard-upgrades":{"name":"Extens\u00e3o teclado","type":"multiple_choice","position":0,"required":false,"title_format":"heading","default":"","description_enable":false,"description":"","placeholder_enable":false,"placeholder":"","display":"radiobutton","restrictions_type":"any_text","adjust_price":false,"price":"","price_type":"quantity_based","restrictions":false,"min":"0","max":"0","options":[{"label":"Teclado e Mouse [AMP00020]","price":"8.0000","price_type":"quantity_based","image":0,"visibility":true},{"label":"Teclado e Mouse Portugu\u00e9s Nuevo [AMP00088]","price":"15.0000","price_type":"quantity_based","image":0,"visibility":true},{"label":"Teclado e mouse USB em espanhol (Novo) [AMP00068]","price":"12.0000","price_type":"quantity_based","image":0,"visibility":true}]}},"df_price":1074.48,"df_sale_price":"","df_regular_price":1074.48,"df_image_link":"https:\/\/zoca.es\/wp-content\/uploads\/images\/product\/11082\/hp02209_01-300x225.jpg","_links":{"self":[{"href":"https:\/\/zoca.es\/pt-pt\/wp-json\/wp\/v2\/product\/88110","targetHints":{"allow":["GET"]}}],"collection":[{"href":"https:\/\/zoca.es\/pt-pt\/wp-json\/wp\/v2\/product"}],"about":[{"href":"https:\/\/zoca.es\/pt-pt\/wp-json\/wp\/v2\/types\/product"}],"wp:featuredmedia":[{"embeddable":true,"href":"https:\/\/zoca.es\/pt-pt\/wp-json\/wp\/v2\/media\/88089"}],"wp:attachment":[{"href":"https:\/\/zoca.es\/pt-pt\/wp-json\/wp\/v2\/media?parent=88110"}],"wp:term":[{"taxonomy":"product_brand","embeddable":true,"href":"https:\/\/zoca.es\/pt-pt\/wp-json\/wp\/v2\/product_brand?post=88110"},{"taxonomy":"product_cat","embeddable":true,"href":"https:\/\/zoca.es\/pt-pt\/wp-json\/wp\/v2\/product_cat?post=88110"},{"taxonomy":"product_tag","embeddable":true,"href":"https:\/\/zoca.es\/pt-pt\/wp-json\/wp\/v2\/product_tag?post=88110"}],"curies":[{"name":"wp","href":"https:\/\/api.w.org\/{rel}","templated":true}]}}