{"id":87298,"date":"2023-07-18T15:13:41","date_gmt":"2023-07-18T14:13:41","guid":{"rendered":"https:\/\/zoca.es\/producto\/placa-de-som-amplificador-fonestar-fs-2035-recondicionado-pt-11075\/"},"modified":"2026-02-25T10:44:20","modified_gmt":"2026-02-25T09:44:20","slug":"placa-de-som-amplificador-fonestar-fs-2035-recondicionado-pt-11075","status":"publish","type":"product","link":"https:\/\/zoca.es\/pt-pt\/produto\/placa-de-som-amplificador-fonestar-fs-2035-recondicionado-pt-11075\/","title":{"rendered":"Placa de som Amplificador FONESTAR FS-2035 | Recondicionado"},"content":{"rendered":"<p><strong>Pot\u00eancia sonora:\u00a0<\/strong><br \/>40 W m\u00e1x. 30 W RMS<br \/><strong>\u00a0Responder:\u00a0<\/strong><br \/>70-20.000 Hz.\u00a0<br \/><strong>Distor\u00e7\u00e3o harm\u00f4nica:\u00a0<\/strong><\/p>\n","protected":false},"excerpt":{"rendered":"<p>Amplificador de endere\u00e7o p\u00fablico altamente confi\u00e1vel. Com prioridade e equalizador. Indicado para instala\u00e7\u00f5es comerciais de pequeno ou m\u00e9dio porte, sonoriza\u00e7\u00e3o e \u00e1udio distribu\u00eddo. Este amplificador de pot\u00eancia m\u00e1xima de 40w da Fonestar \u00e9 ideal para pequenas aparelhagens de som.<\/p>\n","protected":false},"featured_media":87292,"template":"","meta":[],"product_brand":[3465],"product_cat":[4013,2405,2447],"product_tag":[],"class_list":{"0":"post-87298","1":"product","2":"type-product","3":"status-publish","4":"has-post-thumbnail","6":"product_brand-generic","7":"product_cat-amplificadores-pt","8":"product_cat-componentes-pt","9":"product_cat-componentes-son-pt","11":"first","12":"instock","13":"taxable","14":"shipping-taxable","15":"purchasable","16":"product-type-simple"},"bundled_by":[],"bundle_stock_status":"instock","bundle_stock_quantity":14,"bundle_virtual":false,"bundle_layout":"","bundle_add_to_cart_form_location":"","bundle_editable_in_cart":false,"bundle_sold_individually_context":"","bundle_item_grouping":"","bundle_min_size":"","bundle_max_size":"","bundle_price":[],"bundled_items":[],"bundle_sell_ids":[],"exclude_global_add_ons":[],"addons":[],"df_price":84.7,"df_sale_price":"","df_regular_price":84.7,"df_image_link":"https:\/\/zoca.es\/wp-content\/uploads\/images\/product\/11075\/gene00277_01-300x225.jpg","_links":{"self":[{"href":"https:\/\/zoca.es\/pt-pt\/wp-json\/wp\/v2\/product\/87298","targetHints":{"allow":["GET"]}}],"collection":[{"href":"https:\/\/zoca.es\/pt-pt\/wp-json\/wp\/v2\/product"}],"about":[{"href":"https:\/\/zoca.es\/pt-pt\/wp-json\/wp\/v2\/types\/product"}],"wp:featuredmedia":[{"embeddable":true,"href":"https:\/\/zoca.es\/pt-pt\/wp-json\/wp\/v2\/media\/87292"}],"wp:attachment":[{"href":"https:\/\/zoca.es\/pt-pt\/wp-json\/wp\/v2\/media?parent=87298"}],"wp:term":[{"taxonomy":"product_brand","embeddable":true,"href":"https:\/\/zoca.es\/pt-pt\/wp-json\/wp\/v2\/product_brand?post=87298"},{"taxonomy":"product_cat","embeddable":true,"href":"https:\/\/zoca.es\/pt-pt\/wp-json\/wp\/v2\/product_cat?post=87298"},{"taxonomy":"product_tag","embeddable":true,"href":"https:\/\/zoca.es\/pt-pt\/wp-json\/wp\/v2\/product_tag?post=87298"}],"curies":[{"name":"wp","href":"https:\/\/api.w.org\/{rel}","templated":true}]}}