{"id":86260,"date":"2023-06-19T09:36:09","date_gmt":"2023-06-19T08:36:09","guid":{"rendered":"https:\/\/zoca.es\/producto\/hp-elite-x2-g8-13-recondicionado-core-i5-26ghz-16-gb-ram-256-gb-ssd-m2-1920x1280-pt-10744\/"},"modified":"2026-01-28T09:21:22","modified_gmt":"2026-01-28T08:21:22","slug":"hp-elite-x2-g8-13-recondicionado-core-i5-26ghz-16-gb-ram-256-gb-ssd-m2-1920x1280-pt-10744","status":"publish","type":"product","link":"https:\/\/zoca.es\/pt-pt\/produto\/hp-elite-x2-g8-13-recondicionado-core-i5-26ghz-16-gb-ram-256-gb-ssd-m2-1920x1280-pt-10744\/","title":{"rendered":"HP Elite X2 G8-Impecable 13&#8221; | Recondicionado | Core i5 2.4GHz | 16 GB RAM | 256 GB SSD M2 1920&#215;1280"},"content":{"rendered":"<p><strong>Processador<\/strong><br \/>Intel Core i5 i5-1135G7 2.4 GHz.<br \/><strong>Mem\u00f3ria RAM<\/strong><br \/>16 Gb. SO-DDR4 RAM<br \/><strong>Disco r\u00edgido<\/strong><br \/>256 Gb. SSD M2<br \/><strong>Cart\u00f5es<\/strong><br \/>Placa gr\u00e1fica: Intel Irix Xe Graphics<br \/>Som: Audio Bang &amp; Olufsen<br \/><strong>Sistema operativo<\/strong><br \/>Windows 11 Pro<br \/><strong>Portos<\/strong><br \/>3x USB-C<br \/><strong>Tela<\/strong><br \/>T\u00e1til 13 &#8221; FullHD 16:10  \u00b7 Resolu\u00e7\u00e3o 1920&#215;1280<br \/><strong>Multim\u00eddia<\/strong><br \/>Webcam<br \/>Leitor impress\u00f5es digitais<br \/>C\u00e2mera traseira<br \/>C\u00e2mera frontal<br \/><strong>Conectividade<\/strong><br \/>WIFI<br \/>Bluetooth<br \/>4G<br \/><strong>Outros<\/strong><br \/>hR embalagens<br \/><strong>Dimens\u00f5es<\/strong><br \/>29&#215;22.5&#215;2 cm.<br \/><strong>Peso<\/strong><br \/>1.15 Kg.<br \/><strong>Especifica\u00e7\u00f5es adicionais<\/strong><br \/>O HP Elite X2 G8 \u00e9 um tablet 2 em 1 concebido para produtividade e mobilidade. Equipado com um potente Intel Core i5-1145G7 de 2,6 GHz, 16 GB de RAM SO-DDR4 e um SSD M2 de 256 GB, oferece um desempenho suave e eficiente em qualquer ambiente. O seu ecr\u00e3 t\u00e1til FullHD (1920&#215;1280) de 13 polegadas no formato 16:10 garante uma experi\u00eancia visual excecional, perfeita para trabalho e entretenimento. Com o Windows 11 Pro, oferece seguran\u00e7a e funcionalidades avan\u00e7adas. Inclui teclado internacional com autocolantes em espanhol para maior conforto na escrita. Apar\u00eancia exterior impec\u00e1vel. Pesquise em \u201c+ Fotos\u201d e caso tenha alguma d\u00favida ligue ou utilize o nosso chat para mais informa\u00e7\u00f5es ou para solicitar mais detalhes.<br \/><strong>Coment\u00e1rios<\/strong><br \/><u>Teclado espanhol<\/u><\/p>\n","protected":false},"excerpt":{"rendered":"<p>Intel Core i5 i5-1145G7 2.6 GHz. [TPM 2.0] \u00b7 16 Gb. SO-DDR4 RAM \u00b7 256 Gb. SSD M2 \u00b7 <strong>Windows 11 Pro <\/strong>\u00b7 T\u00e1til 13 &#8221; FullHD 16:10 \u00b7 Resolu\u00e7\u00e3o 1920&#215;1280 \u00b7<br \/>\n<u>Teclado espanhol<br \/>\n<\/u><\/p>\n","protected":false},"featured_media":86248,"template":"","meta":[],"product_brand":[3453],"product_cat":[3111,2301],"product_tag":[],"class_list":{"0":"post-86260","1":"product","2":"type-product","3":"status-publish","4":"has-post-thumbnail","6":"product_brand-hp","7":"product_cat-tablets-tablets-pt","8":"product_cat-tablets-pt","10":"first","11":"outofstock","12":"taxable","13":"shipping-taxable","14":"purchasable","15":"product-type-simple"},"bundled_by":[],"bundle_stock_status":"outofstock","bundle_stock_quantity":0,"bundle_virtual":false,"bundle_layout":"","bundle_add_to_cart_form_location":"","bundle_editable_in_cart":false,"bundle_sold_individually_context":"","bundle_item_grouping":"","bundle_min_size":"","bundle_max_size":"","bundle_price":[],"bundled_items":[],"bundle_sell_ids":[],"exclude_global_add_ons":true,"addons":{"keyboard-iso-upgrades":{"name":"Selecione idioma teclado","type":"multiple_choice","position":0,"required":false,"title_format":"heading","default":"","description_enable":false,"description":"","placeholder_enable":false,"placeholder":"","display":"radiobutton","restrictions_type":"any_text","adjust_price":false,"price":"","price_type":"quantity_based","restrictions":false,"min":"0","max":"0","options":[{"label":"Pegatinas Franc\u00e9s [AMP00084]","price":"0.0000","price_type":"quantity_based","image":0,"visibility":true},{"label":"Pegatinas Portugues [AMP00083]","price":"0.0000","price_type":"quantity_based","image":0,"visibility":true},{"label":"Pegatinas Espanhol [AMP00082]","price":"0.0000","price_type":"quantity_based","image":0,"visibility":true}]},"pencil-upgrades":{"name":"Extens\u00e3o L\u00e1pis","type":"multiple_choice","position":0,"required":false,"title_format":"heading","default":"","description_enable":false,"description":"","placeholder_enable":false,"placeholder":"","display":"radiobutton","restrictions_type":"any_text","adjust_price":false,"price":"","price_type":"quantity_based","restrictions":false,"min":"0","max":"0","options":[{"label":"HP Elite X2 Active Pen [AMP00092]","price":"35.0000","price_type":"quantity_based","image":0,"visibility":true}]}},"df_price":544.5,"df_sale_price":"","df_regular_price":544.5,"df_image_link":"https:\/\/zoca.es\/wp-content\/uploads\/images\/product\/10744\/hp02151_01-300x225.jpg","_links":{"self":[{"href":"https:\/\/zoca.es\/pt-pt\/wp-json\/wp\/v2\/product\/86260","targetHints":{"allow":["GET"]}}],"collection":[{"href":"https:\/\/zoca.es\/pt-pt\/wp-json\/wp\/v2\/product"}],"about":[{"href":"https:\/\/zoca.es\/pt-pt\/wp-json\/wp\/v2\/types\/product"}],"wp:featuredmedia":[{"embeddable":true,"href":"https:\/\/zoca.es\/pt-pt\/wp-json\/wp\/v2\/media\/86248"}],"wp:attachment":[{"href":"https:\/\/zoca.es\/pt-pt\/wp-json\/wp\/v2\/media?parent=86260"}],"wp:term":[{"taxonomy":"product_brand","embeddable":true,"href":"https:\/\/zoca.es\/pt-pt\/wp-json\/wp\/v2\/product_brand?post=86260"},{"taxonomy":"product_cat","embeddable":true,"href":"https:\/\/zoca.es\/pt-pt\/wp-json\/wp\/v2\/product_cat?post=86260"},{"taxonomy":"product_tag","embeddable":true,"href":"https:\/\/zoca.es\/pt-pt\/wp-json\/wp\/v2\/product_tag?post=86260"}],"curies":[{"name":"wp","href":"https:\/\/api.w.org\/{rel}","templated":true}]}}