{"id":84776,"date":"2023-05-24T15:08:33","date_gmt":"2023-05-24T14:08:33","guid":{"rendered":"https:\/\/zoca.es\/producto\/impressora-financeiros-wincor-nixdorf-nd-77-pt-1406\/"},"modified":"2026-02-25T10:45:23","modified_gmt":"2026-02-25T09:45:23","slug":"impressora-financeiros-wincor-nixdorf-nd-77-pt-1406","status":"publish","type":"product","link":"https:\/\/zoca.es\/pt-pt\/produto\/impressora-financeiros-wincor-nixdorf-nd-77-pt-1406\/","title":{"rendered":"Impressora Financeiros Wincor Nixdorf ND 77 | Recondicionado"},"content":{"rendered":"<p><strong>Tecnologia:<\/strong><br \/>matriz de 9 agulhas<br \/><strong>Velocidade:<\/strong><br \/>At\u00e9 6 linhas\/seg.<br \/><strong>Posi\u00e7\u00f5es de impress\u00e3o:<\/strong> &gt;<br \/>88<br \/><strong>Conectividade:<\/strong><br \/>Porta serial<br \/><strong>Dimens\u00f5es:<\/strong><br \/>215 x 251 x 280 mm<br \/><strong>Peso :<\/strong><br \/>6 Kgs.<br \/><b>Controles de qualidade\/testes laboratoriais:<\/b> <u>Inspe\u00e7\u00e3o f\u00edsica:<\/u> Inspe\u00e7\u00e3o do chassi, limpeza e verifica\u00e7\u00e3o de danos. <u>Conectividade:<\/u> Verifica\u00e7\u00e3o de portas e conex\u00f5es (USB, Ethernet, etc.). <u>Teste de impress\u00e3o:<\/u> Teste de qualidade e velocidade, verifica\u00e7\u00e3o de alinhamento e legibilidade. <u>Gerenciamento de papel:<\/u> Revis\u00e3o do sistema de alimenta\u00e7\u00e3o e detec\u00e7\u00e3o de atolamentos. <u>Teste de carga:<\/u> Teste de confiabilidade em uso cont\u00ednuo.<br \/>Inspe\u00e7\u00e3o interna: Verifica\u00e7\u00e3o e limpeza de componentes internos.<\/p>\n","protected":false},"excerpt":{"rendered":"<p>Tecnologia: Matriz de 9 agulhas. Velocidade: at\u00e9 6 linhas\/seg. Posi\u00e7\u00f5es de impress\u00e3o: 88. Conectividade: Porta serial<\/p>\n","protected":false},"featured_media":84773,"template":"","meta":[],"product_brand":[3524],"product_cat":[2362,2389],"product_tag":[],"class_list":{"0":"post-84776","1":"product","2":"type-product","3":"status-publish","4":"has-post-thumbnail","6":"product_brand-wincor-nixdorf","7":"product_cat-impressoras-pt","8":"product_cat-impressoras-pos-pt","10":"first","11":"instock","12":"taxable","13":"shipping-taxable","14":"purchasable","15":"product-type-simple"},"bundled_by":[],"bundle_stock_status":"instock","bundle_stock_quantity":5,"bundle_virtual":false,"bundle_layout":"","bundle_add_to_cart_form_location":"","bundle_editable_in_cart":false,"bundle_sold_individually_context":"","bundle_item_grouping":"","bundle_min_size":"","bundle_max_size":"","bundle_price":[],"bundled_items":[],"bundle_sell_ids":[],"exclude_global_add_ons":[],"addons":[],"df_price":96.8,"df_sale_price":"","df_regular_price":96.8,"df_image_link":"https:\/\/zoca.es\/wp-content\/uploads\/images\/product\/1406\/winc00002_01-300x225.jpg","_links":{"self":[{"href":"https:\/\/zoca.es\/pt-pt\/wp-json\/wp\/v2\/product\/84776","targetHints":{"allow":["GET"]}}],"collection":[{"href":"https:\/\/zoca.es\/pt-pt\/wp-json\/wp\/v2\/product"}],"about":[{"href":"https:\/\/zoca.es\/pt-pt\/wp-json\/wp\/v2\/types\/product"}],"wp:featuredmedia":[{"embeddable":true,"href":"https:\/\/zoca.es\/pt-pt\/wp-json\/wp\/v2\/media\/84773"}],"wp:attachment":[{"href":"https:\/\/zoca.es\/pt-pt\/wp-json\/wp\/v2\/media?parent=84776"}],"wp:term":[{"taxonomy":"product_brand","embeddable":true,"href":"https:\/\/zoca.es\/pt-pt\/wp-json\/wp\/v2\/product_brand?post=84776"},{"taxonomy":"product_cat","embeddable":true,"href":"https:\/\/zoca.es\/pt-pt\/wp-json\/wp\/v2\/product_cat?post=84776"},{"taxonomy":"product_tag","embeddable":true,"href":"https:\/\/zoca.es\/pt-pt\/wp-json\/wp\/v2\/product_tag?post=84776"}],"curies":[{"name":"wp","href":"https:\/\/api.w.org\/{rel}","templated":true}]}}