{"id":84541,"date":"2023-05-23T10:19:44","date_gmt":"2023-05-23T09:19:44","guid":{"rendered":"https:\/\/zoca.es\/producto\/dell-precision-7910-tara-xeon-six-core-16ghz-32-gb-ram-512-gb-ssd-rack-pt-10910\/"},"modified":"2026-02-25T09:56:47","modified_gmt":"2026-02-25T08:56:47","slug":"dell-precision-7910-tara-xeon-six-core-16ghz-32-gb-ram-512-gb-ssd-rack-pt-10910","status":"publish","type":"product","link":"https:\/\/zoca.es\/pt-pt\/produto\/dell-precision-7910-tara-xeon-six-core-16ghz-32-gb-ram-512-gb-ssd-rack-pt-10910\/","title":{"rendered":"Dell Precision 7910 Rack | Tara  | Xeon Six Core 1.6GHz | 32 GB RAM | 512 GB SSD"},"content":{"rendered":"<p><strong>Processador<\/strong><br \/>Intel Xeon Six Core E5-2603 V3 1.6 GHz.<br \/><strong>Fator de forma<\/strong><br \/>Rack<br \/><strong>Mem\u00f3ria RAM<\/strong><br \/>32 Gb. DDR4 ECC RAM<br \/><strong>Disco r\u00edgido<\/strong><br \/>512 Gb. SSD<br \/><strong>Drive \u00f3ptico<\/strong><br \/>DVD-RW<br \/><strong>Cart\u00f5es<\/strong><br \/>Placa gr\u00e1fica: MSI Geforce GTX 970 4GB GDDR5<br \/>Som: High Definition Audio<br \/>Network: Intel 82579LM Gigabit Ethernet<br \/><strong>Sistema operativo<\/strong><br \/>Windows 10 Pro<br \/><strong>Portos<\/strong><br \/>S\u00e9rie<br \/>4x USB 2.0<br \/><strong>Portas de v\u00eddeo<\/strong><br \/>HDMI<br \/>3x Display Port<br \/>DVI<br \/><strong>Conectividade<\/strong><br \/>4x RJ-45<br \/><strong>Outros<\/strong><br \/>hR embalagens<br \/><strong>Dimens\u00f5es<\/strong><br \/>47.2&#215;41.6&#215;17.3 cm.<br \/><strong>Peso<\/strong><br \/>13.25 Kg.<br \/><strong>Coment\u00e1rios<\/strong><br \/><u>Quebra no lado esquerdo do servidor. Trata-se de uma quebra no acabamento da fixa\u00e7\u00e3o ao gabinete do Rack. Pode ser colocado no arm\u00e1rio sem problemas uma vez que do lado direito a ader\u00eancia \u00e9 boa e \u00e9 apenas um aspeto est\u00e9tico. Pesquise em \u201c+ Fotos\u201d e caso tenha alguma d\u00favida ligue ou utilize o nosso chat para mais informa\u00e7\u00f5es ou para solicitar mais detalhes.<\/u><\/p>\n","protected":false},"excerpt":{"rendered":"<p>Intel Xeon Six Core E5-2603 V3 1.6 GHz. \u00b7 32 Gb. DDR4 ECC RAM \u00b7<u>Quebra no acabamento lateral (Ver em &#8220;+ Fotos&#8221;)<\/u><\/p>\n","protected":false},"featured_media":84532,"template":"","meta":[],"product_brand":[3445],"product_cat":[2218,2233,166,2483],"product_tag":[],"class_list":{"0":"post-84541","1":"product","2":"type-product","3":"status-publish","4":"has-post-thumbnail","6":"product_brand-dell","7":"product_cat-computadores-pt","8":"product_cat-computadores-com-taras-pt","9":"product_cat-com-taras-pt","10":"product_cat-com-taras-computadores-pt","12":"first","13":"instock","14":"taxable","15":"shipping-taxable","16":"purchasable","17":"product-type-simple"},"bundled_by":[],"bundle_stock_status":"instock","bundle_stock_quantity":1,"bundle_virtual":false,"bundle_layout":"","bundle_add_to_cart_form_location":"","bundle_editable_in_cart":false,"bundle_sold_individually_context":"","bundle_item_grouping":"","bundle_min_size":"","bundle_max_size":"","bundle_price":[],"bundled_items":[],"bundle_sell_ids":[],"exclude_global_add_ons":[],"addons":[],"df_price":814.33,"df_sale_price":"","df_regular_price":814.33,"df_image_link":"https:\/\/zoca.es\/wp-content\/uploads\/images\/product\/10910\/dell01105tr01_01-300x225.jpg","_links":{"self":[{"href":"https:\/\/zoca.es\/pt-pt\/wp-json\/wp\/v2\/product\/84541","targetHints":{"allow":["GET"]}}],"collection":[{"href":"https:\/\/zoca.es\/pt-pt\/wp-json\/wp\/v2\/product"}],"about":[{"href":"https:\/\/zoca.es\/pt-pt\/wp-json\/wp\/v2\/types\/product"}],"wp:featuredmedia":[{"embeddable":true,"href":"https:\/\/zoca.es\/pt-pt\/wp-json\/wp\/v2\/media\/84532"}],"wp:attachment":[{"href":"https:\/\/zoca.es\/pt-pt\/wp-json\/wp\/v2\/media?parent=84541"}],"wp:term":[{"taxonomy":"product_brand","embeddable":true,"href":"https:\/\/zoca.es\/pt-pt\/wp-json\/wp\/v2\/product_brand?post=84541"},{"taxonomy":"product_cat","embeddable":true,"href":"https:\/\/zoca.es\/pt-pt\/wp-json\/wp\/v2\/product_cat?post=84541"},{"taxonomy":"product_tag","embeddable":true,"href":"https:\/\/zoca.es\/pt-pt\/wp-json\/wp\/v2\/product_tag?post=84541"}],"curies":[{"name":"wp","href":"https:\/\/api.w.org\/{rel}","templated":true}]}}