{"id":78970,"date":"2023-02-19T11:57:40","date_gmt":"2023-02-19T10:57:40","guid":{"rendered":"https:\/\/zoca.es\/producto\/panasonic-toughbook-fz-g1-mk3-101-recondicionado-core-i5-23ghz-8-gb-ram-256-gb-ssd-1920x1200-pt-9762\/"},"modified":"2026-02-25T10:40:55","modified_gmt":"2026-02-25T09:40:55","slug":"panasonic-toughbook-fz-g1-mk3-101-recondicionado-core-i5-23ghz-8-gb-ram-256-gb-ssd-1920x1200-pt-9762","status":"publish","type":"product","link":"https:\/\/zoca.es\/pt-pt\/produto\/panasonic-toughbook-fz-g1-mk3-101-recondicionado-core-i5-23ghz-8-gb-ram-256-gb-ssd-1920x1200-pt-9762\/","title":{"rendered":"Panasonic ToughBook FZ-G1 MK3 10.1&#8221; | Recondicionado | Core i5 2.3GHz | 8 GB RAM | 256 GB SSD 1920&#215;1200"},"content":{"rendered":"<p><strong>Processador<\/strong><br \/>Intel Core i5 5300U 2.3 GHz.<br \/><strong>Mem\u00f3ria RAM<\/strong><br \/>8 Gb. DDR3 RAM<br \/><strong>Disco r\u00edgido<\/strong><br \/>256 Gb. SSD<br \/><strong>Cart\u00f5es<\/strong><br \/>Placa gr\u00e1fica: Intel Graphics 5500<br \/>Som: Realtek High Definition Audio<br \/><strong>Sistema operativo<\/strong><br \/>Windows 10 Pro<br \/><strong>Portos<\/strong><br \/>USB 3.0<br \/><strong>Tela<\/strong><br \/>T\u00e1til 10.1 &#8221; FullHD 16:9  \u00b7 Resolu\u00e7\u00e3o 1920&#215;1200<br \/><strong>Portas de v\u00eddeo<\/strong><br \/>HDMI<br \/><strong>Multim\u00eddia<\/strong><br \/>Webcam<br \/><strong>Conectividade<\/strong><br \/>WIFI<br \/>Bluetooth<br \/>4G<br \/><strong>Outros<\/strong><br \/>hR embalagens<br \/><strong>Dimens\u00f5es<\/strong><br \/>28x20x4 cm.<br \/><strong>Peso<\/strong><br \/>1.40 Kg.<br \/><strong>Especifica\u00e7\u00f5es adicionais<\/strong><br \/>Bom estado est\u00e9tico. Tablet robusto. Especial para ambientes industriais. Resistente \u00e0 \u00e1gua e respingos. Resistente a choques e quedas de at\u00e9 1,2 metros. Procure em \u201c+ Fotos\u201d e &#8221;V\u00eddeo&#8221; e caso tenha alguma d\u00favida, ligue-nos ou utilize nosso chat para mais informa\u00e7\u00f5es ou para solicitar mais detalhes.<\/p>\n<p><strong>Coment\u00e1rios<\/strong><br \/><u>L\u00e1pis Inclu\u00eddo<\/u><\/p>\n","protected":false},"excerpt":{"rendered":"<p>Intel Core i5 5300U 2.3 GHz. \u00b7 8 Gb. DDR3 RAM \u00b7 256 Gb. SSD \u00b7 Windows 10 Pro \u00b7 T\u00e1til 10.1 &#8221; FullHD 16:9  \u00b7 Resolu\u00e7\u00e3o 1920&#215;1200 \u00b7 <u>L\u00e1pis Inclu\u00eddo<\/u><\/p>\n","protected":false},"featured_media":78949,"template":"","meta":[],"product_brand":[3467],"product_cat":[3129,2301,3071],"product_tag":[],"class_list":{"0":"post-78970","1":"product","2":"type-product","3":"status-publish","4":"has-post-thumbnail","6":"product_brand-panasonic","7":"product_cat-tablets-ruggerized-pt","8":"product_cat-tablets-pt","9":"product_cat-ruggerized-pt","11":"first","12":"instock","13":"taxable","14":"shipping-taxable","15":"purchasable","16":"product-type-simple"},"bundled_by":[],"bundle_stock_status":"instock","bundle_stock_quantity":1,"bundle_virtual":false,"bundle_layout":"","bundle_add_to_cart_form_location":"","bundle_editable_in_cart":false,"bundle_sold_individually_context":"","bundle_item_grouping":"","bundle_min_size":"","bundle_max_size":"","bundle_price":[],"bundled_items":[],"bundle_sell_ids":[],"exclude_global_add_ons":true,"addons":{"battery-upgrades":{"name":"Extens\u00e3o bateria","type":"multiple_choice","position":0,"required":false,"title_format":"heading","default":"","description_enable":false,"description":"","placeholder_enable":false,"placeholder":"","display":"radiobutton","restrictions_type":"any_text","adjust_price":false,"price":"","price_type":"quantity_based","restrictions":false,"min":"0","max":"0","options":[{"label":"Mude para uma nova bateria compat\u00edvel [AMP00167]","price":"75.0000","price_type":"quantity_based","image":0,"visibility":true}]},"docking-station-upgrades":{"name":"Extens\u00e3o Docking Station","type":"multiple_choice","position":0,"required":false,"title_format":"heading","default":"","description_enable":false,"description":"","placeholder_enable":false,"placeholder":"","display":"radiobutton","restrictions_type":"any_text","adjust_price":false,"price":"","price_type":"quantity_based","restrictions":false,"min":"0","max":"0","options":[{"label":"Panasonic Docking ToughPad FZ-VEBG11 [AMP00128]","price":"100.0000","price_type":"quantity_based","image":0,"visibility":true}]},"os-upgrades":{"name":"Extens\u00e3o OS","type":"multiple_choice","position":0,"required":false,"title_format":"heading","default":"","description_enable":false,"description":"","placeholder_enable":false,"placeholder":"","display":"radiobutton","restrictions_type":"any_text","adjust_price":false,"price":"","price_type":"quantity_based","restrictions":false,"min":"0","max":"0","options":[{"label":"Alterar idioma para franc\u00eas [AMP00125]","price":"0.0000","price_type":"quantity_based","image":0,"visibility":true},{"label":"Alterar idioma para ingl\u00eas [AMP00008]","price":"0.0000","price_type":"quantity_based","image":0,"visibility":true},{"label":"Alterar idioma para o portugu\u00eas [AMP00009]","price":"0.0000","price_type":"quantity_based","image":0,"visibility":true}]}},"df_price":373.89,"df_sale_price":"","df_regular_price":373.89,"df_image_link":"https:\/\/zoca.es\/wp-content\/uploads\/images\/product\/9762\/pana00074_01-300x225.jpg","_links":{"self":[{"href":"https:\/\/zoca.es\/pt-pt\/wp-json\/wp\/v2\/product\/78970","targetHints":{"allow":["GET"]}}],"collection":[{"href":"https:\/\/zoca.es\/pt-pt\/wp-json\/wp\/v2\/product"}],"about":[{"href":"https:\/\/zoca.es\/pt-pt\/wp-json\/wp\/v2\/types\/product"}],"wp:featuredmedia":[{"embeddable":true,"href":"https:\/\/zoca.es\/pt-pt\/wp-json\/wp\/v2\/media\/78949"}],"wp:attachment":[{"href":"https:\/\/zoca.es\/pt-pt\/wp-json\/wp\/v2\/media?parent=78970"}],"wp:term":[{"taxonomy":"product_brand","embeddable":true,"href":"https:\/\/zoca.es\/pt-pt\/wp-json\/wp\/v2\/product_brand?post=78970"},{"taxonomy":"product_cat","embeddable":true,"href":"https:\/\/zoca.es\/pt-pt\/wp-json\/wp\/v2\/product_cat?post=78970"},{"taxonomy":"product_tag","embeddable":true,"href":"https:\/\/zoca.es\/pt-pt\/wp-json\/wp\/v2\/product_tag?post=78970"}],"curies":[{"name":"wp","href":"https:\/\/api.w.org\/{rel}","templated":true}]}}