{"id":78223,"date":"2023-02-07T17:23:40","date_gmt":"2023-02-07T16:23:40","guid":{"rendered":"https:\/\/zoca.es\/producto\/opcao-pos-cajon-portamoneda-automatico-recondicionado-pt-10479\/"},"modified":"2026-04-15T10:59:08","modified_gmt":"2026-04-15T09:59:08","slug":"opcao-pos-cajon-portamoneda-automatico-recondicionado-pt-10479","status":"publish","type":"product","link":"https:\/\/zoca.es\/pt-pt\/produto\/opcao-pos-cajon-portamoneda-automatico-recondicionado-pt-10479\/","title":{"rendered":"Op\u00e7\u00e3o POS  Cajon Portamoneda Autom\u00e1tico Recondicionado"},"content":{"rendered":"","protected":false},"excerpt":{"rendered":"<p>Cajon Portamonedas Autom\u00e1tico 41 cm. &#8211; Incluye Gaveta de monedas y billetes &#8211; N\u00e3o inclui chaves<\/p>\n","protected":false},"featured_media":78208,"template":"","meta":[],"product_brand":[3465],"product_cat":[61,2329],"product_tag":[],"class_list":{"0":"post-78223","1":"product","2":"type-product","3":"status-publish","4":"has-post-thumbnail","6":"product_brand-generic","7":"product_cat-pos-pt","8":"product_cat-pos-outros-pt","10":"first","11":"instock","12":"taxable","13":"shipping-taxable","14":"purchasable","15":"product-type-simple"},"bundled_by":[],"bundle_stock_status":"instock","bundle_stock_quantity":4,"bundle_virtual":false,"bundle_layout":"","bundle_add_to_cart_form_location":"","bundle_editable_in_cart":false,"bundle_sold_individually_context":"","bundle_item_grouping":"","bundle_min_size":"","bundle_max_size":"","bundle_price":[],"bundled_items":[],"bundle_sell_ids":[],"exclude_global_add_ons":[],"addons":[],"df_price":42.35,"df_sale_price":"","df_regular_price":42.35,"df_image_link":"https:\/\/zoca.es\/wp-content\/uploads\/images\/product\/10479\/gene00270_01-300x225.jpg","_links":{"self":[{"href":"https:\/\/zoca.es\/pt-pt\/wp-json\/wp\/v2\/product\/78223","targetHints":{"allow":["GET"]}}],"collection":[{"href":"https:\/\/zoca.es\/pt-pt\/wp-json\/wp\/v2\/product"}],"about":[{"href":"https:\/\/zoca.es\/pt-pt\/wp-json\/wp\/v2\/types\/product"}],"wp:featuredmedia":[{"embeddable":true,"href":"https:\/\/zoca.es\/pt-pt\/wp-json\/wp\/v2\/media\/78208"}],"wp:attachment":[{"href":"https:\/\/zoca.es\/pt-pt\/wp-json\/wp\/v2\/media?parent=78223"}],"wp:term":[{"taxonomy":"product_brand","embeddable":true,"href":"https:\/\/zoca.es\/pt-pt\/wp-json\/wp\/v2\/product_brand?post=78223"},{"taxonomy":"product_cat","embeddable":true,"href":"https:\/\/zoca.es\/pt-pt\/wp-json\/wp\/v2\/product_cat?post=78223"},{"taxonomy":"product_tag","embeddable":true,"href":"https:\/\/zoca.es\/pt-pt\/wp-json\/wp\/v2\/product_tag?post=78223"}],"curies":[{"name":"wp","href":"https:\/\/api.w.org\/{rel}","templated":true}]}}