{"id":72907,"date":"2022-11-10T09:25:17","date_gmt":"2022-11-10T08:25:17","guid":{"rendered":"https:\/\/zoca.es\/producto\/universal-notebook-ac-adapt-novo-pt-5972\/"},"modified":"2026-02-25T10:25:48","modified_gmt":"2026-02-25T09:25:48","slug":"universal-notebook-ac-adapt-novo-pt-5972","status":"publish","type":"product","link":"https:\/\/zoca.es\/pt-pt\/produto\/universal-notebook-ac-adapt-novo-pt-5972\/","title":{"rendered":"Op\u00e7\u00e3o port\u00e1til  Universal NoteBook AC Adapt. Novo"},"content":{"rendered":"<p><strong>Modelo:<\/strong><br \/>TQLC-100BS01M<br \/><strong>Caracter\u00edsticas:<\/strong><br \/>100W \/ 3 en 1 USB<br \/><strong>Puertos USB:<\/strong><br \/>1<br \/><strong>Dimensiones:<\/strong><br \/>250 x 210 x 34 mm.<br \/><strong>Peso:<\/strong><br \/>549 Grs.<\/p>\n","protected":false},"excerpt":{"rendered":"<p>Adaptador de Corriente Port\u00e1til Universal.<\/p>\n","protected":false},"featured_media":72904,"template":"","meta":[],"product_brand":[3465],"product_cat":[4018,4053,2253,3084,3090],"product_tag":[],"class_list":{"0":"post-72907","1":"product","2":"type-product","3":"status-publish","4":"has-post-thumbnail","6":"product_brand-generic","7":"product_cat-cabos-adaptadores-pt","8":"product_cat-cabos-pt","9":"product_cat-laptops-pt","10":"product_cat-laptops-opcaos-pt","11":"product_cat-laptops-opcaos-carregadores-pt","13":"first","14":"instock","15":"taxable","16":"shipping-taxable","17":"purchasable","18":"product-type-simple"},"bundled_by":[],"bundle_stock_status":"instock","bundle_stock_quantity":3,"bundle_virtual":false,"bundle_layout":"","bundle_add_to_cart_form_location":"","bundle_editable_in_cart":false,"bundle_sold_individually_context":"","bundle_item_grouping":"","bundle_min_size":"","bundle_max_size":"","bundle_price":[],"bundled_items":[],"bundle_sell_ids":[],"exclude_global_add_ons":[],"addons":[],"df_price":36.3,"df_sale_price":"","df_regular_price":36.3,"df_image_link":"https:\/\/zoca.es\/wp-content\/uploads\/images\/product\/5972\/gene00184_01-300x225.jpg","_links":{"self":[{"href":"https:\/\/zoca.es\/pt-pt\/wp-json\/wp\/v2\/product\/72907","targetHints":{"allow":["GET"]}}],"collection":[{"href":"https:\/\/zoca.es\/pt-pt\/wp-json\/wp\/v2\/product"}],"about":[{"href":"https:\/\/zoca.es\/pt-pt\/wp-json\/wp\/v2\/types\/product"}],"wp:featuredmedia":[{"embeddable":true,"href":"https:\/\/zoca.es\/pt-pt\/wp-json\/wp\/v2\/media\/72904"}],"wp:attachment":[{"href":"https:\/\/zoca.es\/pt-pt\/wp-json\/wp\/v2\/media?parent=72907"}],"wp:term":[{"taxonomy":"product_brand","embeddable":true,"href":"https:\/\/zoca.es\/pt-pt\/wp-json\/wp\/v2\/product_brand?post=72907"},{"taxonomy":"product_cat","embeddable":true,"href":"https:\/\/zoca.es\/pt-pt\/wp-json\/wp\/v2\/product_cat?post=72907"},{"taxonomy":"product_tag","embeddable":true,"href":"https:\/\/zoca.es\/pt-pt\/wp-json\/wp\/v2\/product_tag?post=72907"}],"curies":[{"name":"wp","href":"https:\/\/api.w.org\/{rel}","templated":true}]}}