{"id":70736,"date":"2022-10-05T12:35:55","date_gmt":"2022-10-05T11:35:55","guid":{"rendered":"https:\/\/zoca.es\/producto\/panasonic-toughbook-cf-54-14-recondicionado-core-i5-23ghz-8-gb-ram-256-gb-ssd-1366x768-pt-10018\/"},"modified":"2026-03-05T12:18:47","modified_gmt":"2026-03-05T11:18:47","slug":"panasonic-toughbook-cf-54-14-recondicionado-core-i5-23ghz-8-gb-ram-256-gb-ssd-1366x768-pt-10018","status":"publish","type":"product","link":"https:\/\/zoca.es\/pt-pt\/produto\/panasonic-toughbook-cf-54-14-recondicionado-core-i5-23ghz-8-gb-ram-256-gb-ssd-1366x768-pt-10018\/","title":{"rendered":"Panasonic Toughbook CF-54-Impecable 14&#8221; | Recondicionado | Core i5 2.3GHz | 8 GB RAM | 256 GB SSD 1366&#215;768"},"content":{"rendered":"<p><strong>Processador<\/strong><br \/>Intel Core i5 5300U 2.3 GHz.<br \/><strong>Mem\u00f3ria RAM<\/strong><br \/>8 Gb. SO-DDR3 RAM<br \/><strong>Disco r\u00edgido<\/strong><br \/>256 Gb. SSD<br \/><strong>Cart\u00f5es<\/strong><br \/>Placa gr\u00e1fica: HD Graphics 5500<br \/>Som: High Definition Audio<br \/>Network: L218M<br \/><strong>Sistema operativo<\/strong><br \/>Windows 10 Pro<br \/><strong>Portos<\/strong><br \/>3x USB 3.0<br \/><strong>Tela<\/strong><br \/>Led 14 &#8221; HD 16:9  \u00b7 Resolu\u00e7\u00e3o 1366&#215;768<br \/><strong>Portas de v\u00eddeo<\/strong><br \/>HDMI<br \/><strong>Multim\u00eddia<\/strong><br \/>Leitor SD<br \/><strong>Conectividade<\/strong><br \/>RJ-45<br \/>WIFI<br \/>Bluetooth<br \/><strong>Espec\u00edfico laptop<\/strong><br \/>Layout do teclado Internacional (adesivos espanhol)<br \/><strong>Outros<\/strong><br \/>hR embalagens<br \/><strong>Dimens\u00f5es<\/strong><br \/>34x27x3 cm.<br \/><strong>Peso<\/strong><br \/>2.00 Kg.<br \/><strong>Especifica\u00e7\u00f5es adicionais<\/strong><br \/>Apar\u00eancia externa impec\u00e1vel. Laptop projetado para funcionar em ambientes<br \/>\ncom poeira, armaz\u00e9ns, sujeira, trabalho ao ar livre e de campo. Esse<br \/>\nTotalmente robusto e protegido contra choques e respingos.<br \/><b>Recursos Robustos:<\/b><br \/><u>Design semi-robusto:<\/u> Resistente a quedas, vibra\u00e7\u00f5es, poeira e respingos. Ideal para ambientes exigentes sem ser extremo.<br \/><u>Chassi refor\u00e7ado:<\/u> Caixa de magn\u00e9sio que absorve impactos.<br \/><u>Prote\u00e7\u00e3o do disco r\u00edgido:<\/u> Amortecimento para proteger em caso de impactos.<br \/><u>Resist\u00eancia ambiental:<\/u> Suporta temperaturas e umidade extremas, com certifica\u00e7\u00e3o militar MIL-STD-810G.<br \/><b>Certifica\u00e7\u00f5es robustas:<\/b><br \/><u>MIL -STD- 810G: <\/u>Resist\u00eancia a quedas, vibra\u00e7\u00f5es, umidade, altitude e temperaturas extremas.<br \/><u>IP5X: <\/u>Prote\u00e7\u00e3o contra poeira para operar em ambientes com part\u00edculas.<br \/>Olhar<br \/>\n em &#8220;+ Fotos\u201d e &#8220;V\u00eddeo\u201d e caso tenha alguma d\u00favida ligue para n\u00f3s ou use nosso<br \/>\nchat para ampliar as informa\u00e7\u00f5es ou solicitar mais detalhes.<\/p>\n","protected":false},"excerpt":{"rendered":"<p>Intel Core i5 5300U 2,3 GHz [TPM n\u00e3o dispon\u00edvel] \u00b7 8 Gb de RAM SO-DDR3 \u00b7 256.<br \/>\nGb. SSD \u00b7<u>Teclado internacional com adesivos em espanhol<\/u> \u00b7 LED 14&#8243; HD 16:9 \u00b7 Resolu\u00e7\u00e3o 1366&#215;768 \u00b7<br \/>\nLeitor SD<\/p>\n","protected":false},"featured_media":70703,"template":"","meta":[],"product_brand":[3467],"product_cat":[2253,3071,3120,2274],"product_tag":[3292],"class_list":{"0":"post-70736","1":"product","2":"type-product","3":"status-publish","4":"has-post-thumbnail","6":"product_brand-panasonic","7":"product_cat-laptops-pt","8":"product_cat-ruggerized-pt","9":"product_cat-laptops-laptops-pt","10":"product_cat-laptops-ruggerized-pt","11":"product_tag-oferta-permanente","13":"first","14":"instock","15":"sale","16":"taxable","17":"shipping-taxable","18":"purchasable","19":"product-type-simple"},"bundled_by":[],"bundle_stock_status":"instock","bundle_stock_quantity":7,"bundle_virtual":false,"bundle_layout":"","bundle_add_to_cart_form_location":"","bundle_editable_in_cart":false,"bundle_sold_individually_context":"","bundle_item_grouping":"","bundle_min_size":"","bundle_max_size":"","bundle_price":[],"bundled_items":[],"bundle_sell_ids":[],"exclude_global_add_ons":true,"addons":{"keyboard-iso-upgrades":{"name":"Selecione idioma teclado","type":"multiple_choice","position":0,"required":false,"title_format":"heading","default":"","description_enable":false,"description":"","placeholder_enable":false,"placeholder":"","display":"radiobutton","restrictions_type":"any_text","adjust_price":false,"price":"","price_type":"quantity_based","restrictions":false,"min":"0","max":"0","options":[{"label":"Pegatinas Espanhol [AMP00082]","price":"0.0000","price_type":"quantity_based","image":0,"visibility":true},{"label":"Pegatinas Franc\u00e9s [AMP00084]","price":"0.0000","price_type":"quantity_based","image":0,"visibility":true},{"label":"Pegatinas Portugues [AMP00083]","price":"0.0000","price_type":"quantity_based","image":0,"visibility":true}]},"webcam-upgrades":{"name":"Extens\u00e3o Webcam","type":"multiple_choice","position":0,"required":false,"title_format":"heading","default":"","description_enable":false,"description":"","placeholder_enable":false,"placeholder":"","display":"radiobutton","restrictions_type":"any_text","adjust_price":false,"price":"","price_type":"quantity_based","restrictions":false,"min":"0","max":"0","options":[{"label":"Conceptronic AMDIS FullHD [AMP00085]","price":"29.0000","price_type":"quantity_based","image":0,"visibility":true}]},"ram-memory-upgrades":{"name":"Extens\u00e3o RAM","type":"multiple_choice","position":0,"required":false,"title_format":"heading","default":"","description_enable":false,"description":"","placeholder_enable":false,"placeholder":"","display":"radiobutton","restrictions_type":"any_text","adjust_price":false,"price":"","price_type":"quantity_based","restrictions":false,"min":"0","max":"0","options":[{"label":"Extens\u00e3o SODIM RAM 16 Gb DDR3 [AMP00004]","price":"50.0000","price_type":"quantity_based","image":0,"visibility":true}]},"hdd-upgrades":{"name":"Extens\u00e3o disco r\u00edgido","type":"multiple_choice","position":0,"required":false,"title_format":"heading","default":"","description_enable":false,"description":"","placeholder_enable":false,"placeholder":"","display":"radiobutton","restrictions_type":"any_text","adjust_price":false,"price":"","price_type":"quantity_based","restrictions":false,"min":"0","max":"0","options":[{"label":"Cambio a Disco SSD 480 Gb. [AMP00014]","price":"59.0000","price_type":"quantity_based","image":0,"visibility":true},{"label":"Cambio a Disco SSD 1 Tb. [AMP00071]","price":"95.0000","price_type":"quantity_based","image":0,"visibility":true}]},"os-upgrades":{"name":"Extens\u00e3o OS","type":"multiple_choice","position":0,"required":false,"title_format":"heading","default":"","description_enable":false,"description":"","placeholder_enable":false,"placeholder":"","display":"radiobutton","restrictions_type":"any_text","adjust_price":false,"price":"","price_type":"quantity_based","restrictions":false,"min":"0","max":"0","options":[{"label":"Alterar idioma para ingl\u00eas [AMP00008]","price":"0.0000","price_type":"quantity_based","image":0,"visibility":true},{"label":"Alterar idioma para o portugu\u00eas [AMP00009]","price":"0.0000","price_type":"quantity_based","image":0,"visibility":true},{"label":"Alterar para o Windows 32 bits [AMP00005]","price":"10.0000","price_type":"quantity_based","image":0,"visibility":true}]},"briefcase-upgrades":{"name":"Maleta","type":"multiple_choice","position":0,"required":false,"title_format":"heading","default":"","description_enable":false,"description":"","placeholder_enable":false,"placeholder":"","display":"radiobutton","restrictions_type":"any_text","adjust_price":false,"price":"","price_type":"quantity_based","restrictions":false,"min":"0","max":"0","options":[{"label":"Maleta Port\u00e1til [AMP00041]","price":"5.0000","price_type":"quantity_based","image":0,"visibility":true}]}},"df_price":594.11,"df_sale_price":594.11,"df_regular_price":625.57,"df_image_link":"https:\/\/zoca.es\/wp-content\/uploads\/images\/product\/10018\/pana00077_01-300x225.jpg","_links":{"self":[{"href":"https:\/\/zoca.es\/pt-pt\/wp-json\/wp\/v2\/product\/70736","targetHints":{"allow":["GET"]}}],"collection":[{"href":"https:\/\/zoca.es\/pt-pt\/wp-json\/wp\/v2\/product"}],"about":[{"href":"https:\/\/zoca.es\/pt-pt\/wp-json\/wp\/v2\/types\/product"}],"wp:featuredmedia":[{"embeddable":true,"href":"https:\/\/zoca.es\/pt-pt\/wp-json\/wp\/v2\/media\/70703"}],"wp:attachment":[{"href":"https:\/\/zoca.es\/pt-pt\/wp-json\/wp\/v2\/media?parent=70736"}],"wp:term":[{"taxonomy":"product_brand","embeddable":true,"href":"https:\/\/zoca.es\/pt-pt\/wp-json\/wp\/v2\/product_brand?post=70736"},{"taxonomy":"product_cat","embeddable":true,"href":"https:\/\/zoca.es\/pt-pt\/wp-json\/wp\/v2\/product_cat?post=70736"},{"taxonomy":"product_tag","embeddable":true,"href":"https:\/\/zoca.es\/pt-pt\/wp-json\/wp\/v2\/product_tag?post=70736"}],"curies":[{"name":"wp","href":"https:\/\/api.w.org\/{rel}","templated":true}]}}