{"id":69271,"date":"2022-09-08T10:46:00","date_gmt":"2022-09-08T09:46:00","guid":{"rendered":"https:\/\/zoca.es\/producto\/hp-pro-x2-612-g2-12-recondicionado-core-i5-12ghz-8-gb-ram-256-gb-ssd-m2-1920x1080-pt-9834\/"},"modified":"2026-04-23T07:46:25","modified_gmt":"2026-04-23T06:46:25","slug":"hp-pro-x2-612-g2-12-recondicionado-core-i5-12ghz-8-gb-ram-256-gb-ssd-m2-1920x1080-pt-9834","status":"publish","type":"product","link":"https:\/\/zoca.es\/pt-pt\/produto\/hp-pro-x2-612-g2-12-recondicionado-core-i5-12ghz-8-gb-ram-256-gb-ssd-m2-1920x1080-pt-9834\/","title":{"rendered":"HP Pro X2 612 G2 12&#8221; | Recondicionado | Core i5 1.2GHz | 8 GB RAM | 256 GB SSD M2 1920&#215;1280"},"content":{"rendered":"<p><strong>Processador<\/strong><br \/>Intel Core i5 7Y57 1.2 GHz. [TPM 2.0]<br \/><strong>Mem\u00f3ria RAM<\/strong><br \/>8 Gb. SO-DDR3 RAM<br \/><strong>Disco r\u00edgido<\/strong><br \/>256 Gb. SSD M2<br \/><strong>Cart\u00f5es<\/strong><br \/>Placa gr\u00e1fica: Intel HD 615<br \/>Som: Conexant ISST audio<br \/>Network: &#8211;<br \/><strong>Sistema operativo<\/strong><br \/>Windows 10 Pro<br \/><strong>Portos<\/strong><br \/>USB 3.0<br \/>USB-C<br \/><strong>Tela<\/strong><br \/>T\u00e1til 12 &#8221; FullHD 16:10  \u00b7 Resolu\u00e7\u00e3o 1920&#215;1280<br \/><strong>Multim\u00eddia<\/strong><br \/>Webcam<br \/>Leitor impress\u00f5es digitais<br \/>C\u00e2mera traseira<br \/>C\u00e2mera frontal<br \/><strong>Conectividade<\/strong><br \/>WIFI<br \/>Bluetooth<br \/><strong>Outros<\/strong><br \/>hR embalagens<br \/><strong>Dimens\u00f5es<\/strong><br \/>30x22x1.5 cm.<br \/><strong>Peso<\/strong><br \/>1.20 Kg.<br \/><strong>Especifica\u00e7\u00f5es adicionais<\/strong><br \/>Bom aspecto exterior. Veja &#8220;+ Fotos&#8221; e &#8220;V\u00eddeo&#8221; e se tiver alguma d\u00favida contacte-nos ou utilize o nosso chat para mais informa\u00e7\u00f5es ou para pedir mais detalhes.<\/p>\n<p><strong>Coment\u00e1rios<\/strong><br \/><u>Teclado Internacional (Adesivos Portugueses)<\/u><\/p>\n","protected":false},"excerpt":{"rendered":"<p>Intel Core i5 7Y57 1.2 GHz. [TPM 2.0] \u00b7 8 Gb. SO-DDR3 RAM \u00b7 256 Gb. SSD M2 \u00b7 Windows 10 Pro \u00b7 T\u00e1til 12 &#8221; FullHD 16:10  \u00b7 Resolu\u00e7\u00e3o 1920&#215;1280 \u00b7 <u>Teclado Internacional (Adesivos Portugueses)<\/u><\/p>\n","protected":false},"featured_media":69241,"template":"","meta":[],"product_brand":[3453],"product_cat":[3111,2301],"product_tag":[3267,3273,3292],"class_list":{"0":"post-69271","1":"product","2":"type-product","3":"status-publish","4":"has-post-thumbnail","6":"product_brand-hp","7":"product_cat-tablets-tablets-pt","8":"product_cat-tablets-pt","9":"product_tag-202509_123septiembre-pt-pt","10":"product_tag-202510_halloween-pt-pt","11":"product_tag-oferta-permanente","13":"first","14":"instock","15":"taxable","16":"shipping-taxable","17":"purchasable","18":"product-type-simple"},"bundled_by":[],"bundle_stock_status":"instock","bundle_stock_quantity":11,"bundle_virtual":false,"bundle_layout":"","bundle_add_to_cart_form_location":"","bundle_editable_in_cart":false,"bundle_sold_individually_context":"","bundle_item_grouping":"","bundle_min_size":"","bundle_max_size":"","bundle_price":[],"bundled_items":[],"bundle_sell_ids":[],"exclude_global_add_ons":true,"addons":{"keyboard-iso-upgrades":{"name":"Selecione idioma teclado","type":"multiple_choice","position":0,"required":false,"title_format":"heading","default":"","description_enable":false,"description":"","placeholder_enable":false,"placeholder":"","display":"radiobutton","restrictions_type":"any_text","adjust_price":false,"price":"","price_type":"quantity_based","restrictions":false,"min":"0","max":"0","options":[{"label":"Pegatinas Espanhol [AMP00082]","price":"0.0000","price_type":"quantity_based","image":0,"visibility":true},{"label":"Pegatinas Franc\u00e9s [AMP00084]","price":"0.0000","price_type":"quantity_based","image":0,"visibility":true},{"label":"Pegatinas Portugues [AMP00083]","price":"0.0000","price_type":"quantity_based","image":0,"visibility":true}]},"battery-upgrades":{"name":"Extens\u00e3o bateria","type":"multiple_choice","position":0,"required":false,"title_format":"heading","default":"","description_enable":false,"description":"","placeholder_enable":false,"placeholder":"","display":"radiobutton","restrictions_type":"any_text","adjust_price":false,"price":"","price_type":"quantity_based","restrictions":false,"min":"0","max":"0","options":[{"label":"Mude para uma nova bateria compat\u00edvel [AMP00154]","price":"80.0000","price_type":"quantity_based","image":0,"visibility":true}]},"pencil-upgrades":{"name":"Extens\u00e3o L\u00e1pis","type":"multiple_choice","position":0,"required":false,"title_format":"heading","default":"","description_enable":false,"description":"","placeholder_enable":false,"placeholder":"","display":"radiobutton","restrictions_type":"any_text","adjust_price":false,"price":"","price_type":"quantity_based","restrictions":false,"min":"0","max":"0","options":[{"label":"HP Elite X2 Active Pen [AMP00092]","price":"35.0000","price_type":"quantity_based","image":0,"visibility":true}]}},"df_price":220.22,"df_sale_price":"","df_regular_price":220.22,"df_image_link":"https:\/\/zoca.es\/wp-content\/uploads\/images\/product\/9834\/hp01900_01-300x225.jpg","_links":{"self":[{"href":"https:\/\/zoca.es\/pt-pt\/wp-json\/wp\/v2\/product\/69271","targetHints":{"allow":["GET"]}}],"collection":[{"href":"https:\/\/zoca.es\/pt-pt\/wp-json\/wp\/v2\/product"}],"about":[{"href":"https:\/\/zoca.es\/pt-pt\/wp-json\/wp\/v2\/types\/product"}],"wp:featuredmedia":[{"embeddable":true,"href":"https:\/\/zoca.es\/pt-pt\/wp-json\/wp\/v2\/media\/69241"}],"wp:attachment":[{"href":"https:\/\/zoca.es\/pt-pt\/wp-json\/wp\/v2\/media?parent=69271"}],"wp:term":[{"taxonomy":"product_brand","embeddable":true,"href":"https:\/\/zoca.es\/pt-pt\/wp-json\/wp\/v2\/product_brand?post=69271"},{"taxonomy":"product_cat","embeddable":true,"href":"https:\/\/zoca.es\/pt-pt\/wp-json\/wp\/v2\/product_cat?post=69271"},{"taxonomy":"product_tag","embeddable":true,"href":"https:\/\/zoca.es\/pt-pt\/wp-json\/wp\/v2\/product_tag?post=69271"}],"curies":[{"name":"wp","href":"https:\/\/api.w.org\/{rel}","templated":true}]}}