{"id":66572,"date":"2022-08-01T11:33:43","date_gmt":"2022-08-01T10:33:43","guid":{"rendered":"https:\/\/zoca.es\/producto\/opcao-portatil-getac-docking-station-s410-recondicionado-pt-9703\/"},"modified":"2026-04-10T07:30:43","modified_gmt":"2026-04-10T06:30:43","slug":"opcao-portatil-getac-docking-station-s410-recondicionado-pt-9703","status":"publish","type":"product","link":"https:\/\/zoca.es\/pt-pt\/produto\/opcao-portatil-getac-docking-station-s410-recondicionado-pt-9703\/","title":{"rendered":"Op\u00e7\u00e3o port\u00e1til GETAC Docking Station S410 | Recondicionado"},"content":{"rendered":"<p>Docking Station para laptop robusto GETAC S410.<br \/>Permite alimenta\u00e7\u00e3o e carregamento do notebook atrav\u00e9s do Docking.<br \/>Possibilidade de ligar o laptop atrav\u00e9s do encaixe.<br \/><b>Portas:<\/b><br \/>3xUSB 3.0 \/ 1xSerial \/ 1xParallel \/ 1xRJ45 \/ 1xHDMI \/ 1xDisplayPort \/ 1xAudio In-Out<\/p>\n","protected":false},"excerpt":{"rendered":"<p>3xUSB 3.0 \/ 1xSerial \/ 1xParallel \/ 1xRJ45 \/ 1xHDMI \/ 1xDisplayPort \/ 1xAudio In-Out<\/p>\n","protected":false},"featured_media":66560,"template":"","meta":[],"product_brand":[3462],"product_cat":[2253,3084,3093],"product_tag":[],"class_list":{"0":"post-66572","1":"product","2":"type-product","3":"status-publish","4":"has-post-thumbnail","6":"product_brand-getac","7":"product_cat-laptops-pt","8":"product_cat-laptops-opcaos-pt","9":"product_cat-laptops-opcaos-docking-station-pt","11":"first","12":"instock","13":"taxable","14":"shipping-taxable","15":"purchasable","16":"product-type-simple"},"bundled_by":[],"bundle_stock_status":"instock","bundle_stock_quantity":14,"bundle_virtual":false,"bundle_layout":"","bundle_add_to_cart_form_location":"","bundle_editable_in_cart":false,"bundle_sold_individually_context":"","bundle_item_grouping":"","bundle_min_size":"","bundle_max_size":"","bundle_price":[],"bundled_items":[],"bundle_sell_ids":[],"exclude_global_add_ons":[],"addons":[],"df_price":151.25,"df_sale_price":"","df_regular_price":151.25,"df_image_link":"https:\/\/zoca.es\/wp-content\/uploads\/images\/product\/9703\/gtc00014_01-300x225.jpg","_links":{"self":[{"href":"https:\/\/zoca.es\/pt-pt\/wp-json\/wp\/v2\/product\/66572","targetHints":{"allow":["GET"]}}],"collection":[{"href":"https:\/\/zoca.es\/pt-pt\/wp-json\/wp\/v2\/product"}],"about":[{"href":"https:\/\/zoca.es\/pt-pt\/wp-json\/wp\/v2\/types\/product"}],"wp:featuredmedia":[{"embeddable":true,"href":"https:\/\/zoca.es\/pt-pt\/wp-json\/wp\/v2\/media\/66560"}],"wp:attachment":[{"href":"https:\/\/zoca.es\/pt-pt\/wp-json\/wp\/v2\/media?parent=66572"}],"wp:term":[{"taxonomy":"product_brand","embeddable":true,"href":"https:\/\/zoca.es\/pt-pt\/wp-json\/wp\/v2\/product_brand?post=66572"},{"taxonomy":"product_cat","embeddable":true,"href":"https:\/\/zoca.es\/pt-pt\/wp-json\/wp\/v2\/product_cat?post=66572"},{"taxonomy":"product_tag","embeddable":true,"href":"https:\/\/zoca.es\/pt-pt\/wp-json\/wp\/v2\/product_tag?post=66572"}],"curies":[{"name":"wp","href":"https:\/\/api.w.org\/{rel}","templated":true}]}}