{"id":66362,"date":"2022-07-26T15:19:18","date_gmt":"2022-07-26T14:19:18","guid":{"rendered":"https:\/\/zoca.es\/producto\/hp-elitedesk-800-g1-barebone-recondicionado-core-i5-33ghz-8-gb-ram-sin-disco-sff-pt-9611\/"},"modified":"2026-03-16T13:07:49","modified_gmt":"2026-03-16T12:07:49","slug":"hp-elitedesk-800-g1-barebone-recondicionado-core-i5-33ghz-8-gb-ram-sin-disco-sff-pt-9611","status":"publish","type":"product","link":"https:\/\/zoca.es\/pt-pt\/produto\/hp-elitedesk-800-g1-barebone-recondicionado-core-i5-33ghz-8-gb-ram-sin-disco-sff-pt-9611\/","title":{"rendered":"HP EliteDesk 800 G1 Barebone SFF | Recondicionado | Core i5 3.2GHz | 8 GB RAM | &#8211; Sin disco &#8211;"},"content":{"rendered":"<p><strong>Processador<\/strong><br \/>Intel Core i5 4570 3.2 GHz.<br \/><strong>Fator de forma<\/strong><br \/>SFF<br \/><strong>Mem\u00f3ria RAM<\/strong><br \/>8 Gb. DDR3 RAM<br \/><strong>Disco r\u00edgido<\/strong><br \/>&#8211; Sin disco &#8211;<br \/><strong>Drive \u00f3ptico<\/strong><br \/>DVD-RW<br \/><strong>Cart\u00f5es<\/strong><br \/>Placa gr\u00e1fica: Intel HD Graphics 4600<br \/>Som: Realtek ALC 221<br \/>Network: Intel 82577LM Gigabit Ethernet<br \/><strong>Sistema operativo<\/strong><br \/>Windows 7 Pro<br \/><strong>Portos<\/strong><br \/>S\u00e9rie<br \/>6x USB 2.0<br \/>2x PS2<br \/>4x USB 3.0<br \/><strong>Portas de v\u00eddeo<\/strong><br \/>VGA<br \/>2x Display Port<br \/><strong>Conectividade<\/strong><br \/>RJ-45<br \/><strong>Outros<\/strong><br \/>hR embalagens<br \/><strong>Dimens\u00f5es<\/strong><br \/>34x38x10 cm.<br \/><strong>Peso<\/strong><br \/>5.75 Kg.<br \/><strong>Especifica\u00e7\u00f5es adicionais<\/strong><br \/><u>Computador Barebone: voc\u00ea pode configur\u00e1-lo de acordo com suas necessidades adicionando discos r\u00edgidos ou SSDs e expandindo sua mem\u00f3ria. Como base, \u00e9 fornecido com 8 Gb de mem\u00f3ria e sem disco (inclui guias e parafusos de disco). <\/u>Boa apar\u00eancia l\u00e1 fora. Veja em &#8220;+ Fotos&#8221; e &#8220;V\u00eddeo&#8221; e se tiver alguma d\u00favida ligue para n\u00f3s ou use nosso chat para ampliar as informa\u00e7\u00f5es ou solicitar mais detalhes Bom estado est\u00e9tico.<\/p>\n<p><strong>Coment\u00e1rios<\/strong><br \/><u>1xPCIe X16 \/ 2xPCIe X1 \/ 1xPCI<\/u><\/p>\n","protected":false},"excerpt":{"rendered":"<p>Intel Core i5 4570 3.2 GHz. \u00b7 8 Gb. DDR3 RAM \u00b7 &#8211; Sin disco &#8211; \u00b7 DVD-RW \u00b7 Windows 7 Pro \u00b7 <u>1xPCIe X16 \/ 2xPCIe X1 \/ 1xPCI<\/u><\/p>\n","protected":false},"featured_media":66341,"template":"","meta":[],"product_brand":[3453],"product_cat":[3123,2218,3182],"product_tag":[],"class_list":{"0":"post-66362","1":"product","2":"type-product","3":"status-publish","4":"has-post-thumbnail","6":"product_brand-hp","7":"product_cat-computadores-computadores-pt","8":"product_cat-computadores-pt","9":"product_cat-barebone-pt","11":"first","12":"instock","13":"taxable","14":"shipping-taxable","15":"purchasable","16":"product-type-simple"},"bundled_by":[],"bundle_stock_status":"instock","bundle_stock_quantity":125,"bundle_virtual":false,"bundle_layout":"","bundle_add_to_cart_form_location":"","bundle_editable_in_cart":false,"bundle_sold_individually_context":"","bundle_item_grouping":"","bundle_min_size":"","bundle_max_size":"","bundle_price":[],"bundled_items":[],"bundle_sell_ids":[],"exclude_global_add_ons":true,"addons":{"webcam-upgrades":{"name":"Extens\u00e3o Webcam","type":"multiple_choice","position":0,"required":false,"title_format":"heading","default":"","description_enable":false,"description":"","placeholder_enable":false,"placeholder":"","display":"radiobutton","restrictions_type":"any_text","adjust_price":false,"price":"","price_type":"quantity_based","restrictions":false,"min":"0","max":"0","options":[{"label":"Conceptronic AMDIS FullHD [AMP00085]","price":"29.0000","price_type":"quantity_based","image":0,"visibility":true}]},"ram-memory-upgrades":{"name":"Extens\u00e3o RAM","type":"multiple_choice","position":0,"required":false,"title_format":"heading","default":"","description_enable":false,"description":"","placeholder_enable":false,"placeholder":"","display":"radiobutton","restrictions_type":"any_text","adjust_price":false,"price":"","price_type":"quantity_based","restrictions":false,"min":"0","max":"0","options":[{"label":"Extens\u00e3o RAM 16 Gb DDR3 [AMP00002]","price":"30.0000","price_type":"quantity_based","image":0,"visibility":true}]},"graphic-card-upgrades":{"name":"Extens\u00e3o placa gr\u00e1fica","type":"multiple_choice","position":0,"required":false,"title_format":"heading","default":"","description_enable":false,"description":"","placeholder_enable":false,"placeholder":"","display":"radiobutton","restrictions_type":"any_text","adjust_price":false,"price":"","price_type":"quantity_based","restrictions":false,"min":"0","max":"0","options":[{"label":"T. Gr\u00e1fica 2 Gb. (1xDVI, 1xHDMI) [AMP00010]","price":"60.0000","price_type":"quantity_based","image":0,"visibility":true}]},"network-card-upgrades":{"name":"Extens\u00e3o WIFI","type":"multiple_choice","position":0,"required":false,"title_format":"heading","default":"","description_enable":false,"description":"","placeholder_enable":false,"placeholder":"","display":"radiobutton","restrictions_type":"any_text","adjust_price":false,"price":"","price_type":"quantity_based","restrictions":false,"min":"0","max":"0","options":[{"label":"Ampliaci\u00f3n a Tarj. Wi-Fi PCI [AMP00017]","price":"15.0000","price_type":"quantity_based","image":0,"visibility":true},{"label":"Ampliaci\u00f3n a Wireless nano USB [AMP00018]","price":"12.0000","price_type":"quantity_based","image":0,"visibility":true}]},"keyboard-upgrades":{"name":"Extens\u00e3o teclado","type":"multiple_choice","position":0,"required":false,"title_format":"heading","default":"","description_enable":false,"description":"","placeholder_enable":false,"placeholder":"","display":"radiobutton","restrictions_type":"any_text","adjust_price":false,"price":"","price_type":"quantity_based","restrictions":false,"min":"0","max":"0","options":[{"label":"Teclado e Mouse [AMP00020]","price":"8.0000","price_type":"quantity_based","image":0,"visibility":true},{"label":"Teclado e Mouse Portugu\u00e9s Nuevo [AMP00088]","price":"15.0000","price_type":"quantity_based","image":0,"visibility":true},{"label":"Teclado e mouse USB em espanhol (Novo) [AMP00068]","price":"12.0000","price_type":"quantity_based","image":0,"visibility":true}]}},"df_price":94.38,"df_sale_price":"","df_regular_price":94.38,"df_image_link":"https:\/\/zoca.es\/wp-content\/uploads\/images\/product\/9611\/hp01817_01-300x225.jpg","_links":{"self":[{"href":"https:\/\/zoca.es\/pt-pt\/wp-json\/wp\/v2\/product\/66362","targetHints":{"allow":["GET"]}}],"collection":[{"href":"https:\/\/zoca.es\/pt-pt\/wp-json\/wp\/v2\/product"}],"about":[{"href":"https:\/\/zoca.es\/pt-pt\/wp-json\/wp\/v2\/types\/product"}],"wp:featuredmedia":[{"embeddable":true,"href":"https:\/\/zoca.es\/pt-pt\/wp-json\/wp\/v2\/media\/66341"}],"wp:attachment":[{"href":"https:\/\/zoca.es\/pt-pt\/wp-json\/wp\/v2\/media?parent=66362"}],"wp:term":[{"taxonomy":"product_brand","embeddable":true,"href":"https:\/\/zoca.es\/pt-pt\/wp-json\/wp\/v2\/product_brand?post=66362"},{"taxonomy":"product_cat","embeddable":true,"href":"https:\/\/zoca.es\/pt-pt\/wp-json\/wp\/v2\/product_cat?post=66362"},{"taxonomy":"product_tag","embeddable":true,"href":"https:\/\/zoca.es\/pt-pt\/wp-json\/wp\/v2\/product_tag?post=66362"}],"curies":[{"name":"wp","href":"https:\/\/api.w.org\/{rel}","templated":true}]}}