{"id":48025,"date":"2022-01-18T18:05:10","date_gmt":"2022-01-18T17:05:10","guid":{"rendered":"https:\/\/zoca.es\/producto\/opcao-pos-detector-billetes-uv-safescan-70-novo-pt-8990\/"},"modified":"2026-02-25T10:35:15","modified_gmt":"2026-02-25T09:35:15","slug":"opcao-pos-detector-billetes-uv-safescan-70-novo-pt-8990","status":"publish","type":"product","link":"https:\/\/zoca.es\/pt-pt\/produto\/opcao-pos-detector-billetes-uv-safescan-70-novo-pt-8990\/","title":{"rendered":"Op\u00e7\u00e3o POS  Detector billetes UV Safescan 70 Novo"},"content":{"rendered":"<p>Poderosa l\u00e2mpada UV de 9 W<br \/>Com refletor, para garantir uma qualidade de luz UV super poderosa<br \/>Com tecnologia de pr\u00e9-aquecimento inicial para triplicar a vida \u00fatil da l\u00e2mpada<br \/>L\u00e2mpada facilmente substitu\u00edvel<br \/>Ampla \u00e1rea de luz branca (16 LEDs)<br \/>Sensor liga\/desliga autom\u00e1tico para economizar energia e prolongar a vida \u00fatil da l\u00e2mpada<br \/>Adequado para qualquer moeda<br \/>Verifica notas de euro antigas e novas (ES-1\/ES-2)<br \/>Verifique as caracter\u00edsticas UV das notas<br \/>Verifique marca d&#8217;\u00e1gua, microimpress\u00e3o e fio met\u00e1lico<br \/>Verifique cart\u00f5es de cr\u00e9dito, passaportes e outros documentos de identifica\u00e7\u00e3o<br \/>Dimens\u00f5es: 20,6 x 10,2 x 8,8 cm<br \/>Peso: 585g<br \/>Alimenta\u00e7\u00e3o: CA 220V-240V<\/p>\n","protected":false},"excerpt":{"rendered":"<p>Detector de falsifica\u00e7\u00e3o. Identifica\u00e7\u00e3o de elementos de seguran\u00e7a nas notas. Verifique tamb\u00e9m os IDs. Refletor integrado para vis\u00e3o ideal. \u00c1rea de luz de fundo poderosa. Modos de suspens\u00e3o e in\u00edcio autom\u00e1ticos.<\/p>\n","protected":false},"featured_media":59950,"template":"","meta":[],"product_brand":[3465],"product_cat":[4034,61,2329],"product_tag":[],"class_list":{"0":"post-48025","1":"product","2":"type-product","3":"status-publish","4":"has-post-thumbnail","6":"product_brand-generic","7":"product_cat-contadores-de-notas-pt","8":"product_cat-pos-pt","9":"product_cat-pos-outros-pt","11":"first","12":"instock","13":"taxable","14":"shipping-taxable","15":"purchasable","16":"product-type-simple"},"bundled_by":[],"bundle_stock_status":"instock","bundle_stock_quantity":1,"bundle_virtual":false,"bundle_layout":"","bundle_add_to_cart_form_location":"","bundle_editable_in_cart":false,"bundle_sold_individually_context":"","bundle_item_grouping":"","bundle_min_size":"","bundle_max_size":"","bundle_price":[],"bundled_items":[],"bundle_sell_ids":[],"exclude_global_add_ons":[],"addons":[],"df_price":72.6,"df_sale_price":"","df_regular_price":72.6,"df_image_link":"https:\/\/zoca.es\/wp-content\/uploads\/images\/product\/8990\/gene00249_01-300x225.jpg","_links":{"self":[{"href":"https:\/\/zoca.es\/pt-pt\/wp-json\/wp\/v2\/product\/48025","targetHints":{"allow":["GET"]}}],"collection":[{"href":"https:\/\/zoca.es\/pt-pt\/wp-json\/wp\/v2\/product"}],"about":[{"href":"https:\/\/zoca.es\/pt-pt\/wp-json\/wp\/v2\/types\/product"}],"wp:featuredmedia":[{"embeddable":true,"href":"https:\/\/zoca.es\/pt-pt\/wp-json\/wp\/v2\/media\/59950"}],"wp:attachment":[{"href":"https:\/\/zoca.es\/pt-pt\/wp-json\/wp\/v2\/media?parent=48025"}],"wp:term":[{"taxonomy":"product_brand","embeddable":true,"href":"https:\/\/zoca.es\/pt-pt\/wp-json\/wp\/v2\/product_brand?post=48025"},{"taxonomy":"product_cat","embeddable":true,"href":"https:\/\/zoca.es\/pt-pt\/wp-json\/wp\/v2\/product_cat?post=48025"},{"taxonomy":"product_tag","embeddable":true,"href":"https:\/\/zoca.es\/pt-pt\/wp-json\/wp\/v2\/product_tag?post=48025"}],"curies":[{"name":"wp","href":"https:\/\/api.w.org\/{rel}","templated":true}]}}