{"id":46613,"date":"2021-12-30T16:47:15","date_gmt":"2021-12-30T15:47:15","guid":{"rendered":"https:\/\/zoca.es\/producto\/opcao-portatil-lenovo-thinkpad-thunderbolt-3-dock-recondicionado-pt-8863\/"},"modified":"2024-02-21T12:58:05","modified_gmt":"2024-02-21T11:58:05","slug":"opcao-portatil-lenovo-thinkpad-thunderbolt-3-dock-recondicionado-pt-8863","status":"publish","type":"product","link":"https:\/\/zoca.es\/pt-pt\/produto\/opcao-portatil-lenovo-thinkpad-thunderbolt-3-dock-recondicionado-pt-8863\/","title":{"rendered":"Op\u00e7\u00e3o port\u00e1til Lenovo ThinkPad Thunderbolt 3 Dock | Recondicionado"},"content":{"rendered":"<p><strong>Portas:\u00a0<\/strong><br \/>5xUSB3 3.0 (1 com alimenta\u00e7\u00e3o) &#8211; 1xUSB-C (Thunderbolt 3 downstream, 5V, 3A) &#8211; 1xUSB-C (Thunderbolt 3) &#8211; 1xHDMI &#8211; 2xDisplayPort &#8211; 1xVGA &#8211; 1xRJ45 &#8211; P\/N: <u>03X7133<\/u><br \/><strong><br \/>\nOutras:\u00a0<\/strong><br \/><u>Adaptador de energia inclu\u00eddo<\/u><\/p>\n","protected":false},"excerpt":{"rendered":"<p>Conex\u00e3o do computador via USB-C  &#8211; Adaptador de alimenta\u00e7\u00e3o incluso<\/p>\n","protected":false},"featured_media":60298,"template":"","meta":[],"product_brand":[3452],"product_cat":[2253,3084,3093],"product_tag":[],"class_list":{"0":"post-46613","1":"product","2":"type-product","3":"status-publish","4":"has-post-thumbnail","6":"product_brand-lenovo","7":"product_cat-laptops-pt","8":"product_cat-laptops-opcaos-pt","9":"product_cat-laptops-opcaos-docking-station-pt","11":"first","12":"outofstock","13":"taxable","14":"shipping-taxable","15":"purchasable","16":"product-type-simple"},"bundled_by":[],"bundle_stock_status":"outofstock","bundle_stock_quantity":0,"bundle_virtual":false,"bundle_layout":"","bundle_add_to_cart_form_location":"","bundle_editable_in_cart":false,"bundle_sold_individually_context":"","bundle_item_grouping":"","bundle_min_size":"","bundle_max_size":"","bundle_price":[],"bundled_items":[],"bundle_sell_ids":[],"exclude_global_add_ons":[],"addons":[],"df_price":130.68,"df_sale_price":"","df_regular_price":130.68,"df_image_link":"https:\/\/zoca.es\/wp-content\/uploads\/images\/product\/8863\/leno00630_01-300x225.jpg","_links":{"self":[{"href":"https:\/\/zoca.es\/pt-pt\/wp-json\/wp\/v2\/product\/46613","targetHints":{"allow":["GET"]}}],"collection":[{"href":"https:\/\/zoca.es\/pt-pt\/wp-json\/wp\/v2\/product"}],"about":[{"href":"https:\/\/zoca.es\/pt-pt\/wp-json\/wp\/v2\/types\/product"}],"wp:featuredmedia":[{"embeddable":true,"href":"https:\/\/zoca.es\/pt-pt\/wp-json\/wp\/v2\/media\/60298"}],"wp:attachment":[{"href":"https:\/\/zoca.es\/pt-pt\/wp-json\/wp\/v2\/media?parent=46613"}],"wp:term":[{"taxonomy":"product_brand","embeddable":true,"href":"https:\/\/zoca.es\/pt-pt\/wp-json\/wp\/v2\/product_brand?post=46613"},{"taxonomy":"product_cat","embeddable":true,"href":"https:\/\/zoca.es\/pt-pt\/wp-json\/wp\/v2\/product_cat?post=46613"},{"taxonomy":"product_tag","embeddable":true,"href":"https:\/\/zoca.es\/pt-pt\/wp-json\/wp\/v2\/product_tag?post=46613"}],"curies":[{"name":"wp","href":"https:\/\/api.w.org\/{rel}","templated":true}]}}