{"id":40923,"date":"2021-10-05T12:00:17","date_gmt":"2021-10-05T11:00:17","guid":{"rendered":"https:\/\/zoca.es\/producto\/impressora-pos-termica-toshiba-b-ep2dl-gh20-qm-r-recondicionado-pt-8510\/"},"modified":"2026-03-24T21:37:34","modified_gmt":"2026-03-24T20:37:34","slug":"impressora-pos-termica-toshiba-b-ep2dl-gh20-qm-r-recondicionado-pt-8510","status":"publish","type":"product","link":"https:\/\/zoca.es\/pt-pt\/produto\/impressora-pos-termica-toshiba-b-ep2dl-gh20-qm-r-recondicionado-pt-8510\/","title":{"rendered":"Impressora POS T\u00e9rmica Toshiba B-EP2DL-GH20-QM-R | Recondicionado"},"content":{"rendered":"<p><strong>Tecnologia<\/strong><br \/>T\u00e9rmica<br \/><strong>C\u00f3pias<\/strong><br \/>Velocidade de impress\u00e3o 4 mm\/s<br \/>Caracteres por polegada 203<br \/><strong>Manuseio de papel<\/strong><br \/>Corte manual<br \/><strong>Conectividade impressora<\/strong><br \/>Serie, USB<br \/><strong>Outros<\/strong><br \/>Alimentador inclu\u00eddo<br \/><strong>Caixa<\/strong><br \/>Cor preto<br \/><strong>Dimens\u00f5es<\/strong><br \/>11.9&#215;8.8&#215;6.5 cm.<br \/><strong>Peso<\/strong><br \/>1.00 Kg.<br \/><strong>Especifica\u00e7\u00f5es adicionais<\/strong><br \/>Impressora de tickets port\u00e1til com conex\u00e3o serial e USB. Ideal para ambientes de mobilidade. Inclui 2 baterias o que lhe confere grande autonomia. <br \/><b>Controles de qualidade\/testes laboratoriais: <\/b><u>Inspe\u00e7\u00e3o f\u00edsica:<\/u> Inspe\u00e7\u00e3o do chassi, limpeza e verifica\u00e7\u00e3o de danos. <u>Conectividade:<\/u> Verifica\u00e7\u00e3o de portas e conex\u00f5es (USB, Ethernet, etc.). <u>Teste de impress\u00e3o:<\/u> Teste de qualidade e velocidade, verifica\u00e7\u00e3o de alinhamento e legibilidade. <u>Gerenciamento de papel:<\/u> Revis\u00e3o do sistema de alimenta\u00e7\u00e3o e detec\u00e7\u00e3o de atolamentos. <u>Teste de carga:<\/u> Teste de confiabilidade em uso cont\u00ednuo.<br \/><u>Inspe\u00e7\u00e3o interna:<\/u> Verifica\u00e7\u00e3o e limpeza de componentes internos.<br \/>Boa apar\u00eancia externa. Pode ter algum tipo de desgaste nos bot\u00f5es. Procure em &#8220;+ Fotos\u201d e &#8220;V\u00eddeo\u201d e caso tenha alguma d\u00favida, ligue-nos ou utilize nosso chat para mais informa\u00e7\u00f5es ou para solicitar mais detalhes.<\/p>\n<p><strong>Coment\u00e1rios<\/strong><br \/><u>Conex\u00e3o 232C &#8211; 2\u00aa Bateria Adicional<\/u><\/p>\n","protected":false},"excerpt":{"rendered":"<p>T\u00e9rmica \u00b7 Corte manual \u00b7 Velocidade de impress\u00e3o 4 mm\/s \u00b7 Caracteres por polegada 203 \u00b7 Serie, USB \u00b7 Caixa cor preto \u00b7 <u>Conex\u00e3o 232C &#8211; 2\u00aa Bateria Adicional<\/u><\/p>\n","protected":false},"featured_media":59605,"template":"","meta":[],"product_brand":[3444],"product_cat":[2362,2389],"product_tag":[],"class_list":{"0":"post-40923","1":"product","2":"type-product","3":"status-publish","4":"has-post-thumbnail","6":"product_brand-toshiba","7":"product_cat-impressoras-pt","8":"product_cat-impressoras-pos-pt","10":"first","11":"instock","12":"sale","13":"taxable","14":"shipping-taxable","15":"purchasable","16":"product-type-simple"},"bundled_by":[],"bundle_stock_status":"instock","bundle_stock_quantity":53,"bundle_virtual":false,"bundle_layout":"","bundle_add_to_cart_form_location":"","bundle_editable_in_cart":false,"bundle_sold_individually_context":"","bundle_item_grouping":"","bundle_min_size":"","bundle_max_size":"","bundle_price":[],"bundled_items":[],"bundle_sell_ids":[],"exclude_global_add_ons":[],"addons":[],"df_price":36.3,"df_sale_price":36.3,"df_regular_price":60.5,"df_image_link":"https:\/\/zoca.es\/wp-content\/uploads\/images\/product\/8510\/tosh00137_01-300x225.jpg","_links":{"self":[{"href":"https:\/\/zoca.es\/pt-pt\/wp-json\/wp\/v2\/product\/40923","targetHints":{"allow":["GET"]}}],"collection":[{"href":"https:\/\/zoca.es\/pt-pt\/wp-json\/wp\/v2\/product"}],"about":[{"href":"https:\/\/zoca.es\/pt-pt\/wp-json\/wp\/v2\/types\/product"}],"wp:featuredmedia":[{"embeddable":true,"href":"https:\/\/zoca.es\/pt-pt\/wp-json\/wp\/v2\/media\/59605"}],"wp:attachment":[{"href":"https:\/\/zoca.es\/pt-pt\/wp-json\/wp\/v2\/media?parent=40923"}],"wp:term":[{"taxonomy":"product_brand","embeddable":true,"href":"https:\/\/zoca.es\/pt-pt\/wp-json\/wp\/v2\/product_brand?post=40923"},{"taxonomy":"product_cat","embeddable":true,"href":"https:\/\/zoca.es\/pt-pt\/wp-json\/wp\/v2\/product_cat?post=40923"},{"taxonomy":"product_tag","embeddable":true,"href":"https:\/\/zoca.es\/pt-pt\/wp-json\/wp\/v2\/product_tag?post=40923"}],"curies":[{"name":"wp","href":"https:\/\/api.w.org\/{rel}","templated":true}]}}