{"id":35330,"date":"2021-06-08T09:23:56","date_gmt":"2021-06-08T08:23:56","guid":{"rendered":"https:\/\/zoca.es\/producto\/opcao-portatil-ibm-lenovo-adaptador-corriente-02k6809-recondicionado-pt-1449\/"},"modified":"2026-02-25T09:44:00","modified_gmt":"2026-02-25T08:44:00","slug":"opcao-portatil-ibm-lenovo-adaptador-corriente-02k6809-recondicionado-pt-1449","status":"publish","type":"product","link":"https:\/\/zoca.es\/pt-pt\/produto\/opcao-portatil-ibm-lenovo-adaptador-corriente-02k6809-recondicionado-pt-1449\/","title":{"rendered":"Op\u00e7\u00e3o port\u00e1til IBM-Lenovo Adaptador Corriente 02K6809 Recondicionado"},"content":{"rendered":"<p><strong>P\/N:<\/strong><br \/>02K6809<br \/><strong>V\u00e1lido para los modelos:<\/strong><br \/>ThinkPad A20<br \/>ThinkPad A20m<br \/>ThinkPad A20p<br \/>ThinkPad A21e<br \/>ThinkPad A21m<br \/>ThinkPad A21p<br \/>ThinkPad A22e<br \/>ThinkPad A22m<br \/>ThinkPad A22p<br \/>ThinkPad A30<br \/>ThinkPad A30p<br \/>ThinkPad A31<br \/>ThinkPad A31p<br \/>ThinkPad R30<br \/>ThinkPad R31<br \/>ThinkPad R32<br \/>ThinkPad R40<br \/>ThinkPad R40e<br \/>ThinkPad R50<br \/>ThinkPad R50e<br \/>ThinkPad R50p<br \/>ThinkPad R51<br \/>ThinkPad T20<br \/>ThinkPad T21<br \/>ThinkPad T22<br \/>ThinkPad T23<br \/>ThinkPad T30<br \/>ThinkPad T40<br \/>ThinkPad T40p<br \/>ThinkPad T41<br \/>ThinkPad T41p<br \/>ThinkPad T42<br \/>ThinkPad T42p<br \/>ThinkPad T43<br \/>ThinkPad T43p<br \/>ThinkPad X20<br \/>ThinkPad X21<br \/>ThinkPad X22<br \/>ThinkPad X23<br \/>ThinkPad X24<br \/>ThinkPad X30<br \/>ThinkPad X31<br \/>ThinkPad X40<br \/>ThinkPad X41<br \/>ThinkPad X41Tablet<br \/>ThinkPad S30<br \/>ThinkPad S31<br \/>ThinkPad 130<br \/>ThinkPad 1100<br \/>ThinkPad 1200<br \/>ThinkPad 1210<br \/>ThinkPad 1230<br \/>ThinkPad 1250<br \/>ThinkPad 1260<br \/>ThinkPad 1300<br \/>ThinkPad 1310<br \/>ThinkPad 1320<br \/>ThinkPad 1330<br \/>ThinkPad 1340<br \/>ThinkPad 1370<br \/>ThinkPad 1400<br \/>ThinkPad 1500<br \/>ThinkPad 1700<br \/>ThinkPad 1720<br \/>ThinkPad 1721<\/p>\n","protected":false},"excerpt":{"rendered":"<p>Adaptador de Corriente IBM<\/p>\n","protected":false},"featured_media":62398,"template":"","meta":[],"product_brand":[3532],"product_cat":[4015,4053,2253,3084,3090],"product_tag":[],"class_list":{"0":"post-35330","1":"product","2":"type-product","3":"status-publish","4":"has-post-thumbnail","6":"product_brand-ibm-lenovo","7":"product_cat-cabos-alimentacao-pt","8":"product_cat-cabos-pt","9":"product_cat-laptops-pt","10":"product_cat-laptops-opcaos-pt","11":"product_cat-laptops-opcaos-carregadores-pt","13":"first","14":"instock","15":"taxable","16":"shipping-taxable","17":"purchasable","18":"product-type-simple"},"bundled_by":[],"bundle_stock_status":"instock","bundle_stock_quantity":2,"bundle_virtual":false,"bundle_layout":"","bundle_add_to_cart_form_location":"","bundle_editable_in_cart":false,"bundle_sold_individually_context":"","bundle_item_grouping":"","bundle_min_size":"","bundle_max_size":"","bundle_price":[],"bundled_items":[],"bundle_sell_ids":[],"exclude_global_add_ons":[],"addons":[],"df_price":30.25,"df_sale_price":"","df_regular_price":30.25,"df_image_link":"https:\/\/zoca.es\/wp-content\/uploads\/images\/product\/1449\/ibml00002_01-300x225.jpg","_links":{"self":[{"href":"https:\/\/zoca.es\/pt-pt\/wp-json\/wp\/v2\/product\/35330","targetHints":{"allow":["GET"]}}],"collection":[{"href":"https:\/\/zoca.es\/pt-pt\/wp-json\/wp\/v2\/product"}],"about":[{"href":"https:\/\/zoca.es\/pt-pt\/wp-json\/wp\/v2\/types\/product"}],"wp:featuredmedia":[{"embeddable":true,"href":"https:\/\/zoca.es\/pt-pt\/wp-json\/wp\/v2\/media\/62398"}],"wp:attachment":[{"href":"https:\/\/zoca.es\/pt-pt\/wp-json\/wp\/v2\/media?parent=35330"}],"wp:term":[{"taxonomy":"product_brand","embeddable":true,"href":"https:\/\/zoca.es\/pt-pt\/wp-json\/wp\/v2\/product_brand?post=35330"},{"taxonomy":"product_cat","embeddable":true,"href":"https:\/\/zoca.es\/pt-pt\/wp-json\/wp\/v2\/product_cat?post=35330"},{"taxonomy":"product_tag","embeddable":true,"href":"https:\/\/zoca.es\/pt-pt\/wp-json\/wp\/v2\/product_tag?post=35330"}],"curies":[{"name":"wp","href":"https:\/\/api.w.org\/{rel}","templated":true}]}}