{"id":32771,"date":"2021-04-15T10:53:12","date_gmt":"2021-04-15T09:53:12","guid":{"rendered":"https:\/\/zoca.es\/producto\/cisco-access-point-cisco-aironet-3602i-ocasion-recondicionado-pt-7286\/"},"modified":"2026-02-25T10:45:38","modified_gmt":"2026-02-25T09:45:38","slug":"cisco-access-point-cisco-aironet-3602i-ocasion-recondicionado-pt-7286","status":"publish","type":"product","link":"https:\/\/zoca.es\/pt-pt\/produto\/cisco-access-point-cisco-aironet-3602i-ocasion-recondicionado-pt-7286\/","title":{"rendered":"CISCO Aironet 3602i | Recondicionado"},"content":{"rendered":"<p><strong>Modelo:<\/strong><br \/>AIR-CAP3620IEK\u00a0<br \/><strong>Conectividade:\u00a0<\/strong><br \/>Porta Ethernet 10\/100\/1000 Mbps PoE\u00a0<br \/><strong>Wi-Fi padr\u00e3o:\u00a0<\/strong><br \/>802.11 a, b, d, g, h, i, n, x\u00a0<br \/><strong>Banda ISM:\u00a0<\/strong><br \/>sim\u00a0<br \/><strong>Freq\u00fc\u00eancia ISM m\u00ednima:\u00a0<\/strong><br \/>2,41 GHz.\u00a0<br \/><strong>Freq\u00fc\u00eancia m\u00e1xima de ISM:\u00a0<\/strong><br \/>5 GHz.\u00a0<br \/><strong>Velocidade de transmiss\u00e3o de dados:<\/strong>\u00a0<br \/>300 Mbps.<\/p>\n<p><\/p>\n","protected":false},"excerpt":{"rendered":"<p>Modelo:AIR-CAP3620IEK\u00a0Conectividade:\u00a0Porta Ethernet 10\/100\/1000 Mbps PoE\u00a0Wi-Fi padr\u00e3o:\u00a0802.11 a, b, d, g, h, i, n, x\u00a0Banda ISM:\u00a0sim\u00a0Freq\u00fc\u00eancia ISM m\u00ednima:\u00a02,41 GHz.\u00a0Freq\u00fc\u00eancia m\u00e1xima de ISM:\u00a05 GHz.\u00a0Velocidade de transmiss\u00e3o de dados:\u00a0300 Mbps.<\/p>\n","protected":false},"featured_media":81056,"template":"","meta":[],"product_brand":[3477],"product_cat":[3216,79],"product_tag":[],"class_list":{"0":"post-32771","1":"product","2":"type-product","3":"status-publish","4":"has-post-thumbnail","6":"product_brand-cisco","7":"product_cat-networking-wireless-pt","8":"product_cat-networking-pt","10":"first","11":"instock","12":"taxable","13":"shipping-taxable","14":"purchasable","15":"product-type-simple"},"bundled_by":[],"bundle_stock_status":"instock","bundle_stock_quantity":18,"bundle_virtual":false,"bundle_layout":"","bundle_add_to_cart_form_location":"","bundle_editable_in_cart":false,"bundle_sold_individually_context":"","bundle_item_grouping":"","bundle_min_size":"","bundle_max_size":"","bundle_price":[],"bundled_items":[],"bundle_sell_ids":[],"exclude_global_add_ons":[],"addons":[],"df_price":102.85,"df_sale_price":"","df_regular_price":102.85,"df_image_link":"https:\/\/zoca.es\/wp-content\/uploads\/images\/product\/7286\/aircap3620iek9_01-300x225.jpg","_links":{"self":[{"href":"https:\/\/zoca.es\/pt-pt\/wp-json\/wp\/v2\/product\/32771","targetHints":{"allow":["GET"]}}],"collection":[{"href":"https:\/\/zoca.es\/pt-pt\/wp-json\/wp\/v2\/product"}],"about":[{"href":"https:\/\/zoca.es\/pt-pt\/wp-json\/wp\/v2\/types\/product"}],"wp:featuredmedia":[{"embeddable":true,"href":"https:\/\/zoca.es\/pt-pt\/wp-json\/wp\/v2\/media\/81056"}],"wp:attachment":[{"href":"https:\/\/zoca.es\/pt-pt\/wp-json\/wp\/v2\/media?parent=32771"}],"wp:term":[{"taxonomy":"product_brand","embeddable":true,"href":"https:\/\/zoca.es\/pt-pt\/wp-json\/wp\/v2\/product_brand?post=32771"},{"taxonomy":"product_cat","embeddable":true,"href":"https:\/\/zoca.es\/pt-pt\/wp-json\/wp\/v2\/product_cat?post=32771"},{"taxonomy":"product_tag","embeddable":true,"href":"https:\/\/zoca.es\/pt-pt\/wp-json\/wp\/v2\/product_tag?post=32771"}],"curies":[{"name":"wp","href":"https:\/\/api.w.org\/{rel}","templated":true}]}}