{"id":32534,"date":"2021-04-13T15:38:31","date_gmt":"2021-04-13T14:38:31","guid":{"rendered":"https:\/\/zoca.es\/producto\/opcao-portatil-ibm-lenovo-docking-station-x240-recondicionado-pt-1606\/"},"modified":"2026-02-25T10:40:58","modified_gmt":"2026-02-25T09:40:58","slug":"opcao-portatil-ibm-lenovo-docking-station-x240-recondicionado-pt-1606","status":"publish","type":"product","link":"https:\/\/zoca.es\/pt-pt\/produto\/opcao-portatil-ibm-lenovo-docking-station-x240-recondicionado-pt-1606\/","title":{"rendered":"Op\u00e7\u00e3o port\u00e1til IBM-Lenovo Docking Station X240 | Recondicionado"},"content":{"rendered":"<p><b>Caracter\u00edsticas:<\/b><br \/>3xUSB 3.0, 3xUSB 2.0, 1xVGA, 1xDVI-D, 1xDisplayPort, 1xEthernet Gigabit, 1xAudio In, 1xAudio Out<br \/><strong>Otros:<\/strong><br \/><u>Adaptador de corriente no incluido<\/u><\/p>\n","protected":false},"excerpt":{"rendered":"<p>Adaptador de corriente no incluido &#8211; Compatible con ThinkPad: X240, X250, T440<\/p>\n","protected":false},"featured_media":61771,"template":"","meta":[],"product_brand":[3532],"product_cat":[2253,3084,3093],"product_tag":[],"class_list":{"0":"post-32534","1":"product","2":"type-product","3":"status-publish","4":"has-post-thumbnail","6":"product_brand-ibm-lenovo","7":"product_cat-laptops-pt","8":"product_cat-laptops-opcaos-pt","9":"product_cat-laptops-opcaos-docking-station-pt","11":"first","12":"instock","13":"taxable","14":"shipping-taxable","15":"purchasable","16":"product-type-simple"},"bundled_by":[],"bundle_stock_status":"instock","bundle_stock_quantity":52,"bundle_virtual":false,"bundle_layout":"","bundle_add_to_cart_form_location":"","bundle_editable_in_cart":false,"bundle_sold_individually_context":"","bundle_item_grouping":"","bundle_min_size":"","bundle_max_size":"","bundle_price":[],"bundled_items":[],"bundle_sell_ids":[],"exclude_global_add_ons":[],"addons":[],"df_price":48.4,"df_sale_price":"","df_regular_price":48.4,"df_image_link":"https:\/\/zoca.es\/wp-content\/uploads\/images\/product\/1606\/ibml00007_01-300x225.jpg","_links":{"self":[{"href":"https:\/\/zoca.es\/pt-pt\/wp-json\/wp\/v2\/product\/32534","targetHints":{"allow":["GET"]}}],"collection":[{"href":"https:\/\/zoca.es\/pt-pt\/wp-json\/wp\/v2\/product"}],"about":[{"href":"https:\/\/zoca.es\/pt-pt\/wp-json\/wp\/v2\/types\/product"}],"wp:featuredmedia":[{"embeddable":true,"href":"https:\/\/zoca.es\/pt-pt\/wp-json\/wp\/v2\/media\/61771"}],"wp:attachment":[{"href":"https:\/\/zoca.es\/pt-pt\/wp-json\/wp\/v2\/media?parent=32534"}],"wp:term":[{"taxonomy":"product_brand","embeddable":true,"href":"https:\/\/zoca.es\/pt-pt\/wp-json\/wp\/v2\/product_brand?post=32534"},{"taxonomy":"product_cat","embeddable":true,"href":"https:\/\/zoca.es\/pt-pt\/wp-json\/wp\/v2\/product_cat?post=32534"},{"taxonomy":"product_tag","embeddable":true,"href":"https:\/\/zoca.es\/pt-pt\/wp-json\/wp\/v2\/product_tag?post=32534"}],"curies":[{"name":"wp","href":"https:\/\/api.w.org\/{rel}","templated":true}]}}