{"id":32528,"date":"2021-04-13T12:02:49","date_gmt":"2021-04-13T11:02:49","guid":{"rendered":"https:\/\/zoca.es\/producto\/opcao-pos-tft-15-tactil-novo-pt-1421\/"},"modified":"2026-02-25T09:40:26","modified_gmt":"2026-02-25T08:40:26","slug":"opcao-pos-tft-15-tactil-novo-pt-1421","status":"publish","type":"product","link":"https:\/\/zoca.es\/pt-pt\/produto\/opcao-pos-tft-15-tactil-novo-pt-1421\/","title":{"rendered":"Op\u00e7\u00e3o POS TFT 15&#8221; T\u00e1ctil | Novo"},"content":{"rendered":"<p><strong>Tecnolog\u00eda:<\/strong><br \/>TFT 15&#8221; 4:3 Tactil<br \/><strong>Resoluci\u00f3n:<\/strong><br \/>1024 x 768<br \/><strong>Pixel Pitch:<\/strong><br \/>0.294mm<br \/><strong>Brillo:<\/strong><br \/>250 cd\/m2<br \/><strong>Contraste:<\/strong><br \/>450:1<br \/><strong>Angulo:<\/strong><br \/>140\u00b0v \/ 130\u00b0h<br \/><strong>Respuesta:<\/strong><br \/>16 ms<br \/><strong>Tactil:<\/strong><br \/>Resistivo 3mm<br \/><strong>Dimensiones:<\/strong><br \/>357 x 344 x 210 mm.<br \/><strong>Peso:<\/strong><br \/>5,2 Kgrs.<\/p>\n","protected":false},"excerpt":{"rendered":"<p>Tecnolog\u00eda: TFT 15&#8221; Tactil &#8211; Resoluci\u00f3n: 1024 x 768 &#8211; Pixel Pitch: 0.294mm &#8211; Brillo: 250 cd\/m2 &#8211; Contraste: 450:1 &#8211; Angulo:140\u00b0v \/ 130\u00b0h &#8211; Respuesta: 16ms &#8211; Tactil Resistivo 3mm.<\/p>\n","protected":false},"featured_media":61732,"template":"","meta":[],"product_brand":[3465],"product_cat":[2236,61,2239,2326],"product_tag":[],"class_list":{"0":"post-32528","1":"product","2":"type-product","3":"status-publish","4":"has-post-thumbnail","6":"product_brand-generic","7":"product_cat-monitores-pt","8":"product_cat-pos-pt","9":"product_cat-monitores-de-toque-pt","10":"product_cat-pos-monitores-pt","12":"first","13":"instock","14":"taxable","15":"shipping-taxable","16":"purchasable","17":"product-type-simple"},"bundled_by":[],"bundle_stock_status":"instock","bundle_stock_quantity":6,"bundle_virtual":false,"bundle_layout":"","bundle_add_to_cart_form_location":"","bundle_editable_in_cart":false,"bundle_sold_individually_context":"","bundle_item_grouping":"","bundle_min_size":"","bundle_max_size":"","bundle_price":[],"bundled_items":[],"bundle_sell_ids":[],"exclude_global_add_ons":[],"addons":[],"df_price":278.3,"df_sale_price":"","df_regular_price":278.3,"df_image_link":"https:\/\/zoca.es\/wp-content\/uploads\/images\/product\/1421\/gene00044_01-300x225.jpg","_links":{"self":[{"href":"https:\/\/zoca.es\/pt-pt\/wp-json\/wp\/v2\/product\/32528","targetHints":{"allow":["GET"]}}],"collection":[{"href":"https:\/\/zoca.es\/pt-pt\/wp-json\/wp\/v2\/product"}],"about":[{"href":"https:\/\/zoca.es\/pt-pt\/wp-json\/wp\/v2\/types\/product"}],"wp:featuredmedia":[{"embeddable":true,"href":"https:\/\/zoca.es\/pt-pt\/wp-json\/wp\/v2\/media\/61732"}],"wp:attachment":[{"href":"https:\/\/zoca.es\/pt-pt\/wp-json\/wp\/v2\/media?parent=32528"}],"wp:term":[{"taxonomy":"product_brand","embeddable":true,"href":"https:\/\/zoca.es\/pt-pt\/wp-json\/wp\/v2\/product_brand?post=32528"},{"taxonomy":"product_cat","embeddable":true,"href":"https:\/\/zoca.es\/pt-pt\/wp-json\/wp\/v2\/product_cat?post=32528"},{"taxonomy":"product_tag","embeddable":true,"href":"https:\/\/zoca.es\/pt-pt\/wp-json\/wp\/v2\/product_tag?post=32528"}],"curies":[{"name":"wp","href":"https:\/\/api.w.org\/{rel}","templated":true}]}}