{"id":233189,"date":"2026-04-30T10:18:13","date_gmt":"2026-04-30T09:18:13","guid":{"rendered":"https:\/\/zoca.es\/producto\/leitor-codigo-de-barras-honeywell-voyager-1202g-recondicionado-pt-14954\/"},"modified":"2026-04-30T10:18:18","modified_gmt":"2026-04-30T09:18:18","slug":"leitor-codigo-de-barras-honeywell-voyager-1202g-recondicionado-pt-14954","status":"publish","type":"product","link":"https:\/\/zoca.es\/pt-pt\/produto\/leitor-codigo-de-barras-honeywell-voyager-1202g-recondicionado-pt-14954\/","title":{"rendered":"Leitor c\u00f3digo de barras Honeywell Voyager 1202g | Recondicionado"},"content":{"rendered":"<p><b>Bluetooth<\/b><br \/>Dist\u00e2ncia m\u00e1xima de funcionamento: 10 m<br \/><b>Conectividade<\/b><br \/>Interface USB 2.0<br \/><b>Peso<\/b><br \/>180 g<br \/><b>Dimens\u00f5es<\/b><br \/>(Largura x Profundidade x Altura): 180 x 66 x 92 mm<br \/><b>Velocidade de digitaliza\u00e7\u00e3o<\/b><br \/>100 seg\/p\u00e1gina<br \/><b>\u00c2ngulo de inclina\u00e7\u00e3o<\/b><br \/>0\u201330\u00b0<br \/><b>\u00c2ngulo de leitura<\/b><br \/>60\u00b0<br \/><b>Tens\u00e3o de entrada<\/b><br \/>5 V<br \/><b>Tecnologia da bateria<\/b><br \/>I\u00e3o de l\u00edtio<br \/><b>Capacidade da bateria<\/b><br \/>1800 mAh<br \/><b>N\u00edveis de luz (luz solar direta):<\/b><br \/>0\u201370.000 Lux<br \/><b>Intervalo de temperatura de funcionamento:<br \/><\/b>5\u201340 \u00b0C<br \/><b>Humidade relativa:<\/b><br \/>0\u201395%<br \/><b>Temperatura:<\/b><br \/>-5\u201335 \u00b0C<br \/><b>Cor<\/b><br \/>Preto<br \/><b>Classifica\u00e7\u00e3o IP<\/b><br \/>(Protec\u00e7\u00e3o Internacional): IP42<\/p>\n","protected":false},"excerpt":{"rendered":"<p>Sem fio com base USB &#8211; Tecnologia sem fio Bluetooth &#8211; Digitaliza\u00e7\u00e3o de alto desempenho &#8211; Bateria de longa dura\u00e7\u00e3o &#8211; Detec\u00e7\u00e3o autom\u00e1tica de interface<\/p>\n","protected":false},"featured_media":233190,"template":"","meta":[],"product_brand":[3451],"product_cat":[61,2323],"product_tag":[],"class_list":{"0":"post-233189","1":"product","2":"type-product","3":"status-publish","4":"has-post-thumbnail","6":"product_brand-honeywell","7":"product_cat-pos-pt","8":"product_cat-pos-leitor-cod-barras-pt","10":"first","11":"instock","12":"taxable","13":"shipping-taxable","14":"purchasable","15":"product-type-simple"},"bundled_by":[],"bundle_stock_status":"instock","bundle_stock_quantity":16,"bundle_virtual":false,"bundle_layout":"","bundle_add_to_cart_form_location":"","bundle_editable_in_cart":false,"bundle_sold_individually_context":"","bundle_item_grouping":"","bundle_min_size":"","bundle_max_size":"","bundle_price":[],"bundled_items":[],"bundle_sell_ids":[],"exclude_global_add_ons":[],"addons":[],"df_price":108.9,"df_sale_price":"","df_regular_price":108.9,"df_image_link":"https:\/\/zoca.es\/wp-content\/uploads\/images\/product\/14954\/hnw00010_01-300x225.jpg","_links":{"self":[{"href":"https:\/\/zoca.es\/pt-pt\/wp-json\/wp\/v2\/product\/233189","targetHints":{"allow":["GET"]}}],"collection":[{"href":"https:\/\/zoca.es\/pt-pt\/wp-json\/wp\/v2\/product"}],"about":[{"href":"https:\/\/zoca.es\/pt-pt\/wp-json\/wp\/v2\/types\/product"}],"wp:featuredmedia":[{"embeddable":true,"href":"https:\/\/zoca.es\/pt-pt\/wp-json\/wp\/v2\/media\/233190"}],"wp:attachment":[{"href":"https:\/\/zoca.es\/pt-pt\/wp-json\/wp\/v2\/media?parent=233189"}],"wp:term":[{"taxonomy":"product_brand","embeddable":true,"href":"https:\/\/zoca.es\/pt-pt\/wp-json\/wp\/v2\/product_brand?post=233189"},{"taxonomy":"product_cat","embeddable":true,"href":"https:\/\/zoca.es\/pt-pt\/wp-json\/wp\/v2\/product_cat?post=233189"},{"taxonomy":"product_tag","embeddable":true,"href":"https:\/\/zoca.es\/pt-pt\/wp-json\/wp\/v2\/product_tag?post=233189"}],"curies":[{"name":"wp","href":"https:\/\/api.w.org\/{rel}","templated":true}]}}