{"id":229226,"date":"2026-04-26T17:01:56","date_gmt":"2026-04-26T16:01:56","guid":{"rendered":"https:\/\/zoca.es\/producto\/impressora-laser-hp-laserjet-mfp-m426fdw-recondicionado-pt-15104\/"},"modified":"2026-04-26T17:02:00","modified_gmt":"2026-04-26T16:02:00","slug":"impressora-laser-hp-laserjet-mfp-m426fdw-recondicionado-pt-15104","status":"publish","type":"product","link":"https:\/\/zoca.es\/pt-pt\/produto\/impressora-laser-hp-laserjet-mfp-m426fdw-recondicionado-pt-15104\/","title":{"rendered":"Impressora L\u00e1ser HP LaserJet MFP M426fdw | Recondicionado"},"content":{"rendered":"<p><strong>Geral impressora<\/strong><br \/>Linguagem da impressora PCL6<br \/><strong>Multifuncional<\/strong><br \/>Resolu\u00e7\u00e3o do scanner 1200dpi<br \/><strong>C\u00f3pias<\/strong><br \/>Primeira p\u00e1gina 5.4 s<br \/>Preto e branco 40 ppm<br \/><strong>Manuseio de papel<\/strong><br \/>Duplo<br \/>ADF: 50 folhas<br \/>Bandeja: 250 folhas<br \/>Bandeja manual: 100 folhas<br \/><strong>Conectividade impressora<\/strong><br \/>USB, Rede, WIFI, Fax<br \/><strong>Outros<\/strong><br \/>hR embalagens<br \/><strong>Dimens\u00f5es<\/strong><br \/>42x39x32 cm.<br \/><strong>Peso<\/strong><br \/>13.00 Kg.<br \/><strong>Especifica\u00e7\u00f5es adicionais<\/strong><br \/><b>Estas m\u00e1quinas s\u00e3o fornecidas com garantia de 7 dias.<\/b> Especialmente direcionadas a profissionais de impress\u00e3o que, atrav\u00e9s da sua qualifica\u00e7\u00e3o, possam acrescentar valor adicional ao cliente final. Funcionam corretamente e s\u00e3o fornecidas completas e sem danos. N\u00e3o inclui cabos.\u00a0<br \/><b>Controlo de qualidade\/testes de laborat\u00f3rio: <\/b>P\u00e1gina de teste inclu\u00edda (teste de impress\u00e3o a partir da pr\u00f3pria m\u00e1quina). Testes de impress\u00e3o a partir de todas as portas da m\u00e1quina. Testes de impress\u00e3o a partir de todas as bandejas. Toner usado (original\/compat\u00edvel). Sem garantia.<br \/>Bom aspeto exterior. Se tiver alguma d\u00favida, ligue-nos ou use o nosso chat para obter mais informa\u00e7\u00f5es ou solicitar mais detalhes.<br \/><strong>Coment\u00e1rios<\/strong><br \/><u>Novo toner compat\u00edvel<\/u><\/p>\n","protected":false},"excerpt":{"rendered":"<p>Tamanho do papel A4 \u00b7 Duplo \u00b7 Preto e branco 40ppm \u00b7 USB, Rede, WIFI, Fax \u00b7 Bandejas: 1&#215;250\/1&#215;100 folhas \u00b7<br \/>\n<strong>Novo toner compat\u00edvel<\/strong><\/p>\n","protected":false},"featured_media":229227,"template":"","meta":[],"product_brand":[3453],"product_cat":[2362,2377],"product_tag":[],"class_list":{"0":"post-229226","1":"product","2":"type-product","3":"status-publish","4":"has-post-thumbnail","6":"product_brand-hp","7":"product_cat-impressoras-pt","8":"product_cat-impressoras-laser-pt","10":"first","11":"instock","12":"taxable","13":"shipping-taxable","14":"purchasable","15":"product-type-simple"},"bundled_by":[],"bundle_stock_status":"instock","bundle_stock_quantity":12,"bundle_virtual":false,"bundle_layout":"","bundle_add_to_cart_form_location":"","bundle_editable_in_cart":false,"bundle_sold_individually_context":"","bundle_item_grouping":"","bundle_min_size":"","bundle_max_size":"","bundle_price":[],"bundled_items":[],"bundle_sell_ids":[],"exclude_global_add_ons":[],"addons":[],"df_price":200.86,"df_sale_price":"","df_regular_price":200.86,"df_image_link":"https:\/\/zoca.es\/wp-content\/uploads\/images\/product\/15104\/hp03380_01-300x225.jpg","_links":{"self":[{"href":"https:\/\/zoca.es\/pt-pt\/wp-json\/wp\/v2\/product\/229226","targetHints":{"allow":["GET"]}}],"collection":[{"href":"https:\/\/zoca.es\/pt-pt\/wp-json\/wp\/v2\/product"}],"about":[{"href":"https:\/\/zoca.es\/pt-pt\/wp-json\/wp\/v2\/types\/product"}],"wp:featuredmedia":[{"embeddable":true,"href":"https:\/\/zoca.es\/pt-pt\/wp-json\/wp\/v2\/media\/229227"}],"wp:attachment":[{"href":"https:\/\/zoca.es\/pt-pt\/wp-json\/wp\/v2\/media?parent=229226"}],"wp:term":[{"taxonomy":"product_brand","embeddable":true,"href":"https:\/\/zoca.es\/pt-pt\/wp-json\/wp\/v2\/product_brand?post=229226"},{"taxonomy":"product_cat","embeddable":true,"href":"https:\/\/zoca.es\/pt-pt\/wp-json\/wp\/v2\/product_cat?post=229226"},{"taxonomy":"product_tag","embeddable":true,"href":"https:\/\/zoca.es\/pt-pt\/wp-json\/wp\/v2\/product_tag?post=229226"}],"curies":[{"name":"wp","href":"https:\/\/api.w.org\/{rel}","templated":true}]}}