{"id":22328,"date":"2020-10-29T15:46:53","date_gmt":"2020-10-29T14:46:53","guid":{"rendered":"https:\/\/zoca.es\/producto\/dell-p170s-17-lcd-54-reacondicionado-1280x1024-pt-2855\/"},"modified":"2026-04-08T17:10:25","modified_gmt":"2026-04-08T16:10:25","slug":"dell-p170s-17-lcd-54-reacondicionado-1280x1024-pt-2855","status":"publish","type":"product","link":"https:\/\/zoca.es\/pt-pt\/produto\/dell-p170s-17-lcd-54-reacondicionado-1280x1024-pt-2855\/","title":{"rendered":"Dell P170S 17&#8221; LCD 5:4 | Recondicionado | 1280&#215;1024"},"content":{"rendered":"<p><strong>Tela<\/strong><br \/>LCD 17 &#8221; HD 5:4  \u00b7 Resolu\u00e7\u00e3o 1280&#215;1024<br \/>Dot pitch 0.264 mm<br \/>Resposta 5 ms<br \/>Contraste 800:1<br \/>Brilho 250 cd\/m2<br \/>\u00c2ngulo vis\u00e3o 160\u00b0v\/160\u00b0h<br \/><strong>Portas de v\u00eddeo<\/strong><br \/>VGA<br \/>DVI<br \/><strong>Espec\u00edfico tela<\/strong><br \/>Pedestal<br \/>Regul\u00e1vel em altura<br \/><strong>Dimens\u00f5es<\/strong><br \/>37.5x34x21 cm.<br \/><strong>Peso<\/strong><br \/>5.15 Kg.<br \/><strong>Especifica\u00e7\u00f5es adicionais<\/strong><br \/>Boa apar\u00eancia exterior. Se voc\u00ea tiver alguma d\u00favida, ligue para n\u00f3s ou utilize nosso chat para mais informa\u00e7\u00f5es ou para solicitar mais detalhes.<\/p>\n<p><strong>Coment\u00e1rios<\/strong><br \/><u>Cabo de alimenta\u00e7\u00e3o e VGA inclu\u00eddo<\/u><\/p>\n","protected":false},"excerpt":{"rendered":"<p>LCD 17 &#8221; HD 5:4  \u00b7 Resolu\u00e7\u00e3o 1280&#215;1024 \u00b7 Dot pitch 0.264 mm \u00b7 Resposta 5 ms \u00b7 Contraste 800:1 \u00b7 Brilho 250 cd\/m2 \u00b7 \u00c2ngulo vis\u00e3o 160\u00b0v\/160\u00b0h \u00b7 VGA \u00b7 DVI \u00b7 <u>Cabo de alimenta\u00e7\u00e3o e VGA inclu\u00eddo<\/u><\/p>\n","protected":false},"featured_media":67700,"template":"","meta":[],"product_brand":[3445],"product_cat":[2236,3126],"product_tag":[],"class_list":{"0":"post-22328","1":"product","2":"type-product","3":"status-publish","4":"has-post-thumbnail","6":"product_brand-dell","7":"product_cat-monitores-pt","8":"product_cat-monitores-monitores-pt","10":"first","11":"outofstock","12":"taxable","13":"shipping-taxable","14":"purchasable","15":"product-type-simple"},"bundled_by":[],"bundle_stock_status":"outofstock","bundle_stock_quantity":0,"bundle_virtual":false,"bundle_layout":"","bundle_add_to_cart_form_location":"","bundle_editable_in_cart":false,"bundle_sold_individually_context":"","bundle_item_grouping":"","bundle_min_size":"","bundle_max_size":"","bundle_price":[],"bundled_items":[],"bundle_sell_ids":[],"exclude_global_add_ons":true,"addons":{"webcam-upgrades":{"name":"Extens\u00e3o Webcam","type":"multiple_choice","position":0,"required":false,"title_format":"heading","default":"","description_enable":false,"description":"","placeholder_enable":false,"placeholder":"","display":"radiobutton","restrictions_type":"any_text","adjust_price":false,"price":"","price_type":"quantity_based","restrictions":false,"min":"0","max":"0","options":[{"label":"Conceptronic AMDIS FullHD [AMP00085]","price":"29.0000","price_type":"quantity_based","image":0,"visibility":true}]},"hdmi-upgrades":{"name":"Extens\u00e3o cabo","type":"multiple_choice","position":0,"required":false,"title_format":"heading","default":"","description_enable":false,"description":"","placeholder_enable":false,"placeholder":"","display":"radiobutton","restrictions_type":"any_text","adjust_price":false,"price":"","price_type":"quantity_based","restrictions":false,"min":"0","max":"0","options":[{"label":"Cabo DVI-D M \/ M Dual Link 1,8 mts. [AMP00102]","price":"2.0000","price_type":"quantity_based","image":0,"visibility":true}]},"warranty-upgrades":{"name":"Extens\u00e3o garant\u00eda","type":"multiple_choice","position":0,"required":false,"title_format":"heading","default":"","description_enable":false,"description":"","placeholder_enable":false,"placeholder":"","display":"radiobutton","restrictions_type":"any_text","adjust_price":false,"price":"","price_type":"quantity_based","restrictions":false,"min":"0","max":"0","options":[{"label":"Extensi\u00f3n de Garantia a 2 a\u00f1os [AMP00029]","price":"6.0000","price_type":"quantity_based","image":0,"visibility":true}]}},"df_price":41.14,"df_sale_price":"","df_regular_price":41.14,"df_image_link":"https:\/\/zoca.es\/wp-content\/uploads\/images\/product\/2855\/dell00458_01-300x225.jpg","_links":{"self":[{"href":"https:\/\/zoca.es\/pt-pt\/wp-json\/wp\/v2\/product\/22328","targetHints":{"allow":["GET"]}}],"collection":[{"href":"https:\/\/zoca.es\/pt-pt\/wp-json\/wp\/v2\/product"}],"about":[{"href":"https:\/\/zoca.es\/pt-pt\/wp-json\/wp\/v2\/types\/product"}],"wp:featuredmedia":[{"embeddable":true,"href":"https:\/\/zoca.es\/pt-pt\/wp-json\/wp\/v2\/media\/67700"}],"wp:attachment":[{"href":"https:\/\/zoca.es\/pt-pt\/wp-json\/wp\/v2\/media?parent=22328"}],"wp:term":[{"taxonomy":"product_brand","embeddable":true,"href":"https:\/\/zoca.es\/pt-pt\/wp-json\/wp\/v2\/product_brand?post=22328"},{"taxonomy":"product_cat","embeddable":true,"href":"https:\/\/zoca.es\/pt-pt\/wp-json\/wp\/v2\/product_cat?post=22328"},{"taxonomy":"product_tag","embeddable":true,"href":"https:\/\/zoca.es\/pt-pt\/wp-json\/wp\/v2\/product_tag?post=22328"}],"curies":[{"name":"wp","href":"https:\/\/api.w.org\/{rel}","templated":true}]}}