{"id":223188,"date":"2026-04-20T08:32:31","date_gmt":"2026-04-20T07:32:31","guid":{"rendered":"https:\/\/zoca.es\/producto\/hp-elitedisplay-e232-23-led-169-tara-1920x1080-pt-15006\/"},"modified":"2026-04-20T08:32:45","modified_gmt":"2026-04-20T07:32:45","slug":"hp-elitedisplay-e232-23-led-169-tara-1920x1080-pt-15006","status":"publish","type":"product","link":"https:\/\/zoca.es\/pt-pt\/produto\/hp-elitedisplay-e232-23-led-169-tara-1920x1080-pt-15006\/","title":{"rendered":"HP EliteDisplay E232 23&#8221; Led 16:9 | Tara  | 1920&#215;1080"},"content":{"rendered":"<p><strong>Tela<\/strong><br \/>Led 23 &#8221; FullHD 16:9  \u00b7 Resolu\u00e7\u00e3o 1920&#215;1080<br \/>Dot pitch 0.265 mm<br \/>Resposta 7 ms<br \/>Contraste 1000:1<br \/>Brilho 250 cd\/m2<br \/>\u00c2ngulo vis\u00e3o 178\u00b0v\/178\u00b0h<br \/><strong>Portas de v\u00eddeo<\/strong><br \/>VGA<br \/>HDMI<br \/>Display Port<br \/><strong>Espec\u00edfico tela<\/strong><br \/>Apoio VESA<br \/>Pedestal<br \/>Regul\u00e1vel em altura<br \/><strong>Outros<\/strong><br \/>hR embalagens<br \/><strong>Dimens\u00f5es<\/strong><br \/>55&#215;36.5&#215;19 cm.<br \/><strong>Peso<\/strong><br \/>5.40 Kg.<br \/><strong>Coment\u00e1rios<\/strong><br \/><u>A porta VGA n\u00e3o est\u00e1 a funcionar. Todas as outras portas (DisplayPort e HDMI) est\u00e3o a funcionar corretamente. Todas as outras fun\u00e7\u00f5es do monitor est\u00e3o a funcionar perfeitamente. Uma \u00f3tima oportunidade! Se tiver alguma d\u00favida, contacte-nos por telefone ou chat para obter mais informa\u00e7\u00f5es ou solicitar mais detalhes.<\/u><br \/><strong>Taras<\/strong><br \/>Portas n\u00e3o funcionam<\/p>\n","protected":false},"excerpt":{"rendered":"<p>Led 23 &#8221; FullHD 16:9 \u00b7 Resolu\u00e7\u00e3o 1920&#215;1080 \u00b7<u>Porta VGA n\u00e3o est\u00e1 a funcionar<\/u><\/p>\n","protected":false},"featured_media":223189,"template":"","meta":[],"product_brand":[3453],"product_cat":[2236,2248],"product_tag":[],"class_list":{"0":"post-223188","1":"product","2":"type-product","3":"status-publish","4":"has-post-thumbnail","6":"product_brand-hp","7":"product_cat-monitores-pt","8":"product_cat-monitores-com-taras-pt","10":"first","11":"instock","12":"taxable","13":"shipping-taxable","14":"purchasable","15":"product-type-simple"},"bundled_by":[],"bundle_stock_status":"instock","bundle_stock_quantity":1,"bundle_virtual":false,"bundle_layout":"","bundle_add_to_cart_form_location":"","bundle_editable_in_cart":false,"bundle_sold_individually_context":"","bundle_item_grouping":"","bundle_min_size":"","bundle_max_size":"","bundle_price":[],"bundled_items":[],"bundle_sell_ids":[],"exclude_global_add_ons":true,"addons":{"hdmi-upgrades":{"name":"Extens\u00e3o cabo","type":"multiple_choice","position":0,"required":false,"title_format":"heading","default":"","description_enable":false,"description":"","placeholder_enable":false,"placeholder":"","display":"radiobutton","restrictions_type":"any_text","adjust_price":false,"price":"","price_type":"quantity_based","restrictions":false,"min":"0","max":"0","options":[{"label":"Cabo HDMI 2 mts. [AMP00104]","price":"6.0000","price_type":"quantity_based","image":0,"visibility":true}]}},"df_price":84.7,"df_sale_price":"","df_regular_price":84.7,"df_image_link":"https:\/\/zoca.es\/wp-content\/uploads\/images\/product\/15006\/hp00892tr04_01-300x225.jpg","_links":{"self":[{"href":"https:\/\/zoca.es\/pt-pt\/wp-json\/wp\/v2\/product\/223188","targetHints":{"allow":["GET"]}}],"collection":[{"href":"https:\/\/zoca.es\/pt-pt\/wp-json\/wp\/v2\/product"}],"about":[{"href":"https:\/\/zoca.es\/pt-pt\/wp-json\/wp\/v2\/types\/product"}],"wp:featuredmedia":[{"embeddable":true,"href":"https:\/\/zoca.es\/pt-pt\/wp-json\/wp\/v2\/media\/223189"}],"wp:attachment":[{"href":"https:\/\/zoca.es\/pt-pt\/wp-json\/wp\/v2\/media?parent=223188"}],"wp:term":[{"taxonomy":"product_brand","embeddable":true,"href":"https:\/\/zoca.es\/pt-pt\/wp-json\/wp\/v2\/product_brand?post=223188"},{"taxonomy":"product_cat","embeddable":true,"href":"https:\/\/zoca.es\/pt-pt\/wp-json\/wp\/v2\/product_cat?post=223188"},{"taxonomy":"product_tag","embeddable":true,"href":"https:\/\/zoca.es\/pt-pt\/wp-json\/wp\/v2\/product_tag?post=223188"}],"curies":[{"name":"wp","href":"https:\/\/api.w.org\/{rel}","templated":true}]}}