{"id":221996,"date":"2026-04-15T10:49:08","date_gmt":"2026-04-15T09:49:08","guid":{"rendered":"https:\/\/zoca.es\/producto\/dell-ultrasharp-u2421e-24-ips-169-recondicionado-1920x1200-pt-13127\/"},"modified":"2026-04-15T10:49:19","modified_gmt":"2026-04-15T09:49:19","slug":"dell-ultrasharp-u2421e-24-ips-169-recondicionado-1920x1200-pt-13127","status":"publish","type":"product","link":"https:\/\/zoca.es\/pt-pt\/produto\/dell-ultrasharp-u2421e-24-ips-169-recondicionado-1920x1200-pt-13127\/","title":{"rendered":"Dell UltraSharp U2421E 24&#8221; IPS 16:9 | Recondicionado | 1920&#215;1200"},"content":{"rendered":"<p><strong>Tela<\/strong><br \/>IPS 24 &#8221; FullHD 16:9  \u00b7 Resolu\u00e7\u00e3o 1920&#215;1200<br \/>Dot pitch 0.27 mm<br \/>Resposta 8 ms<br \/>Contraste 1000:1<br \/>Brilho 300 cd\/m2<br \/>\u00c2ngulo vis\u00e3o 178\u00b0v\/178\u00b0h<br \/><strong>Portas de v\u00eddeo<\/strong><br \/>HDMI<br \/>2x Display Port<br \/><strong>Espec\u00edfico tela<\/strong><br \/>Apoio VESA<br \/>Pedestal<br \/>Regul\u00e1vel em altura<br \/><strong>Outros<\/strong><br \/>hR embalagens<br \/><strong>Dimens\u00f5es<\/strong><br \/>55.6&#215;36.1&#215;18 cm.<br \/><strong>Peso<\/strong><br \/>5.60 Kg.<br \/><strong>Especifica\u00e7\u00f5es adicionais<\/strong><br \/>O Dell UltraSharp U2421E \u00e9 um monitor de 24 polegadas concebido para ambientes profissionais onde a conectividade, a qualidade de imagem e a produtividade fazem a diferen\u00e7a. Pensado para utilizadores exigentes que trabalham com v\u00e1rios dispositivos ou necessitam de um espa\u00e7o de trabalho organizado e eficiente, este modelo destaca-se como uma solu\u00e7\u00e3o vers\u00e1til tanto para escrit\u00f3rio como para setups mais avan\u00e7ados de teletrabalho ou design.<br \/>O seu painel IPS com resolu\u00e7\u00e3o 1920&#215;1200 oferece altura extra em compara\u00e7\u00e3o com o padr\u00e3o Full HD, traduzindo-se em mais espa\u00e7o \u00fatil no ecr\u00e3 para trabalhar com documentos, folhas de c\u00e1lculo ou aplica\u00e7\u00f5es profissionais. Com 300 cd\/m\u00b2 de brilho, contraste de 1000:1 e \u00e2ngulos de vis\u00e3o de 178\u00b0, garante uma imagem clara, consistente e confort\u00e1vel durante longas jornadas. Ao n\u00edvel da conectividade, inclui HDMI, dupla DisplayPort, v\u00e1rias portas USB 3.0 e, especialmente, USB-C, permitindo transmiss\u00e3o de v\u00eddeo, dados e carregamento com um \u00fanico cabo, simplificando ao m\u00e1ximo qualquer esta\u00e7\u00e3o de trabalho moderna.<br \/>O Dell UltraSharp U2421E n\u00e3o s\u00f3 melhora a experi\u00eancia visual, como tamb\u00e9m otimiza o fluxo de trabalho gra\u00e7as ao seu foco na conectividade e organiza\u00e7\u00e3o do espa\u00e7o. \u00c9 uma op\u00e7\u00e3o ideal para quem procura um monitor profissional fi\u00e1vel, elegante e preparado para ambientes din\u00e2micos, trazendo efici\u00eancia, organiza\u00e7\u00e3o e um salto de qualidade a qualquer secret\u00e1ria.<br \/>Bom aspeto exterior. Se tiver alguma d\u00favida, ligue-nos ou utilize o nosso chat para obter mais informa\u00e7\u00f5es ou solicitar mais detalhes.<br \/><strong>Coment\u00e1rios<\/strong><br \/><u>3xUSB 3.0 \/ 1x USB-C &#8211; Cabo de alimenta\u00e7\u00e3o e DisplayPort inclu\u00eddos<\/u><\/p>\n","protected":false},"excerpt":{"rendered":"<p>IPS 24 &#8221; FullHD 16:9 \u00b7 Dot pitch 0.27 mm \u00b7 Resposta 8 ms \u00b7 Contraste 1000:1 \u00b7 Brilho 300 cd\/m2 \u00b7 HDMI \u00b7 2x Display Port \u00b7<br \/>\n<u>3xUSB 3.0 \/ 1x USB-C &#8211; Cabo de alimenta\u00e7\u00e3o e DisplayPort inclu\u00eddos<\/u><\/p>\n","protected":false},"featured_media":221997,"template":"","meta":[],"product_brand":[3445],"product_cat":[2236,3126],"product_tag":[],"class_list":{"0":"post-221996","1":"product","2":"type-product","3":"status-publish","4":"has-post-thumbnail","6":"product_brand-dell","7":"product_cat-monitores-pt","8":"product_cat-monitores-monitores-pt","10":"first","11":"instock","12":"taxable","13":"shipping-taxable","14":"purchasable","15":"product-type-simple"},"bundled_by":[],"bundle_stock_status":"instock","bundle_stock_quantity":47,"bundle_virtual":false,"bundle_layout":"","bundle_add_to_cart_form_location":"","bundle_editable_in_cart":false,"bundle_sold_individually_context":"","bundle_item_grouping":"","bundle_min_size":"","bundle_max_size":"","bundle_price":[],"bundled_items":[],"bundle_sell_ids":[],"exclude_global_add_ons":true,"addons":{"hdmi-upgrades":{"name":"Extens\u00e3o cabo","type":"multiple_choice","position":0,"required":false,"title_format":"heading","default":"","description_enable":false,"description":"","placeholder_enable":false,"placeholder":"","display":"radiobutton","restrictions_type":"any_text","adjust_price":false,"price":"","price_type":"quantity_based","restrictions":false,"min":"0","max":"0","options":[{"label":"Cabo HDMI 2 mts. [AMP00104]","price":"6.0000","price_type":"quantity_based","image":0,"visibility":true}]}},"df_price":159.72,"df_sale_price":"","df_regular_price":159.72,"df_image_link":"https:\/\/zoca.es\/wp-content\/uploads\/images\/product\/13127\/dell01397_01-300x225.jpg","_links":{"self":[{"href":"https:\/\/zoca.es\/pt-pt\/wp-json\/wp\/v2\/product\/221996","targetHints":{"allow":["GET"]}}],"collection":[{"href":"https:\/\/zoca.es\/pt-pt\/wp-json\/wp\/v2\/product"}],"about":[{"href":"https:\/\/zoca.es\/pt-pt\/wp-json\/wp\/v2\/types\/product"}],"wp:featuredmedia":[{"embeddable":true,"href":"https:\/\/zoca.es\/pt-pt\/wp-json\/wp\/v2\/media\/221997"}],"wp:attachment":[{"href":"https:\/\/zoca.es\/pt-pt\/wp-json\/wp\/v2\/media?parent=221996"}],"wp:term":[{"taxonomy":"product_brand","embeddable":true,"href":"https:\/\/zoca.es\/pt-pt\/wp-json\/wp\/v2\/product_brand?post=221996"},{"taxonomy":"product_cat","embeddable":true,"href":"https:\/\/zoca.es\/pt-pt\/wp-json\/wp\/v2\/product_cat?post=221996"},{"taxonomy":"product_tag","embeddable":true,"href":"https:\/\/zoca.es\/pt-pt\/wp-json\/wp\/v2\/product_tag?post=221996"}],"curies":[{"name":"wp","href":"https:\/\/api.w.org\/{rel}","templated":true}]}}