{"id":219531,"date":"2026-04-14T08:32:56","date_gmt":"2026-04-14T07:32:56","guid":{"rendered":"https:\/\/zoca.es\/producto\/hp-elitedesk-800-g4-impecable-mini-recondicionado-core-i5-3ghz-16-gb-ram-256-gb-ssd-m2-pt-14959\/"},"modified":"2026-04-14T08:33:06","modified_gmt":"2026-04-14T07:33:06","slug":"hp-elitedesk-800-g4-impecable-mini-recondicionado-core-i5-3ghz-16-gb-ram-256-gb-ssd-m2-pt-14959","status":"publish","type":"product","link":"https:\/\/zoca.es\/pt-pt\/produto\/hp-elitedesk-800-g4-impecable-mini-recondicionado-core-i5-3ghz-16-gb-ram-256-gb-ssd-m2-pt-14959\/","title":{"rendered":"HP EliteDesk 800 G4-Impecable Mini | Recondicionado | Core i5 3GHz | 16 GB RAM | 256 GB SSD M2"},"content":{"rendered":"<p><strong>Processador<\/strong><br \/>Intel Core i5 8500 3 GHz.<br \/><strong>Fator de forma<\/strong><br \/>Mini<br \/><strong>Mem\u00f3ria RAM<\/strong><br \/>16 Gb. SO-DDR4 RAM<br \/><strong>Disco r\u00edgido<\/strong><br \/>256 Gb. SSD M2<br \/><strong>Cart\u00f5es<\/strong><br \/>Placa gr\u00e1fica: Intel UHD Graphics 630<br \/>Som: Synaptics HD Audio<br \/>Network: Intel Ethernet Connection I219-LM<br \/><strong>Sistema operativo<\/strong><br \/>Windows 11 Pro<br \/><strong>Portos<\/strong><br \/>6x USB 3.0<br \/>USB-C<br \/><strong>Portas de v\u00eddeo<\/strong><br \/>3x Display Port<br \/><strong>Conectividade<\/strong><br \/>RJ-45<br \/>WIFI<br \/><strong>Outros<\/strong><br \/>hR embalagens<br \/><strong>Dimens\u00f5es<\/strong><br \/>18x18x4 cm.<br \/><strong>Peso<\/strong><br \/>1.05 Kg.<br \/><strong>Especifica\u00e7\u00f5es adicionais<\/strong><br \/>O HP EliteDesk 800 G4 Mini \u00e9 um computador de secret\u00e1ria profissional que se destaca por oferecer um equil\u00edbrio perfeito entre pot\u00eancia, fiabilidade e formato compacto, pensado para ambientes de trabalho onde o espa\u00e7o e o desempenho s\u00e3o igualmente importantes. O seu design Mini permite integr\u00e1-lo facilmente em qualquer posto de trabalho, at\u00e9 mesmo oculto atr\u00e1s de um monitor, proporcionando organiza\u00e7\u00e3o e efici\u00eancia sem sacrificar desempenho.Gra\u00e7as ao seu processador Intel Core i5 de 8\u00aa gera\u00e7\u00e3o, este PC de secret\u00e1ria para empresas oferece um desempenho s\u00f3lido e est\u00e1vel em tarefas de escrit\u00f3rio avan\u00e7adas, gest\u00e3o empresarial e multitarefa di\u00e1ria. Os seus 16 GB de mem\u00f3ria RAM permitem trabalhar com v\u00e1rias aplica\u00e7\u00f5es de forma fluida, enquanto o SSD M.2 de 256 GB garante rapidez no arranque, abertura de programas e acesso a dados, melhorando significativamente a produtividade.Um dos seus pontos fortes \u00e9 a capacidade de expans\u00e3o, incorporando uma ranhura M.2 adicional dispon\u00edvel para armazenamento, o que permite adaptar o equipamento a necessidades futuras sem complica\u00e7\u00f5es. Al\u00e9m disso, a conectividade Wi-Fi facilita a integra\u00e7\u00e3o em ambientes sem fios, eliminando a depend\u00eancia de cabos e proporcionando maior flexibilidade na instala\u00e7\u00e3o.Este equipamento fi\u00e1vel para escrit\u00f3rio inclui Windows 11 Pro e TPM 2.0, oferecendo um ambiente seguro, moderno e preparado para contextos profissionais exigentes, com funcionalidades avan\u00e7adas de prote\u00e7\u00e3o de dados e gest\u00e3o. A sua constru\u00e7\u00e3o robusta e o baixo consumo energ\u00e9tico tornam-no ideal para utiliza\u00e7\u00e3o cont\u00ednua, reduzindo custos operacionais e melhorando a efici\u00eancia global.Em suma, o HP EliteDesk 800 G4 Mini \u00e9 um computador de secret\u00e1ria compacto, vers\u00e1til e preparado para o uso profissional di\u00e1rio, perfeito para quem procura um sistema potente, expans\u00edvel e com desempenho consistente em qualquer ambiente de trabalho.<strong>Aspeto exterior impec\u00e1vel<\/strong>. Veja em \u201c+ Fotos\u201d e \u201cV\u00eddeo\u201d e, se tiver alguma d\u00favida, ligue-nos ou utilize o nosso chat para obter mais informa\u00e7\u00f5es ou solicitar mais detalhes.<br \/><strong>Coment\u00e1rios<\/strong><br \/><u>Wi-Fi &#8211; 1xM.2 2280 para armazenamento dispon\u00edvel<\/u><\/p>\n","protected":false},"excerpt":{"rendered":"<p>Intel Core i5 8500 3 GHz. \u00b7 16 Gb. SO-DDR4 RAM \u00b7 256 Gb. SSD M2 \u00b7 <strong>Windows 11 Pro \u00b7<br \/>\nWi-Fi <\/strong>&#8211; <u>1xM.2 2280 para armazenamento dispon\u00edvel<\/u><\/p>\n","protected":false},"featured_media":219532,"template":"","meta":[],"product_brand":[3453],"product_cat":[2218,2227],"product_tag":[],"class_list":{"0":"post-219531","1":"product","2":"type-product","3":"status-publish","4":"has-post-thumbnail","6":"product_brand-hp","7":"product_cat-computadores-pt","8":"product_cat-computadores-mini-pt","10":"first","11":"instock","12":"taxable","13":"shipping-taxable","14":"purchasable","15":"product-type-simple"},"bundled_by":[],"bundle_stock_status":"instock","bundle_stock_quantity":40,"bundle_virtual":false,"bundle_layout":"","bundle_add_to_cart_form_location":"","bundle_editable_in_cart":false,"bundle_sold_individually_context":"","bundle_item_grouping":"","bundle_min_size":"","bundle_max_size":"","bundle_price":[],"bundled_items":[],"bundle_sell_ids":[],"exclude_global_add_ons":true,"addons":{"webcam-upgrades":{"name":"Extens\u00e3o Webcam","type":"multiple_choice","position":0,"required":false,"title_format":"heading","default":"","description_enable":false,"description":"","placeholder_enable":false,"placeholder":"","display":"radiobutton","restrictions_type":"any_text","adjust_price":false,"price":"","price_type":"quantity_based","restrictions":false,"min":"0","max":"0","options":[{"label":"Conceptronic AMDIS FullHD [AMP00085]","price":"29.0000","price_type":"quantity_based","image":0,"visibility":true}]},"ram-memory-upgrades":{"name":"Extens\u00e3o RAM","type":"multiple_choice","position":0,"required":false,"title_format":"heading","default":"","description_enable":false,"description":"","placeholder_enable":false,"placeholder":"","display":"radiobutton","restrictions_type":"any_text","adjust_price":false,"price":"","price_type":"quantity_based","restrictions":false,"min":"0","max":"0","options":[{"label":"Extens\u00e3o SODIM RAM 32 Gb [AMP00098]","price":"150.0000","price_type":"quantity_based","image":0,"visibility":true}]},"hdd-upgrades":{"name":"Extens\u00e3o disco r\u00edgido","type":"multiple_choice","position":0,"required":false,"title_format":"heading","default":"","description_enable":false,"description":"","placeholder_enable":false,"placeholder":"","display":"radiobutton","restrictions_type":"any_text","adjust_price":false,"price":"","price_type":"quantity_based","restrictions":false,"min":"0","max":"0","options":[{"label":"Cambio a Disco SSD 500 Gb. M.2 2280 PCIe [AMP00106]","price":"110.0000","price_type":"quantity_based","image":0,"visibility":true},{"label":"Cambio a Disco SSD 1 Tb. M.2 2280 PCIe [AMP00107]","price":"165.0000","price_type":"quantity_based","image":0,"visibility":true},{"label":"SSD adicional de 500 Gb. M.2 2280 PCIe [AMP00108]","price":"115.0000","price_type":"quantity_based","image":0,"visibility":true},{"label":"Disco SSD de 1 TB. M.2 2280 PCIe Adicional [AMP00109]","price":"170.0000","price_type":"quantity_based","image":0,"visibility":true}]},"os-upgrades":{"name":"Extens\u00e3o OS","type":"multiple_choice","position":0,"required":false,"title_format":"heading","default":"","description_enable":false,"description":"","placeholder_enable":false,"placeholder":"","display":"radiobutton","restrictions_type":"any_text","adjust_price":false,"price":"","price_type":"quantity_based","restrictions":false,"min":"0","max":"0","options":[{"label":"Alterar idioma para franc\u00eas [AMP00125]","price":"0.0000","price_type":"quantity_based","image":0,"visibility":true},{"label":"Alterar idioma para ingl\u00eas [AMP00008]","price":"0.0000","price_type":"quantity_based","image":0,"visibility":true},{"label":"Alterar idioma para o portugu\u00eas [AMP00009]","price":"0.0000","price_type":"quantity_based","image":0,"visibility":true}]},"keyboard-upgrades":{"name":"Extens\u00e3o teclado","type":"multiple_choice","position":0,"required":false,"title_format":"heading","default":"","description_enable":false,"description":"","placeholder_enable":false,"placeholder":"","display":"radiobutton","restrictions_type":"any_text","adjust_price":false,"price":"","price_type":"quantity_based","restrictions":false,"min":"0","max":"0","options":[{"label":"Teclado e Mouse [AMP00020]","price":"8.0000","price_type":"quantity_based","image":0,"visibility":true},{"label":"Teclado e Mouse Portugu\u00e9s Nuevo [AMP00088]","price":"15.0000","price_type":"quantity_based","image":0,"visibility":true},{"label":"Teclado e mouse USB em espanhol (Novo) [AMP00068]","price":"12.0000","price_type":"quantity_based","image":0,"visibility":true}]}},"df_price":353.32,"df_sale_price":"","df_regular_price":353.32,"df_image_link":"https:\/\/zoca.es\/wp-content\/uploads\/images\/product\/14959\/hp03346_01-300x225.jpg","_links":{"self":[{"href":"https:\/\/zoca.es\/pt-pt\/wp-json\/wp\/v2\/product\/219531","targetHints":{"allow":["GET"]}}],"collection":[{"href":"https:\/\/zoca.es\/pt-pt\/wp-json\/wp\/v2\/product"}],"about":[{"href":"https:\/\/zoca.es\/pt-pt\/wp-json\/wp\/v2\/types\/product"}],"wp:featuredmedia":[{"embeddable":true,"href":"https:\/\/zoca.es\/pt-pt\/wp-json\/wp\/v2\/media\/219532"}],"wp:attachment":[{"href":"https:\/\/zoca.es\/pt-pt\/wp-json\/wp\/v2\/media?parent=219531"}],"wp:term":[{"taxonomy":"product_brand","embeddable":true,"href":"https:\/\/zoca.es\/pt-pt\/wp-json\/wp\/v2\/product_brand?post=219531"},{"taxonomy":"product_cat","embeddable":true,"href":"https:\/\/zoca.es\/pt-pt\/wp-json\/wp\/v2\/product_cat?post=219531"},{"taxonomy":"product_tag","embeddable":true,"href":"https:\/\/zoca.es\/pt-pt\/wp-json\/wp\/v2\/product_tag?post=219531"}],"curies":[{"name":"wp","href":"https:\/\/api.w.org\/{rel}","templated":true}]}}