{"id":218120,"date":"2026-04-09T09:32:27","date_gmt":"2026-04-09T08:32:27","guid":{"rendered":"https:\/\/zoca.es\/producto\/dell-latitude-7320-13-recondicionado-core-i5-11ghz-8-gb-ram-256-gb-ssd-m2-1920x1280-pt-14688\/"},"modified":"2026-04-09T09:32:33","modified_gmt":"2026-04-09T08:32:33","slug":"dell-latitude-7320-13-recondicionado-core-i5-11ghz-8-gb-ram-256-gb-ssd-m2-1920x1280-pt-14688","status":"publish","type":"product","link":"https:\/\/zoca.es\/pt-pt\/produto\/dell-latitude-7320-13-recondicionado-core-i5-11ghz-8-gb-ram-256-gb-ssd-m2-1920x1280-pt-14688\/","title":{"rendered":"Dell Latitude 7320 13&#8221; | Recondicionado | Core i5 1.1GHz | 8 GB RAM | 256 GB SSD M2 1920&#215;1280"},"content":{"rendered":"<p><strong>Processador<\/strong><br \/>Intel Core i5 1140G7 1.1 GHz.<br \/><strong>Mem\u00f3ria RAM<\/strong><br \/>8 Gb. SO-DDR4 RAM<br \/><strong>Disco r\u00edgido<\/strong><br \/>256 Gb. SSD M2<br \/><strong>Cart\u00f5es<\/strong><br \/>Placa gr\u00e1fica: Intel Iris Xe Graphics<br \/>Som: Realtek SoundWire HW<br \/><strong>Sistema operativo<\/strong><br \/>Windows 11 Pro<br \/><strong>Portos<\/strong><br \/>2x USB-C<br \/><strong>Tela<\/strong><br \/>T\u00e1til 13 &#8221; FullHD 16:10  \u00b7 Resolu\u00e7\u00e3o 1920&#215;1280<br \/><strong>Multim\u00eddia<\/strong><br \/>C\u00e2mera traseira<br \/>C\u00e2mera frontal<br \/><strong>Conectividade<\/strong><br \/>WIFI<br \/>Bluetooth<br \/>4G<br \/><strong>Outros<\/strong><br \/>hR embalagens<br \/><strong>Dimens\u00f5es<\/strong><br \/>28x20x1 cm.<br \/><strong>Peso<\/strong><br \/>0.78 Kg.<br \/><strong>Especifica\u00e7\u00f5es adicionais<\/strong><br \/>A Dell Latitude 7320 \u00e9 um tablet concebido para ambientes profissionais que exigem desempenho, portabilidade e fiabilidade a qualquer momento. O seu formato 2 em 1, leve e elegante, torna-o uma ferramenta ideal para trabalhar em mobilidade, reuni\u00f5es ou espa\u00e7os de trabalho h\u00edbridos, oferecendo sempre uma experi\u00eancia fluida e vers\u00e1til.<br \/>Equipado com processador Intel Core i5 de 11\u00aa gera\u00e7\u00e3o, 8 GB de mem\u00f3ria RAM e um SSD M.2 de 256 GB, garante desempenho \u00e1gil para tarefas de escrit\u00f3rio, gest\u00e3o multitarefa e aplica\u00e7\u00f5es empresariais. O seu ecr\u00e3 t\u00e1til de 13 polegadas com resolu\u00e7\u00e3o Full HD+ e formato 16:10 proporciona uma visualiza\u00e7\u00e3o mais confort\u00e1vel e produtiva, com mais espa\u00e7o vertical para trabalhar com documentos, folhas de c\u00e1lculo ou apresenta\u00e7\u00f5es. Al\u00e9m disso, com Windows 11 Pro, oferece um ambiente moderno, seguro e perfeitamente adaptado \u00e0s necessidades atuais.<br \/>A Latitude 7320 destaca-se pelo seu equil\u00edbrio entre pot\u00eancia, design e funcionalidade, permitindo utiliz\u00e1-la como tablet ou como port\u00e1til conforme as necessidades do momento. Compacta, eficiente e preparada para o dia a dia profissional, \u00e9 uma excelente escolha para quem procura um dispositivo fi\u00e1vel, elegante e pronto para oferecer o m\u00e1ximo desempenho em qualquer ambiente.<br \/>Bom aspeto exterior. Pode apresentar ligeiras marcas de uso na carca\u00e7a. Se tiver alguma d\u00favida ligue-nos ou use o nosso chat para obter mais informa\u00e7\u00f5es ou para solicitar mais detalhes.<\/p>\n","protected":false},"excerpt":{"rendered":"<p>Intel Core i5 1140G7 1.1 GHz. \u00b7 8 Gb. SO-DDR4 RAM \u00b7 256 Gb. SSD M2 \u00b7 <strong>Windows 11 Pro<\/strong> \u00b7 T\u00e1til 13 &#8221; FullHD 16:10<\/p>\n","protected":false},"featured_media":218121,"template":"","meta":[],"product_brand":[3445],"product_cat":[3111,2301],"product_tag":[],"class_list":{"0":"post-218120","1":"product","2":"type-product","3":"status-publish","4":"has-post-thumbnail","6":"product_brand-dell","7":"product_cat-tablets-tablets-pt","8":"product_cat-tablets-pt","10":"first","11":"instock","12":"taxable","13":"shipping-taxable","14":"purchasable","15":"product-type-simple"},"bundled_by":[],"bundle_stock_status":"instock","bundle_stock_quantity":3,"bundle_virtual":false,"bundle_layout":"","bundle_add_to_cart_form_location":"","bundle_editable_in_cart":false,"bundle_sold_individually_context":"","bundle_item_grouping":"","bundle_min_size":"","bundle_max_size":"","bundle_price":[],"bundled_items":[],"bundle_sell_ids":[],"exclude_global_add_ons":true,"addons":{"os-upgrades":{"name":"Extens\u00e3o OS","type":"multiple_choice","position":0,"required":false,"title_format":"heading","default":"","description_enable":false,"description":"","placeholder_enable":false,"placeholder":"","display":"radiobutton","restrictions_type":"any_text","adjust_price":false,"price":"","price_type":"quantity_based","restrictions":false,"min":"0","max":"0","options":[{"label":"Alterar idioma para franc\u00eas [AMP00125]","price":"0.0000","price_type":"quantity_based","image":0,"visibility":true},{"label":"Alterar idioma para ingl\u00eas [AMP00008]","price":"0.0000","price_type":"quantity_based","image":0,"visibility":true},{"label":"Alterar idioma para o portugu\u00eas [AMP00009]","price":"0.0000","price_type":"quantity_based","image":0,"visibility":true}]}},"df_price":354.53,"df_sale_price":"","df_regular_price":354.53,"df_image_link":"https:\/\/zoca.es\/wp-content\/uploads\/images\/product\/14688\/dell01637_01-300x225.jpg","_links":{"self":[{"href":"https:\/\/zoca.es\/pt-pt\/wp-json\/wp\/v2\/product\/218120","targetHints":{"allow":["GET"]}}],"collection":[{"href":"https:\/\/zoca.es\/pt-pt\/wp-json\/wp\/v2\/product"}],"about":[{"href":"https:\/\/zoca.es\/pt-pt\/wp-json\/wp\/v2\/types\/product"}],"wp:featuredmedia":[{"embeddable":true,"href":"https:\/\/zoca.es\/pt-pt\/wp-json\/wp\/v2\/media\/218121"}],"wp:attachment":[{"href":"https:\/\/zoca.es\/pt-pt\/wp-json\/wp\/v2\/media?parent=218120"}],"wp:term":[{"taxonomy":"product_brand","embeddable":true,"href":"https:\/\/zoca.es\/pt-pt\/wp-json\/wp\/v2\/product_brand?post=218120"},{"taxonomy":"product_cat","embeddable":true,"href":"https:\/\/zoca.es\/pt-pt\/wp-json\/wp\/v2\/product_cat?post=218120"},{"taxonomy":"product_tag","embeddable":true,"href":"https:\/\/zoca.es\/pt-pt\/wp-json\/wp\/v2\/product_tag?post=218120"}],"curies":[{"name":"wp","href":"https:\/\/api.w.org\/{rel}","templated":true}]}}