{"id":215842,"date":"2026-04-06T11:28:48","date_gmt":"2026-04-06T10:28:48","guid":{"rendered":"https:\/\/zoca.es\/producto\/hp-elitedesk-800-g4-tpv-kit-recondicionado-pt-14976\/"},"modified":"2026-04-06T14:34:24","modified_gmt":"2026-04-06T13:34:24","slug":"hp-elitedesk-800-g4-tpv-kit-recondicionado-pt-14976","status":"publish","type":"product","link":"https:\/\/zoca.es\/pt-pt\/produto\/hp-elitedesk-800-g4-tpv-kit-recondicionado-pt-14976\/","title":{"rendered":"HP EliteDesk 800 G4 TPV Kit | Recondicionado"},"content":{"rendered":"<p><strong>Processador<\/strong><br \/>Intel Core i5 8500 3 GHz. [TPM 2.0]<br \/><strong>Fator de forma<\/strong><br \/>Mini<br \/><strong>Mem\u00f3ria RAM<\/strong><br \/>8 Gb. SO-DDR4 RAM<br \/><strong>Disco r\u00edgido<\/strong><br \/>256 Gb. SSD M2<br \/><strong>Cart\u00f5es<\/strong><br \/>Placa gr\u00e1fica: Intel HD Graphics 630<br \/>Som: HD Audio<br \/>Network: Intel Ethernet Connection I219-LM<br \/><strong>Sistema operativo<\/strong><br \/>Windows 10 Pro<br \/><strong>Portos<\/strong><br \/>6x USB 3.0<br \/>USB-C<br \/><strong>Portas de v\u00eddeo<\/strong><br \/>VGA<br \/>2x Display Port<br \/><strong>Conectividade<\/strong><br \/>RJ-45<br \/><strong>Dimens\u00f5es<\/strong><br \/>18x18x4 cm.<br \/><strong>Peso<\/strong><br \/>1.10 Kg.<br \/><strong>Coment\u00e1rios<\/strong><br \/><u>Inclui monitor t\u00e1ctil ELO ET1515L de 15&#8243;<\/u> (Ecr\u00e3 t\u00e1ctil HD 4:3 \u00b7 Resolu\u00e7\u00e3o de 1024&#215;768 \u00b7 Tempo de resposta de 8ms \u00b7 Rela\u00e7\u00e3o de contraste de 800:1 \u00b7 Brilho de 250 cd\/m\u00b2 \u00b7 \u00c2ngulo de vis\u00e3o de 70\u00b0V\/60\u00b0H \u00b7 VGA \u00b7 1x Conector DC &#8211; 1x Conector AC &#8211; 1x USB Tipo B &#8211; 1x RS232 (DB-9))<br \/><strong>Especifica\u00e7\u00f5es adicionais<\/strong><br \/>Bom estado exterior. Pode apresentar ligeiros sinais de utiliza\u00e7\u00e3o na carca\u00e7a. Veja as &#8220;+ Fotos&#8221; e, em caso de d\u00favida, contacte-nos por telefone ou chat para obter mais informa\u00e7\u00f5es ou solicitar detalhes adicionais.<\/p>\n","protected":false},"excerpt":{"rendered":"<p>Intel Core i5 8500 3 GHz. \u00b7 8 Gb. SO-DDR4 RAM \u00b7 256 Gb. SSD M2 \u00b7 Windows 10 Pro \u00b7<strong>Monitor touchscreen ET1515L de 15 polegadas<\/strong><\/p>\n","protected":false},"featured_media":215792,"template":"","meta":[],"product_brand":[3453],"product_cat":[61,2314,2320],"product_tag":[],"class_list":{"0":"post-215842","1":"product","2":"type-product","3":"status-publish","4":"has-post-thumbnail","6":"product_brand-hp","7":"product_cat-pos-pt","8":"product_cat-pos-all-in-one-pt","9":"product_cat-pos-kits-pt","11":"first","12":"instock","13":"taxable","14":"shipping-taxable","15":"purchasable","16":"product-type-simple"},"bundled_by":[],"bundle_stock_status":"instock","bundle_stock_quantity":1,"bundle_virtual":false,"bundle_layout":"","bundle_add_to_cart_form_location":"","bundle_editable_in_cart":false,"bundle_sold_individually_context":"","bundle_item_grouping":"","bundle_min_size":"","bundle_max_size":"","bundle_price":[],"bundled_items":[],"bundle_sell_ids":[],"exclude_global_add_ons":true,"addons":{"peripheral-upgrades":{"name":"Extens\u00e3o Perif\u00e9rico","type":"multiple_choice","position":0,"required":false,"title_format":"heading","default":"","description_enable":false,"description":"","placeholder_enable":false,"placeholder":"","display":"radiobutton","restrictions_type":"any_text","adjust_price":false,"price":"","price_type":"quantity_based","restrictions":false,"min":"0","max":"0","options":[{"label":"Gaveta de dinheiro autom\u00e1tica 41 cm. Ocasi\u00f3n [AMP00140]","price":"45.0000","price_type":"quantity_based","image":0,"visibility":true}]},"ram-memory-upgrades":{"name":"Extens\u00e3o RAM","type":"multiple_choice","position":0,"required":false,"title_format":"heading","default":"","description_enable":false,"description":"","placeholder_enable":false,"placeholder":"","display":"radiobutton","restrictions_type":"any_text","adjust_price":false,"price":"","price_type":"quantity_based","restrictions":false,"min":"0","max":"0","options":[{"label":"Extens\u00e3o SO-DIMM RAM 16 Gb DDR4 [AMP00081]","price":"60.0000","price_type":"quantity_based","image":0,"visibility":true}]},"hdd-upgrades":{"name":"Extens\u00e3o disco r\u00edgido","type":"multiple_choice","position":0,"required":false,"title_format":"heading","default":"","description_enable":false,"description":"","placeholder_enable":false,"placeholder":"","display":"radiobutton","restrictions_type":"any_text","adjust_price":false,"price":"","price_type":"quantity_based","restrictions":false,"min":"0","max":"0","options":[{"label":"Cambio a Disco SSD 500 Gb. M.2 2280 PCIe [AMP00106]","price":"110.0000","price_type":"quantity_based","image":0,"visibility":true},{"label":"Cambio a Disco SSD 1 Tb. M.2 2280 PCIe [AMP00107]","price":"165.0000","price_type":"quantity_based","image":0,"visibility":true}]},"network-card-upgrades":{"name":"Extens\u00e3o WIFI","type":"multiple_choice","position":0,"required":false,"title_format":"heading","default":"","description_enable":false,"description":"","placeholder_enable":false,"placeholder":"","display":"radiobutton","restrictions_type":"any_text","adjust_price":false,"price":"","price_type":"quantity_based","restrictions":false,"min":"0","max":"0","options":[{"label":"Ampliaci\u00f3n a Wireless nano USB [AMP00018]","price":"12.0000","price_type":"quantity_based","image":0,"visibility":true}]},"os-upgrades":{"name":"Extens\u00e3o OS","type":"multiple_choice","position":0,"required":false,"title_format":"heading","default":"","description_enable":false,"description":"","placeholder_enable":false,"placeholder":"","display":"radiobutton","restrictions_type":"any_text","adjust_price":false,"price":"","price_type":"quantity_based","restrictions":false,"min":"0","max":"0","options":[{"label":"Alterar idioma para franc\u00eas [AMP00125]","price":"0.0000","price_type":"quantity_based","image":0,"visibility":true},{"label":"Alterar idioma para ingl\u00eas [AMP00008]","price":"0.0000","price_type":"quantity_based","image":0,"visibility":true},{"label":"Alterar idioma para o portugu\u00eas [AMP00009]","price":"0.0000","price_type":"quantity_based","image":0,"visibility":true}]}},"df_price":423.5,"df_sale_price":"","df_regular_price":423.5,"df_image_link":"https:\/\/zoca.es\/wp-content\/uploads\/images\/product\/14976\/hp03350_01-300x225.jpg","_links":{"self":[{"href":"https:\/\/zoca.es\/pt-pt\/wp-json\/wp\/v2\/product\/215842","targetHints":{"allow":["GET"]}}],"collection":[{"href":"https:\/\/zoca.es\/pt-pt\/wp-json\/wp\/v2\/product"}],"about":[{"href":"https:\/\/zoca.es\/pt-pt\/wp-json\/wp\/v2\/types\/product"}],"wp:featuredmedia":[{"embeddable":true,"href":"https:\/\/zoca.es\/pt-pt\/wp-json\/wp\/v2\/media\/215792"}],"wp:attachment":[{"href":"https:\/\/zoca.es\/pt-pt\/wp-json\/wp\/v2\/media?parent=215842"}],"wp:term":[{"taxonomy":"product_brand","embeddable":true,"href":"https:\/\/zoca.es\/pt-pt\/wp-json\/wp\/v2\/product_brand?post=215842"},{"taxonomy":"product_cat","embeddable":true,"href":"https:\/\/zoca.es\/pt-pt\/wp-json\/wp\/v2\/product_cat?post=215842"},{"taxonomy":"product_tag","embeddable":true,"href":"https:\/\/zoca.es\/pt-pt\/wp-json\/wp\/v2\/product_tag?post=215842"}],"curies":[{"name":"wp","href":"https:\/\/api.w.org\/{rel}","templated":true}]}}