{"id":214116,"date":"2026-04-03T18:16:38","date_gmt":"2026-04-03T17:16:38","guid":{"rendered":"https:\/\/zoca.es\/producto\/dell-p2425h-24-ips-169-recondicionado-1920x1200-pt-14818\/"},"modified":"2026-04-03T18:16:48","modified_gmt":"2026-04-03T17:16:48","slug":"dell-p2425h-24-ips-169-recondicionado-1920x1200-pt-14818","status":"publish","type":"product","link":"https:\/\/zoca.es\/pt-pt\/produto\/dell-p2425h-24-ips-169-recondicionado-1920x1200-pt-14818\/","title":{"rendered":"Dell P2425H 24&#8221; IPS 16:9 | Recondicionado | 1920&#215;1200"},"content":{"rendered":"<p><strong>Tela<\/strong><br \/>IPS 24 &#8221; FullHD 16:9  \u00b7 Resolu\u00e7\u00e3o 1920&#215;1200<br \/>Dot pitch 0.27 mm<br \/>Resposta 5 ms<br \/>Contraste 1000:1<br \/>Brilho 250 cd\/m2<br \/>\u00c2ngulo vis\u00e3o 178\u00b0v\/178\u00b0h<br \/><strong>Portas de v\u00eddeo<\/strong><br \/>HDMI<br \/>2x Display Port<br \/><strong>Espec\u00edfico tela<\/strong><br \/>Apoio VESA<br \/>Pedestal<br \/>Regul\u00e1vel em altura<br \/><strong>Outros<\/strong><br \/>hR embalagens<br \/><strong>Dimens\u00f5es<\/strong><br \/>53x41x17 cm.<br \/><strong>Peso<\/strong><br \/>5.50 Kg.<br \/><strong>Especifica\u00e7\u00f5es adicionais<\/strong><br \/>O Dell P2425H foi pensado para quem precisa de um monitor moderno, eficiente e preparado para ambientes de trabalho din\u00e2micos. O seu formato 16:10 oferece espa\u00e7o vertical extra que melhora a organiza\u00e7\u00e3o na tela e facilita o trabalho com m\u00faltiplas aplica\u00e7\u00f5es, tornando-o uma op\u00e7\u00e3o ideal para escrit\u00f3rios, espa\u00e7os de trabalho ou configura\u00e7\u00f5es multitarefa onde cada detalhe conta.<br \/>O seu painel IPS de 24 polegadas com resolu\u00e7\u00e3o WUXGA 1920&#215;1200 oferece uma visualiza\u00e7\u00e3o mais ampla e precisa do que o padr\u00e3o Full HD, com cores uniformes e \u00e2ngulos de vis\u00e3o de 178\u00b0 que garantem consist\u00eancia a partir de qualquer posi\u00e7\u00e3o. Com um tempo de resposta de 5 ms, contraste de 1000:1 e brilho de 250 cd\/m\u00b2, proporciona um desempenho equilibrado e confort\u00e1vel para longas jornadas. Destaca-se especialmente pela sua conectividade otimizada, com HDMI e dupla DisplayPort, facilitando configura\u00e7\u00f5es multimonitor mais limpas, est\u00e1veis e eficientes.<br \/>O Dell P2425H n\u00e3o s\u00f3 cumpre, como eleva a experi\u00eancia de trabalho. Mais espa\u00e7o, melhor conectividade e uma qualidade de imagem confi\u00e1vel traduzem-se em maior produtividade e fluidez no dia a dia. Um monitor profissional, vers\u00e1til e preparado para se adaptar a qualquer ambiente que exija desempenho constante e solu\u00e7\u00f5es pr\u00e1ticas.<br \/>Bom aspeto exterior. Pode apresentar ligeiras marcas de uso na carca\u00e7a. Se tiver alguma d\u00favida ligue-nos ou use o nosso chat para obter mais informa\u00e7\u00f5es ou para solicitar mais detalhes.<br \/><strong>Coment\u00e1rios<\/strong><br \/><u>Cabo de alimenta\u00e7\u00e3o e DisplayPort inclu\u00eddos<\/u><\/p>\n","protected":false},"excerpt":{"rendered":"<p>IPS 24 &#8221; FullHD 16:9 \u00b7 Dot pitch 0.27 mm \u00b7 Resposta 5 ms \u00b7 Contraste 1000:1 \u00b7 Brilho 250 cd\/m2 \u00b7 HDMI \u00b7 2x Display Port \u00b7<br \/>\n<u>Cabo de alimenta\u00e7\u00e3o e DisplayPort inclu\u00eddos<\/u><\/p>\n","protected":false},"featured_media":214117,"template":"","meta":[],"product_brand":[3445],"product_cat":[2236,3126],"product_tag":[],"class_list":{"0":"post-214116","1":"product","2":"type-product","3":"status-publish","4":"has-post-thumbnail","6":"product_brand-dell","7":"product_cat-monitores-pt","8":"product_cat-monitores-monitores-pt","10":"first","11":"outofstock","12":"taxable","13":"shipping-taxable","14":"purchasable","15":"product-type-simple"},"bundled_by":[],"bundle_stock_status":"outofstock","bundle_stock_quantity":0,"bundle_virtual":false,"bundle_layout":"","bundle_add_to_cart_form_location":"","bundle_editable_in_cart":false,"bundle_sold_individually_context":"","bundle_item_grouping":"","bundle_min_size":"","bundle_max_size":"","bundle_price":[],"bundled_items":[],"bundle_sell_ids":[],"exclude_global_add_ons":true,"addons":{"hdmi-upgrades":{"name":"Extens\u00e3o cabo","type":"multiple_choice","position":0,"required":false,"title_format":"heading","default":"","description_enable":false,"description":"","placeholder_enable":false,"placeholder":"","display":"radiobutton","restrictions_type":"any_text","adjust_price":false,"price":"","price_type":"quantity_based","restrictions":false,"min":"0","max":"0","options":[{"label":"Cabo HDMI 2 mts. [AMP00104]","price":"6.0000","price_type":"quantity_based","image":0,"visibility":true}]}},"df_price":113.74,"df_sale_price":"","df_regular_price":113.74,"df_image_link":"https:\/\/zoca.es\/wp-content\/uploads\/images\/product\/14818\/dell01666_01-300x225.jpg","_links":{"self":[{"href":"https:\/\/zoca.es\/pt-pt\/wp-json\/wp\/v2\/product\/214116","targetHints":{"allow":["GET"]}}],"collection":[{"href":"https:\/\/zoca.es\/pt-pt\/wp-json\/wp\/v2\/product"}],"about":[{"href":"https:\/\/zoca.es\/pt-pt\/wp-json\/wp\/v2\/types\/product"}],"wp:featuredmedia":[{"embeddable":true,"href":"https:\/\/zoca.es\/pt-pt\/wp-json\/wp\/v2\/media\/214117"}],"wp:attachment":[{"href":"https:\/\/zoca.es\/pt-pt\/wp-json\/wp\/v2\/media?parent=214116"}],"wp:term":[{"taxonomy":"product_brand","embeddable":true,"href":"https:\/\/zoca.es\/pt-pt\/wp-json\/wp\/v2\/product_brand?post=214116"},{"taxonomy":"product_cat","embeddable":true,"href":"https:\/\/zoca.es\/pt-pt\/wp-json\/wp\/v2\/product_cat?post=214116"},{"taxonomy":"product_tag","embeddable":true,"href":"https:\/\/zoca.es\/pt-pt\/wp-json\/wp\/v2\/product_tag?post=214116"}],"curies":[{"name":"wp","href":"https:\/\/api.w.org\/{rel}","templated":true}]}}