{"id":196661,"date":"2026-03-09T13:55:41","date_gmt":"2026-03-09T12:55:41","guid":{"rendered":"https:\/\/zoca.es\/producto\/telefonia-ip-grandstream-gxp2200ext-expansion-module-nuevo-recondicionado-pt-14111\/"},"modified":"2026-03-09T13:55:46","modified_gmt":"2026-03-09T12:55:46","slug":"telefonia-ip-grandstream-gxp2200ext-expansion-module-nuevo-recondicionado-pt-14111","status":"publish","type":"product","link":"https:\/\/zoca.es\/pt-pt\/produto\/telefonia-ip-grandstream-gxp2200ext-expansion-module-nuevo-recondicionado-pt-14111\/","title":{"rendered":"Telefon\u00eda IP Grandstream GXP2200EXT Expansion Module-Nuevo | Recondicionado"},"content":{"rendered":"<p><b>Linhas<\/b><br \/>20 por p\u00e1gina (cada m\u00f3dulo cont\u00e9m 2 p\u00e1ginas, para um m\u00e1ximo de 40 linhas por m\u00f3dulo)<br \/>At\u00e9 160 com 4 m\u00f3dulos em cadeia<br \/><b>Telefones IP Grandstream compat\u00edveis<\/b><br \/>GXP2140, GXP2170 e GXV3240<br \/><b>Compatibilidade de fun\u00e7\u00f5es<\/b><br \/>GUI local com anima\u00e7\u00e3o controlada a partir do telefone anfitri\u00e3o GXP2140 ou GXP3240; M\u00faltiplas apar\u00eancias de linha\/chamada<br \/><b>Alimenta\u00e7\u00e3o:<\/b><br \/>Fornecida pelo telefone anfitri\u00e3o<br \/><b>Atualiza\u00e7\u00f5es de firmware:<\/b><br \/>Entregues pelo telefone anfitri\u00e3o<br \/><b>Peso:<\/b><br \/>0,38 kg<\/p>\n","protected":false},"excerpt":{"rendered":"<p>40 Linhas por M\u00f3dulo &#8211; At\u00e9 160 linhas com 4 m\u00f3dulos em cadeia &#8211; V\u00e1lido para GXP2140, GXP2170 e GXV3240 &#8211; <strong>Novo Produto N\u00e3o Lacrado<\/strong><\/p>\n","protected":false},"featured_media":196662,"template":"","meta":[],"product_brand":[4425],"product_cat":[3219,79],"product_tag":[],"class_list":{"0":"post-196661","1":"product","2":"type-product","3":"status-publish","4":"has-post-thumbnail","6":"product_brand-grandstream","7":"product_cat-networking-telefonia-ip-pt","8":"product_cat-networking-pt","10":"first","11":"instock","12":"taxable","13":"shipping-taxable","14":"purchasable","15":"product-type-simple"},"bundled_by":[],"bundle_stock_status":"instock","bundle_stock_quantity":3,"bundle_virtual":false,"bundle_layout":"","bundle_add_to_cart_form_location":"","bundle_editable_in_cart":false,"bundle_sold_individually_context":"","bundle_item_grouping":"","bundle_min_size":"","bundle_max_size":"","bundle_price":[],"bundled_items":[],"bundle_sell_ids":[],"exclude_global_add_ons":[],"addons":[],"df_price":102.85,"df_sale_price":"","df_regular_price":102.85,"df_image_link":"https:\/\/zoca.es\/wp-content\/uploads\/images\/product\/14111\/gran00001_01-300x225.jpg","_links":{"self":[{"href":"https:\/\/zoca.es\/pt-pt\/wp-json\/wp\/v2\/product\/196661","targetHints":{"allow":["GET"]}}],"collection":[{"href":"https:\/\/zoca.es\/pt-pt\/wp-json\/wp\/v2\/product"}],"about":[{"href":"https:\/\/zoca.es\/pt-pt\/wp-json\/wp\/v2\/types\/product"}],"wp:featuredmedia":[{"embeddable":true,"href":"https:\/\/zoca.es\/pt-pt\/wp-json\/wp\/v2\/media\/196662"}],"wp:attachment":[{"href":"https:\/\/zoca.es\/pt-pt\/wp-json\/wp\/v2\/media?parent=196661"}],"wp:term":[{"taxonomy":"product_brand","embeddable":true,"href":"https:\/\/zoca.es\/pt-pt\/wp-json\/wp\/v2\/product_brand?post=196661"},{"taxonomy":"product_cat","embeddable":true,"href":"https:\/\/zoca.es\/pt-pt\/wp-json\/wp\/v2\/product_cat?post=196661"},{"taxonomy":"product_tag","embeddable":true,"href":"https:\/\/zoca.es\/pt-pt\/wp-json\/wp\/v2\/product_tag?post=196661"}],"curies":[{"name":"wp","href":"https:\/\/api.w.org\/{rel}","templated":true}]}}