{"id":195068,"date":"2026-03-06T12:30:30","date_gmt":"2026-03-06T11:30:30","guid":{"rendered":"https:\/\/zoca.es\/producto\/opcao-portatil-lenovo-usb-c-dual-display-travel-dock-nuevo-recondicionado-pt-14795\/"},"modified":"2026-03-06T12:30:40","modified_gmt":"2026-03-06T11:30:40","slug":"opcao-portatil-lenovo-usb-c-dual-display-travel-dock-nuevo-recondicionado-pt-14795","status":"publish","type":"product","link":"https:\/\/zoca.es\/pt-pt\/produto\/opcao-portatil-lenovo-usb-c-dual-display-travel-dock-nuevo-recondicionado-pt-14795\/","title":{"rendered":"Op\u00e7\u00e3o port\u00e1til Lenovo USB-C Dual Display Travel Dock-NUEVO | Recondicionado"},"content":{"rendered":"<p>1xHDMI &#8211; 1xDisplayPort &#8211; 1xUSB 3.2 &#8211; 2xUSB-C &#8211; 1xGigabit Ethernet &#8211; <strong>Inclui adaptador de energia &#8211; Novo produto na caixa original<\/strong><\/p>\n","protected":false},"excerpt":{"rendered":"<p>1xHDMI &#8211; 1xDisplayPort &#8211; 1xUSB 3.2 &#8211; 2xUSB-C &#8211; 1xGigabit Ethernet &#8211; <strong>Inclui adaptador de energia &#8211; Novo produto na caixa original<\/strong><\/p>\n","protected":false},"featured_media":195069,"template":"","meta":[],"product_brand":[3452],"product_cat":[2304,2253,2301,3084,3093],"product_tag":[],"class_list":{"0":"post-195068","1":"product","2":"type-product","3":"status-publish","4":"has-post-thumbnail","6":"product_brand-lenovo","7":"product_cat-tablets-opcaos-pt","8":"product_cat-laptops-pt","9":"product_cat-tablets-pt","10":"product_cat-laptops-opcaos-pt","11":"product_cat-laptops-opcaos-docking-station-pt","13":"first","14":"instock","15":"taxable","16":"shipping-taxable","17":"purchasable","18":"product-type-simple"},"bundled_by":[],"bundle_stock_status":"instock","bundle_stock_quantity":9,"bundle_virtual":false,"bundle_layout":"","bundle_add_to_cart_form_location":"","bundle_editable_in_cart":false,"bundle_sold_individually_context":"","bundle_item_grouping":"","bundle_min_size":"","bundle_max_size":"","bundle_price":[],"bundled_items":[],"bundle_sell_ids":[],"exclude_global_add_ons":[],"addons":[],"df_price":108.9,"df_sale_price":"","df_regular_price":108.9,"df_image_link":"https:\/\/zoca.es\/wp-content\/uploads\/images\/product\/14795\/leno01150_01-300x225.jpg","_links":{"self":[{"href":"https:\/\/zoca.es\/pt-pt\/wp-json\/wp\/v2\/product\/195068","targetHints":{"allow":["GET"]}}],"collection":[{"href":"https:\/\/zoca.es\/pt-pt\/wp-json\/wp\/v2\/product"}],"about":[{"href":"https:\/\/zoca.es\/pt-pt\/wp-json\/wp\/v2\/types\/product"}],"wp:featuredmedia":[{"embeddable":true,"href":"https:\/\/zoca.es\/pt-pt\/wp-json\/wp\/v2\/media\/195069"}],"wp:attachment":[{"href":"https:\/\/zoca.es\/pt-pt\/wp-json\/wp\/v2\/media?parent=195068"}],"wp:term":[{"taxonomy":"product_brand","embeddable":true,"href":"https:\/\/zoca.es\/pt-pt\/wp-json\/wp\/v2\/product_brand?post=195068"},{"taxonomy":"product_cat","embeddable":true,"href":"https:\/\/zoca.es\/pt-pt\/wp-json\/wp\/v2\/product_cat?post=195068"},{"taxonomy":"product_tag","embeddable":true,"href":"https:\/\/zoca.es\/pt-pt\/wp-json\/wp\/v2\/product_tag?post=195068"}],"curies":[{"name":"wp","href":"https:\/\/api.w.org\/{rel}","templated":true}]}}