{"id":194935,"date":"2026-03-06T12:30:15","date_gmt":"2026-03-06T11:30:15","guid":{"rendered":"https:\/\/zoca.es\/producto\/telefonia-lenovo-wired-voip-headset-scwh18-nuevo-recondicionado-pt-14796\/"},"modified":"2026-03-06T12:31:21","modified_gmt":"2026-03-06T11:31:21","slug":"telefonia-lenovo-wired-voip-headset-scwh18-nuevo-recondicionado-pt-14796","status":"publish","type":"product","link":"https:\/\/zoca.es\/pt-pt\/produto\/telefonia-lenovo-wired-voip-headset-scwh18-nuevo-recondicionado-pt-14796\/","title":{"rendered":"Telefon\u00eda Lenovo Wired VoIP Headset SCWH18-NUEVO | Recondicionado"},"content":{"rendered":"<p><strong>\u00c1udio<\/strong><br \/>Design: On-ear (arco de cabe\u00e7a ajust\u00e1vel)<br \/>Driver: \u03a6 32 mm<br \/>Resposta de frequ\u00eancia: 20 Hz \u2013 20 kHz<br \/>Codecs: EPOS ActiveGard\u00ae,<br \/>Limitador de Ru\u00eddo da UE<br \/>Sensibilidade: 86 dB SPL a 1 mW \u2013 1 kHz<br \/><strong>Microfone<\/strong><br \/>Tipo: Microfone unidirecional<br \/>Design: Haste articulada<br \/>Haste articulada: Sim (ambidestro)<br \/>Sensibilidade: -40 dBV\/Pa a 1 kHz<br \/>Resposta de frequ\u00eancia: 100 Hz \u2013 8 kHz<br \/><strong>Geral<\/strong><br \/>Conectividade: Cabo USB-C integrado (2 m)<br \/>Controlo:<\/p>\n<p>Caixa de controlo (no cabo)<br \/>LEDs: Silenciar\/ativar o microfone; Notifica\u00e7\u00f5es do Teams (mensagens e chamadas)<br \/><strong>Certifica\u00e7\u00f5es:<\/strong><br \/>Certificado pela Microsoft Teams<br \/>Bot\u00f5es de volume: +\/-<br \/>Equipas: Sim<\/p>\n<p>Microfone:<br \/>Silenciar\/Ativar som<br \/><strong>Outros<\/strong><br \/>Dimens\u00f5es (caixa): 192 x 227 x 75 mm<br \/>Peso (artigo): 140 g<br \/>Peso (caixa): 405 g<br \/>Cor: Preto<\/p>\n","protected":false},"excerpt":{"rendered":"<p>Auscultador est\u00e9reo para VoIP com liga\u00e7\u00e3o USB\/USB-C \u00b7 <strong>Produto novo na embalagem original<\/strong><\/p>\n","protected":false},"featured_media":194890,"template":"","meta":[],"product_brand":[3452],"product_cat":[3219,79,2405,2447],"product_tag":[],"class_list":{"0":"post-194935","1":"product","2":"type-product","3":"status-publish","4":"has-post-thumbnail","6":"product_brand-lenovo","7":"product_cat-networking-telefonia-ip-pt","8":"product_cat-networking-pt","9":"product_cat-componentes-pt","10":"product_cat-componentes-son-pt","12":"first","13":"instock","14":"taxable","15":"shipping-taxable","16":"purchasable","17":"product-type-simple"},"bundled_by":[],"bundle_stock_status":"instock","bundle_stock_quantity":10,"bundle_virtual":false,"bundle_layout":"","bundle_add_to_cart_form_location":"","bundle_editable_in_cart":false,"bundle_sold_individually_context":"","bundle_item_grouping":"","bundle_min_size":"","bundle_max_size":"","bundle_price":[],"bundled_items":[],"bundle_sell_ids":[],"exclude_global_add_ons":[],"addons":[],"df_price":79.86,"df_sale_price":"","df_regular_price":79.86,"df_image_link":"https:\/\/zoca.es\/wp-content\/uploads\/images\/product\/14796\/leno01151_01-300x225.jpg","_links":{"self":[{"href":"https:\/\/zoca.es\/pt-pt\/wp-json\/wp\/v2\/product\/194935","targetHints":{"allow":["GET"]}}],"collection":[{"href":"https:\/\/zoca.es\/pt-pt\/wp-json\/wp\/v2\/product"}],"about":[{"href":"https:\/\/zoca.es\/pt-pt\/wp-json\/wp\/v2\/types\/product"}],"wp:featuredmedia":[{"embeddable":true,"href":"https:\/\/zoca.es\/pt-pt\/wp-json\/wp\/v2\/media\/194890"}],"wp:attachment":[{"href":"https:\/\/zoca.es\/pt-pt\/wp-json\/wp\/v2\/media?parent=194935"}],"wp:term":[{"taxonomy":"product_brand","embeddable":true,"href":"https:\/\/zoca.es\/pt-pt\/wp-json\/wp\/v2\/product_brand?post=194935"},{"taxonomy":"product_cat","embeddable":true,"href":"https:\/\/zoca.es\/pt-pt\/wp-json\/wp\/v2\/product_cat?post=194935"},{"taxonomy":"product_tag","embeddable":true,"href":"https:\/\/zoca.es\/pt-pt\/wp-json\/wp\/v2\/product_tag?post=194935"}],"curies":[{"name":"wp","href":"https:\/\/api.w.org\/{rel}","templated":true}]}}