{"id":190704,"date":"2026-03-02T11:05:50","date_gmt":"2026-03-02T10:05:50","guid":{"rendered":"https:\/\/zoca.es\/producto\/hp-probook-650-g8-impecable-156-recondicionado-core-i5-24ghz-16-gb-ram-256-gb-ssd-m2-1920x1080-pt-14798\/"},"modified":"2026-04-15T15:14:02","modified_gmt":"2026-04-15T14:14:02","slug":"hp-probook-650-g8-impecable-156-recondicionado-core-i5-24ghz-16-gb-ram-256-gb-ssd-m2-1920x1080-pt-14798","status":"publish","type":"product","link":"https:\/\/zoca.es\/pt-pt\/produto\/hp-probook-650-g8-impecable-156-recondicionado-core-i5-24ghz-16-gb-ram-256-gb-ssd-m2-1920x1080-pt-14798\/","title":{"rendered":"HP ProBook 650 G8-Impecable 15.6&#8221; | Recondicionado | Core i5 2.4GHz | 16 GB RAM | 256 GB SSD M2 1920&#215;1080"},"content":{"rendered":"<p><strong>Processador<\/strong><br \/>Intel Core i5 1135G7 2.4 GHz.<br \/><strong>Mem\u00f3ria RAM<\/strong><br \/>16 Gb. SO-DDR4 RAM<br \/><strong>Disco r\u00edgido<\/strong><br \/>256 Gb. SSD M2<br \/><strong>Cart\u00f5es<\/strong><br \/>Placa gr\u00e1fica: Intel Iris Xe Graphics<br \/>Som: Realtek HDA<br \/>Network: Intel Ethernet Connecti I219-LM<br \/><strong>Sistema operativo<\/strong><br \/>Windows 11 Home<br \/><strong>Portos<\/strong><br \/>3x USB 3.0<br \/>USB-C<br \/><strong>Tela<\/strong><br \/>IPS 15.6 &#8221; FullHD 16:9 \u00b7 Resolu\u00e7\u00e3o 1920&#215;1080<br \/><strong>Portas de v\u00eddeo<\/strong><br \/>HDMI<br \/><strong>Multim\u00eddia<\/strong><br \/>Webcam<br \/>Leitor impress\u00f5es digitais<br \/>Leitor DNI<br \/><strong>Conectividade<\/strong><br \/>RJ-45<br \/>WIFI<br \/>Bluetooth<br \/><strong>Espec\u00edfico laptop<\/strong><br \/>Layout do teclado Espanhol<br \/>Teclado num\u00e9rico<br \/><strong>Outros<\/strong><br \/>hR embalagens<br \/><strong>Dimens\u00f5es<\/strong><br \/>36x23x2.5 cm.<br \/><strong>Peso<\/strong><br \/>1.70 Kg.<br \/><strong>Especifica\u00e7\u00f5es adicionais<\/strong><br \/>O HP ProBook 650 G8 \u00e9 um port\u00e1til empresarial de \u00faltima gera\u00e7\u00e3o concebido para oferecer desempenho moderno, seguran\u00e7a integrada e m\u00e1xima efici\u00eancia no ambiente profissional.Equipado com processador Intel Core i5-1135G7 a 2.4 GHz (11\u00aa gera\u00e7\u00e3o) e 16 GB de mem\u00f3ria DDR4, garante fluidez em multitarefa avan\u00e7ada, aplica\u00e7\u00f5es empresariais, gest\u00e3o de dados e trabalho colaborativo. A sua arquitetura otimizada oferece maior efici\u00eancia energ\u00e9tica e melhor desempenho gr\u00e1fico integrado face a gera\u00e7\u00f5es anteriores.O SSD M.2 de 256 GB proporciona arranques ultrarr\u00e1pidos e acesso imediato a programas e ficheiros, melhorando a experi\u00eancia de utiliza\u00e7\u00e3o desde o primeiro momento. O ecr\u00e3 IPS de 15,6\u201d FullHD (1920&#215;1080) oferece excelente qualidade de imagem, cores mais precisas e amplos \u00e2ngulos de vis\u00e3o, ideal para longas jornadas de trabalho.Incorpora Windows 11 Home, proporcionando um ambiente moderno, intuitivo e preparado para as novas din\u00e2micas de trabalho. Al\u00e9m disso, integra leitor de impress\u00f5es digitais e leitor de cart\u00e3o de cidad\u00e3o, refor\u00e7ando a seguran\u00e7a atrav\u00e9s de autentica\u00e7\u00e3o biom\u00e9trica e acesso seguro a plataformas oficiais.O ProBook 650 G8 destaca-se pelo seu design profissional, desempenho equilibrado e elevado n\u00edvel de seguran\u00e7a, posicionando-se como um port\u00e1til profissional FullHD com 16GB RAM ideal para escrit\u00f3rio, teletrabalho e ambientes corporativos, onde a produtividade e a prote\u00e7\u00e3o de dados s\u00e3o fundamentais.<strong>Aspeto exterior impec\u00e1vel<\/strong>. Veja em \u201c+ Fotos\u201d e &#8220;V\u00eddeo&#8221; e se tiver alguma d\u00favida ligue-nos ou use o nosso chat para ampliar a informa\u00e7\u00e3o ou para solicitar mais detalhes.<\/p>\n","protected":false},"excerpt":{"rendered":"<p>Intel Core i5 1135G7 2.4 GHz. \u00b7 16 Gb. SO-DDR4 RAM \u00b7 256 Gb. SSD M2 \u00b7 <strong>Windows 11 Home<\/strong> \u00b7 IPS 15.6 &#8221; FullHD 16:9 \u00b7 Webcam \u00b7 Leitor impress\u00f5es digitais \u00b7 Leitor DNI<\/p>\n","protected":false},"featured_media":190659,"template":"","meta":[],"product_brand":[3453],"product_cat":[2253,3120],"product_tag":[],"class_list":{"0":"post-190704","1":"product","2":"type-product","3":"status-publish","4":"has-post-thumbnail","6":"product_brand-hp","7":"product_cat-laptops-pt","8":"product_cat-laptops-laptops-pt","10":"first","11":"instock","12":"taxable","13":"shipping-taxable","14":"purchasable","15":"product-type-simple"},"bundled_by":[],"bundle_stock_status":"instock","bundle_stock_quantity":27,"bundle_virtual":false,"bundle_layout":"","bundle_add_to_cart_form_location":"","bundle_editable_in_cart":false,"bundle_sold_individually_context":"","bundle_item_grouping":"","bundle_min_size":"","bundle_max_size":"","bundle_price":[],"bundled_items":[],"bundle_sell_ids":[],"exclude_global_add_ons":true,"addons":{"keyboard-iso-upgrades":{"name":"Selecione idioma teclado","type":"multiple_choice","position":0,"required":false,"title_format":"heading","default":"","description_enable":false,"description":"","placeholder_enable":false,"placeholder":"","display":"radiobutton","restrictions_type":"any_text","adjust_price":false,"price":"","price_type":"quantity_based","restrictions":false,"min":"0","max":"0","options":[{"label":"Pegatinas Franc\u00e9s [AMP00084]","price":"0.0000","price_type":"quantity_based","image":0,"visibility":true},{"label":"Pegatinas Portugues [AMP00083]","price":"0.0000","price_type":"quantity_based","image":0,"visibility":true}]},"ram-memory-upgrades":{"name":"Extens\u00e3o RAM","type":"multiple_choice","position":0,"required":false,"title_format":"heading","default":"","description_enable":false,"description":"","placeholder_enable":false,"placeholder":"","display":"radiobutton","restrictions_type":"any_text","adjust_price":false,"price":"","price_type":"quantity_based","restrictions":false,"min":"0","max":"0","options":[{"label":"Extens\u00e3o SODIM RAM 32 Gb [AMP00098]","price":"150.0000","price_type":"quantity_based","image":0,"visibility":true}]},"hdd-upgrades":{"name":"Extens\u00e3o disco r\u00edgido","type":"multiple_choice","position":0,"required":false,"title_format":"heading","default":"","description_enable":false,"description":"","placeholder_enable":false,"placeholder":"","display":"radiobutton","restrictions_type":"any_text","adjust_price":false,"price":"","price_type":"quantity_based","restrictions":false,"min":"0","max":"0","options":[{"label":"Cambio a Disco SSD 1 Tb. M.2 2280 PCIe [AMP00107]","price":"165.0000","price_type":"quantity_based","image":0,"visibility":true},{"label":"Cambio a Disco SSD 2 Tb. M.2 2280 PCIe [AMP00171]","price":"260.0000","price_type":"quantity_based","image":0,"visibility":true},{"label":"Cambio a Disco SSD 500 Gb. M.2 2280 PCIe [AMP00106]","price":"110.0000","price_type":"quantity_based","image":0,"visibility":true}]},"os-upgrades":{"name":"Extens\u00e3o OS","type":"multiple_choice","position":0,"required":false,"title_format":"heading","default":"","description_enable":false,"description":"","placeholder_enable":false,"placeholder":"","display":"radiobutton","restrictions_type":"any_text","adjust_price":false,"price":"","price_type":"quantity_based","restrictions":false,"min":"0","max":"0","options":[{"label":"Alterar idioma para franc\u00eas [AMP00125]","price":"0.0000","price_type":"quantity_based","image":0,"visibility":true},{"label":"Alterar idioma para ingl\u00eas [AMP00008]","price":"0.0000","price_type":"quantity_based","image":0,"visibility":true},{"label":"Alterar idioma para o portugu\u00eas [AMP00009]","price":"0.0000","price_type":"quantity_based","image":0,"visibility":true},{"label":"MAR Windows 11 PRO [AMP00145]","price":"30.0000","price_type":"quantity_based","image":0,"visibility":true}]},"briefcase-upgrades":{"name":"Maleta","type":"multiple_choice","position":0,"required":false,"title_format":"heading","default":"","description_enable":false,"description":"","placeholder_enable":false,"placeholder":"","display":"radiobutton","restrictions_type":"any_text","adjust_price":false,"price":"","price_type":"quantity_based","restrictions":false,"min":"0","max":"0","options":[{"label":"Maleta Port\u00e1til [AMP00041]","price":"5.0000","price_type":"quantity_based","image":0,"visibility":true}]}},"df_price":540.87,"df_sale_price":"","df_regular_price":540.87,"df_image_link":"https:\/\/zoca.es\/wp-content\/uploads\/images\/product\/14798\/hp03287_01-300x225.jpg","_links":{"self":[{"href":"https:\/\/zoca.es\/pt-pt\/wp-json\/wp\/v2\/product\/190704","targetHints":{"allow":["GET"]}}],"collection":[{"href":"https:\/\/zoca.es\/pt-pt\/wp-json\/wp\/v2\/product"}],"about":[{"href":"https:\/\/zoca.es\/pt-pt\/wp-json\/wp\/v2\/types\/product"}],"wp:featuredmedia":[{"embeddable":true,"href":"https:\/\/zoca.es\/pt-pt\/wp-json\/wp\/v2\/media\/190659"}],"wp:attachment":[{"href":"https:\/\/zoca.es\/pt-pt\/wp-json\/wp\/v2\/media?parent=190704"}],"wp:term":[{"taxonomy":"product_brand","embeddable":true,"href":"https:\/\/zoca.es\/pt-pt\/wp-json\/wp\/v2\/product_brand?post=190704"},{"taxonomy":"product_cat","embeddable":true,"href":"https:\/\/zoca.es\/pt-pt\/wp-json\/wp\/v2\/product_cat?post=190704"},{"taxonomy":"product_tag","embeddable":true,"href":"https:\/\/zoca.es\/pt-pt\/wp-json\/wp\/v2\/product_tag?post=190704"}],"curies":[{"name":"wp","href":"https:\/\/api.w.org\/{rel}","templated":true}]}}