{"id":174684,"date":"2026-02-24T11:31:30","date_gmt":"2026-02-24T10:31:30","guid":{"rendered":"https:\/\/zoca.es\/producto\/panasonic-thoughbook-cf-33-12-tara-core-i5-26ghz-8-gb-ram-512-gb-ssd-2160x1400-pt-14412\/"},"modified":"2026-02-25T10:01:24","modified_gmt":"2026-02-25T09:01:24","slug":"panasonic-thoughbook-cf-33-12-tara-core-i5-26ghz-8-gb-ram-512-gb-ssd-2160x1400-pt-14412","status":"publish","type":"product","link":"https:\/\/zoca.es\/pt-pt\/produto\/panasonic-thoughbook-cf-33-12-tara-core-i5-26ghz-8-gb-ram-512-gb-ssd-2160x1400-pt-14412\/","title":{"rendered":"Panasonic ThoughBook CF-33 12&#8221; | Tara  | Core i5 2.6GHz | 8 GB RAM | 512 GB SSD 2160&#215;1400"},"content":{"rendered":"<p><strong>Processador<\/strong><br \/>Intel Core i5 7300U 2.6 GHz.<br \/><strong>Mem\u00f3ria RAM<\/strong><br \/>8 Gb. SO-DDR3 RAM<br \/><strong>Disco r\u00edgido<\/strong><br \/>512 Gb. SSD<br \/><strong>Cart\u00f5es<\/strong><br \/>Placa gr\u00e1fica: Intel HD Graphics 620<br \/>Som: Realtek High Definition Audio<br \/>Network: Intel Ethernet Connection I219-LM<br \/><strong>Sistema operativo<\/strong><br \/>Windows 10 Pro<br \/><strong>Portos<\/strong><br \/>2x S\u00e9rie<br \/>USB 2.0<br \/>3x USB 3.0<br \/><strong>Tela<\/strong><br \/>T\u00e1til 12 &#8221; FullHD 16:9  \u00b7 Resolu\u00e7\u00e3o 2160&#215;1400<br \/><strong>Portas de v\u00eddeo<\/strong><br \/>VGA<br \/>2x HDMI<br \/><strong>Multim\u00eddia<\/strong><br \/>Webcam<br \/>Leitor SD<br \/>Leitor DNI<br \/>C\u00e2mera traseira<br \/>C\u00e2mera frontal<br \/><strong>Conectividade<\/strong><br \/>2x RJ-45<br \/>WIFI<br \/>Bluetooth<br \/>4G<br \/><strong>Espec\u00edfico laptop<\/strong><br \/>Layout do teclado Internacional (adesivos espanhol)<br \/><strong>Outros<\/strong><br \/>hR embalagens<br \/><strong>Dimens\u00f5es<\/strong><br \/>30&#215;31.5&#215;5.5 cm.<br \/><strong>Peso<\/strong><br \/>2.80 Kg.<br \/><strong>Coment\u00e1rios<\/strong><br \/><u>As c\u00e2maras n\u00e3o est\u00e3o a funcionar. Trata-se de um defeito nas c\u00e2maras; funcionam, mas n\u00e3o oferecem uma boa qualidade de imagem. Este \u00e9 o \u00fanico problema deste dispositivo robusto. Todas as outras fun\u00e7\u00f5es est\u00e3o a funcionar corretamente. Caso tenha alguma d\u00favida, contacte-nos por telefone ou chat para obter mais informa\u00e7\u00f5es ou solicitar mais detalhes.<\/u><\/p>\n","protected":false},"excerpt":{"rendered":"<p>Intel Core i5 7300U 2.6 GHz. \u00b7 8 Gb. SO-DDR3 RAM \u00b7<strong>2xBateria \u00b7 Caneta inclu\u00edda<\/strong>\u00b7<u>Webcams n\u00e3o funcionam<\/u><\/p>\n","protected":false},"featured_media":174660,"template":"","meta":[],"product_brand":[3467],"product_cat":[3129,2301,3071],"product_tag":[],"class_list":{"0":"post-174684","1":"product","2":"type-product","3":"status-publish","4":"has-post-thumbnail","6":"product_brand-panasonic","7":"product_cat-tablets-ruggerized-pt","8":"product_cat-tablets-pt","9":"product_cat-ruggerized-pt","11":"first","12":"outofstock","13":"taxable","14":"shipping-taxable","15":"purchasable","16":"product-type-simple"},"bundled_by":[],"bundle_stock_status":"outofstock","bundle_stock_quantity":0,"bundle_virtual":false,"bundle_layout":"","bundle_add_to_cart_form_location":"","bundle_editable_in_cart":false,"bundle_sold_individually_context":"","bundle_item_grouping":"","bundle_min_size":"","bundle_max_size":"","bundle_price":[],"bundled_items":[],"bundle_sell_ids":[],"exclude_global_add_ons":true,"addons":{"keyboard-iso-upgrades":{"name":"Selecione idioma teclado","type":"multiple_choice","position":0,"required":false,"title_format":"heading","default":"","description_enable":false,"description":"","placeholder_enable":false,"placeholder":"","display":"radiobutton","restrictions_type":"any_text","adjust_price":false,"price":"","price_type":"quantity_based","restrictions":false,"min":"0","max":"0","options":[{"label":"Pegatinas Espanhol [AMP00082]","price":"0.0000","price_type":"quantity_based","image":0,"visibility":true},{"label":"Pegatinas Franc\u00e9s [AMP00084]","price":"0.0000","price_type":"quantity_based","image":0,"visibility":true},{"label":"Pegatinas Portugues [AMP00083]","price":"0.0000","price_type":"quantity_based","image":0,"visibility":true}]},"os-upgrades":{"name":"Extens\u00e3o OS","type":"multiple_choice","position":0,"required":false,"title_format":"heading","default":"","description_enable":false,"description":"","placeholder_enable":false,"placeholder":"","display":"radiobutton","restrictions_type":"any_text","adjust_price":false,"price":"","price_type":"quantity_based","restrictions":false,"min":"0","max":"0","options":[{"label":"Alterar idioma para franc\u00eas [AMP00125]","price":"0.0000","price_type":"quantity_based","image":0,"visibility":true},{"label":"Alterar idioma para ingl\u00eas [AMP00008]","price":"0.0000","price_type":"quantity_based","image":0,"visibility":true},{"label":"Alterar idioma para o portugu\u00eas [AMP00009]","price":"0.0000","price_type":"quantity_based","image":0,"visibility":true}]},"briefcase-upgrades":{"name":"Maleta","type":"multiple_choice","position":0,"required":false,"title_format":"heading","default":"","description_enable":false,"description":"","placeholder_enable":false,"placeholder":"","display":"radiobutton","restrictions_type":"any_text","adjust_price":false,"price":"","price_type":"quantity_based","restrictions":false,"min":"0","max":"0","options":[{"label":"Maleta Port\u00e1til [AMP00041]","price":"5.0000","price_type":"quantity_based","image":0,"visibility":true}]}},"df_price":554.18,"df_sale_price":"","df_regular_price":554.18,"df_image_link":"https:\/\/zoca.es\/wp-content\/uploads\/images\/product\/14412\/pana00083tr01_01-300x225.jpg","_links":{"self":[{"href":"https:\/\/zoca.es\/pt-pt\/wp-json\/wp\/v2\/product\/174684","targetHints":{"allow":["GET"]}}],"collection":[{"href":"https:\/\/zoca.es\/pt-pt\/wp-json\/wp\/v2\/product"}],"about":[{"href":"https:\/\/zoca.es\/pt-pt\/wp-json\/wp\/v2\/types\/product"}],"wp:featuredmedia":[{"embeddable":true,"href":"https:\/\/zoca.es\/pt-pt\/wp-json\/wp\/v2\/media\/174660"}],"wp:attachment":[{"href":"https:\/\/zoca.es\/pt-pt\/wp-json\/wp\/v2\/media?parent=174684"}],"wp:term":[{"taxonomy":"product_brand","embeddable":true,"href":"https:\/\/zoca.es\/pt-pt\/wp-json\/wp\/v2\/product_brand?post=174684"},{"taxonomy":"product_cat","embeddable":true,"href":"https:\/\/zoca.es\/pt-pt\/wp-json\/wp\/v2\/product_cat?post=174684"},{"taxonomy":"product_tag","embeddable":true,"href":"https:\/\/zoca.es\/pt-pt\/wp-json\/wp\/v2\/product_tag?post=174684"}],"curies":[{"name":"wp","href":"https:\/\/api.w.org\/{rel}","templated":true}]}}