{"id":162885,"date":"2026-02-20T12:13:34","date_gmt":"2026-02-20T11:13:34","guid":{"rendered":"https:\/\/zoca.es\/producto\/hp-proliant-dl380-g5-barebone-rack-recondicionado-xeon-3ghz-4-gb-ram-sas-pt-12499\/"},"modified":"2026-02-25T10:37:05","modified_gmt":"2026-02-25T09:37:05","slug":"hp-proliant-dl380-g5-barebone-rack-recondicionado-xeon-3ghz-4-gb-ram-sas-pt-12499","status":"publish","type":"product","link":"https:\/\/zoca.es\/pt-pt\/produto\/hp-proliant-dl380-g5-barebone-rack-recondicionado-xeon-3ghz-4-gb-ram-sas-pt-12499\/","title":{"rendered":"HP ProLiant DL380 G5 Barebone Rack | Recondicionado | Xeon 3GHz | 4 GB RAM | SAS"},"content":{"rendered":"<p><strong>Processador<\/strong><br \/>Intel Xeon 5160 3 GHz.<br \/><strong>Fator de forma<\/strong><br \/>Rack (2U)<br \/><strong>Mem\u00f3ria RAM<\/strong><br \/>4 Gb. DDR2 ECC RAM<br \/>8 ba\u00edas (4 vazio )<br \/><strong>Disco r\u00edgido<\/strong><br \/>SAS 2.5&#8221;<br \/>8 ba\u00edas<br \/><strong>Drive \u00f3ptico<\/strong><br \/>Combo (CD-RW\/DVD)<br \/><strong>Cart\u00f5es<\/strong><br \/>Placa gr\u00e1fica: intel HD Graphics<br \/>Network: Gigabit Ethernet<br \/><strong>Sistema operativo<\/strong><br \/>&#8211; Sem sistema operativo &#8211;<br \/><strong>Portos<\/strong><br \/>S\u00e9rie<br \/>4x USB 2.0<br \/>PS2<br \/><strong>Conectividade<\/strong><br \/>RJ-45<br \/><strong>Alimenta\u00e7\u00e3o<\/strong><br \/>2x Fontes de alimenta\u00e7\u00e3o (Hotplug)<br \/><strong>Dimens\u00f5es<\/strong><br \/>8.5&#215;67.4&#215;44.5 cm.<br \/><strong>Peso<\/strong><br \/>22.00 Kg.<br \/><strong>Especifica\u00e7\u00f5es adicionais<\/strong><br \/>O HP ProLiant DL380 G5 \u00e9 um servidor rack 2U que se destaca pela sua arquitetura robusta e fiabilidade comprovada, ideal para infraestruturas que exigem estabilidade a longo prazo e compatibilidade com ambientes legacy. Equipado com processadores Intel Xeon 5160 a 3 GHz, oferece desempenho s\u00f3lido para servi\u00e7os b\u00e1sicos de rede, controlo de dom\u00ednio, aplica\u00e7\u00f5es internas e ambientes de suporte.Os seus 4 GB de mem\u00f3ria DDR2 ECC garantem funcionamento est\u00e1vel e prote\u00e7\u00e3o contra erros, mantendo a integridade do sistema em opera\u00e7\u00f5es cont\u00ednuas. O subsistema de armazenamento SAS 2.5\u201d, com 8 baias dispon\u00edveis, permite configurar solu\u00e7\u00f5es orientadas para fiabilidade e redund\u00e2ncia, adaptando-se a diferentes cen\u00e1rios de utiliza\u00e7\u00e3o.A controladora HP Smart Array P400 proporciona gest\u00e3o RAID profissional, refor\u00e7ando a seguran\u00e7a dos dados e a continuidade do servi\u00e7o. Com m\u00faltiplas ranhuras PCIe, o DL380 G5 oferece op\u00e7\u00f5es de expans\u00e3o suficientes para placas de rede, controladoras adicionais ou adapta\u00e7\u00f5es espec\u00edficas do ambiente.Um servidor concebido para funcionar 24\/7, especialmente indicado para infraestruturas consolidadas, ambientes de laborat\u00f3rio, sistemas legacy ou solu\u00e7\u00f5es t\u00e9cnicas onde a estabilidade e a durabilidade s\u00e3o mais importantes do que a \u00faltima gera\u00e7\u00e3o de hardware.Bom aspeto exterior. Se tiver alguma d\u00favida ligue-nos ou utilize o nosso chat para ampliar a informa\u00e7\u00e3o ou solicitar mais detalhes.<br \/><strong>Coment\u00e1rios<\/strong><br \/><u>HP Smart Array P400 &#8211; 2xPCIe X16 \/ 3xPCIe X4<\/u><\/p>\n","protected":false},"excerpt":{"rendered":"<p>Intel Xeon 5160 3 GHz. \u00b7 4 Gb. DDR2 ECC RAM \u00b7 8 ba\u00edas (4 vazio ) \u00b7 SAS 2.5&#8221; \u00b7 8 ba\u00edas \u00b7 Combo (CD-RW\/DVD) \u00b7<br \/>\n<strong>HP Smart Array P400<\/strong> &#8211; <u>2xPCIe X16 \/ 3xPCIe X4<br \/>\n<\/u><\/p>\n","protected":false},"featured_media":162877,"template":"","meta":[],"product_brand":[3453],"product_cat":[3182,2338,2344],"product_tag":[],"class_list":{"0":"post-162885","1":"product","2":"type-product","3":"status-publish","4":"has-post-thumbnail","6":"product_brand-hp","7":"product_cat-barebone-pt","8":"product_cat-servidores-pt","9":"product_cat-servidores-rack-pt","11":"first","12":"instock","13":"taxable","14":"shipping-taxable","15":"purchasable","16":"product-type-simple"},"bundled_by":[],"bundle_stock_status":"instock","bundle_stock_quantity":4,"bundle_virtual":false,"bundle_layout":"","bundle_add_to_cart_form_location":"","bundle_editable_in_cart":false,"bundle_sold_individually_context":"","bundle_item_grouping":"","bundle_min_size":"","bundle_max_size":"","bundle_price":[],"bundled_items":[],"bundle_sell_ids":[],"exclude_global_add_ons":[],"addons":[],"df_price":101.64,"df_sale_price":"","df_regular_price":101.64,"df_image_link":"https:\/\/zoca.es\/wp-content\/uploads\/images\/product\/12499\/hp02649_01-300x225.jpg","_links":{"self":[{"href":"https:\/\/zoca.es\/pt-pt\/wp-json\/wp\/v2\/product\/162885","targetHints":{"allow":["GET"]}}],"collection":[{"href":"https:\/\/zoca.es\/pt-pt\/wp-json\/wp\/v2\/product"}],"about":[{"href":"https:\/\/zoca.es\/pt-pt\/wp-json\/wp\/v2\/types\/product"}],"wp:featuredmedia":[{"embeddable":true,"href":"https:\/\/zoca.es\/pt-pt\/wp-json\/wp\/v2\/media\/162877"}],"wp:attachment":[{"href":"https:\/\/zoca.es\/pt-pt\/wp-json\/wp\/v2\/media?parent=162885"}],"wp:term":[{"taxonomy":"product_brand","embeddable":true,"href":"https:\/\/zoca.es\/pt-pt\/wp-json\/wp\/v2\/product_brand?post=162885"},{"taxonomy":"product_cat","embeddable":true,"href":"https:\/\/zoca.es\/pt-pt\/wp-json\/wp\/v2\/product_cat?post=162885"},{"taxonomy":"product_tag","embeddable":true,"href":"https:\/\/zoca.es\/pt-pt\/wp-json\/wp\/v2\/product_tag?post=162885"}],"curies":[{"name":"wp","href":"https:\/\/api.w.org\/{rel}","templated":true}]}}