{"id":162464,"date":"2026-02-20T09:17:51","date_gmt":"2026-02-20T08:17:51","guid":{"rendered":"https:\/\/zoca.es\/producto\/microsoft-surface-pro-7-negra-kit-recondicionado-pt-14777\/"},"modified":"2026-02-25T10:36:21","modified_gmt":"2026-02-25T09:36:21","slug":"microsoft-surface-pro-7-negra-kit-recondicionado-pt-14777","status":"publish","type":"product","link":"https:\/\/zoca.es\/pt-pt\/produto\/microsoft-surface-pro-7-negra-kit-recondicionado-pt-14777\/","title":{"rendered":"Microsoft Surface Pro 7 Negra Kit | Recondicionado"},"content":{"rendered":"<p><strong>Processador<\/strong><br \/>Intel Core i7 1065G7 1.3 GHz.<br \/><strong>Mem\u00f3ria RAM<\/strong><br \/>16 Gb. SO-DDR4 RAM<br \/><strong>Disco r\u00edgido<\/strong><br \/>256 Gb. SSD M2<br \/><strong>Cart\u00f5es<\/strong><br \/>Placa gr\u00e1fica: Intel Iris Plus Graphics<br \/>Som: High Definition Audio<br \/><strong>Sistema operativo<\/strong><br \/>Windows 11 Pro<br \/><strong>Portos<\/strong><br \/>USB 3.0<br \/>USB-C<br \/><strong>Tela<\/strong><br \/>T\u00e1til 12.3 &#8221; 2K 16:9 \u00b7 Resolu\u00e7\u00e3o 2736&#215;1824<br \/><strong>Multim\u00eddia<\/strong><br \/>C\u00e2mera traseira<br \/>C\u00e2mera frontal<br \/><strong>Conectividade<\/strong><br \/>WIFI<br \/>Bluetooth<br \/><strong>Outros<\/strong><br \/>hR embalagens<br \/><strong>Dimens\u00f5es<\/strong><br \/>29.2&#215;20.5&#215;1.5 cm.<br \/><strong>Peso<\/strong><br \/>0.80 Kg.<br \/><strong>Especifica\u00e7\u00f5es adicionais<\/strong><br \/>Poderosa e port\u00e1til, esta vers\u00e3o com Intel Core i7 e 16 GB de RAM oferece desempenho superior, ideal para tarefas exigentes como design, an\u00e1lise de dados e multitarefa avan\u00e7ada. Com sua tela sens\u00edvel ao toque de 12,3 polegadas e resolu\u00e7\u00e3o 2K, \u00e9 perfeito para trabalhar e desfrutar de conte\u00fado visual de alta qualidade. Equipado com Windows 11 Pro e TPM 2.0, garante um ambiente seguro e atualizado, enquanto o armazenamento SSD permite inicializa\u00e7\u00e3o r\u00e1pida e agilidade no gerenciamento de arquivos e aplicativos.Boa apar\u00eancia externa. Procure em &#8220;+ Fotos\u201d e &#8220;V\u00eddeo\u201d e caso tenha alguma d\u00favida, ligue ou use nosso chat para mais informa\u00e7\u00f5es ou para solicitar mais detalhes.<br \/><strong>Coment\u00e1rios<\/strong><br \/><u>Cor Preto<\/u><\/p>\n","protected":false},"excerpt":{"rendered":"<p>Intel Core i7 1065G7 1.3 GHz. \u00b7 16 Gb. SO-DDR4 RAM \u00b7 256 Gb. SSD M2 \u00b7 <strong>Windows 11 Pro<\/strong> \u00b7 T\u00e1til 12.3 &#8221; 2K 16:9 \u00b7<strong>Teclado espanhol<\/strong>\u00b7<br \/>\n<u>Cor Preto<\/u><\/p>\n","protected":false},"featured_media":162428,"template":"","meta":[],"product_brand":[3456],"product_cat":[3185,2301],"product_tag":[],"class_list":{"0":"post-162464","1":"product","2":"type-product","3":"status-publish","4":"has-post-thumbnail","6":"product_brand-microsoft","7":"product_cat-tablets-surface-pt","8":"product_cat-tablets-pt","10":"first","11":"outofstock","12":"taxable","13":"shipping-taxable","14":"purchasable","15":"product-type-simple"},"bundled_by":[],"bundle_stock_status":"outofstock","bundle_stock_quantity":0,"bundle_virtual":false,"bundle_layout":"","bundle_add_to_cart_form_location":"","bundle_editable_in_cart":false,"bundle_sold_individually_context":"","bundle_item_grouping":"","bundle_min_size":"","bundle_max_size":"","bundle_price":[],"bundled_items":[],"bundle_sell_ids":[],"exclude_global_add_ons":true,"addons":{"keyboard-iso-upgrades":{"name":"Selecione idioma teclado","type":"multiple_choice","position":0,"required":false,"title_format":"heading","default":"","description_enable":false,"description":"","placeholder_enable":false,"placeholder":"","display":"radiobutton","restrictions_type":"any_text","adjust_price":false,"price":"","price_type":"quantity_based","restrictions":false,"min":"0","max":"0","options":[{"label":"Pegatinas Franc\u00e9s [AMP00084]","price":"0.0000","price_type":"quantity_based","image":0,"visibility":true},{"label":"Pegatinas Portugues [AMP00083]","price":"0.0000","price_type":"quantity_based","image":0,"visibility":true}]},"docking-station-upgrades":{"name":"Extens\u00e3o Docking Station","type":"multiple_choice","position":0,"required":false,"title_format":"heading","default":"","description_enable":false,"description":"","placeholder_enable":false,"placeholder":"","display":"radiobutton","restrictions_type":"any_text","adjust_price":false,"price":"","price_type":"quantity_based","restrictions":false,"min":"0","max":"0","options":[{"label":"Microsoft Surface Docking Station 1661 [AMP00061]","price":"45.0000","price_type":"quantity_based","image":0,"visibility":true}]},"pencil-upgrades":{"name":"Extens\u00e3o L\u00e1pis","type":"multiple_choice","position":0,"required":false,"title_format":"heading","default":"","description_enable":false,"description":"","placeholder_enable":false,"placeholder":"","display":"radiobutton","restrictions_type":"any_text","adjust_price":false,"price":"","price_type":"quantity_based","restrictions":false,"min":"0","max":"0","options":[{"label":"Caneta Original Microsoft Surface [AMP00087]","price":"50.0000","price_type":"quantity_based","image":0,"visibility":true}]},"os-upgrades":{"name":"Extens\u00e3o OS","type":"multiple_choice","position":0,"required":false,"title_format":"heading","default":"","description_enable":false,"description":"","placeholder_enable":false,"placeholder":"","display":"radiobutton","restrictions_type":"any_text","adjust_price":false,"price":"","price_type":"quantity_based","restrictions":false,"min":"0","max":"0","options":[{"label":"Alterar idioma para franc\u00eas [AMP00125]","price":"0.0000","price_type":"quantity_based","image":0,"visibility":true},{"label":"Alterar idioma para ingl\u00eas [AMP00008]","price":"0.0000","price_type":"quantity_based","image":0,"visibility":true},{"label":"Alterar idioma para o portugu\u00eas [AMP00009]","price":"0.0000","price_type":"quantity_based","image":0,"visibility":true}]}},"df_price":719.95,"df_sale_price":"","df_regular_price":719.95,"df_image_link":"https:\/\/zoca.es\/wp-content\/uploads\/images\/product\/14777\/ms00235_01-300x225.jpg","_links":{"self":[{"href":"https:\/\/zoca.es\/pt-pt\/wp-json\/wp\/v2\/product\/162464","targetHints":{"allow":["GET"]}}],"collection":[{"href":"https:\/\/zoca.es\/pt-pt\/wp-json\/wp\/v2\/product"}],"about":[{"href":"https:\/\/zoca.es\/pt-pt\/wp-json\/wp\/v2\/types\/product"}],"wp:featuredmedia":[{"embeddable":true,"href":"https:\/\/zoca.es\/pt-pt\/wp-json\/wp\/v2\/media\/162428"}],"wp:attachment":[{"href":"https:\/\/zoca.es\/pt-pt\/wp-json\/wp\/v2\/media?parent=162464"}],"wp:term":[{"taxonomy":"product_brand","embeddable":true,"href":"https:\/\/zoca.es\/pt-pt\/wp-json\/wp\/v2\/product_brand?post=162464"},{"taxonomy":"product_cat","embeddable":true,"href":"https:\/\/zoca.es\/pt-pt\/wp-json\/wp\/v2\/product_cat?post=162464"},{"taxonomy":"product_tag","embeddable":true,"href":"https:\/\/zoca.es\/pt-pt\/wp-json\/wp\/v2\/product_tag?post=162464"}],"curies":[{"name":"wp","href":"https:\/\/api.w.org\/{rel}","templated":true}]}}