{"id":159508,"date":"2026-02-11T17:56:20","date_gmt":"2026-02-11T16:56:20","guid":{"rendered":"https:\/\/zoca.es\/producto\/hp-proliant-ml30-g9-impecable-torre-recondicionado-xeon-quad-core-34ghz-32-gb-ram-600-gb-sas-pt-14723\/"},"modified":"2026-03-20T14:23:30","modified_gmt":"2026-03-20T13:23:30","slug":"hp-proliant-ml30-g9-impecable-torre-recondicionado-xeon-quad-core-34ghz-32-gb-ram-600-gb-sas-pt-14723","status":"publish","type":"product","link":"https:\/\/zoca.es\/pt-pt\/produto\/hp-proliant-ml30-g9-impecable-torre-recondicionado-xeon-quad-core-34ghz-32-gb-ram-600-gb-sas-pt-14723\/","title":{"rendered":"HP Proliant ML30 G9-Impecable Torre | Recondicionado | Xeon Quad Core 3.4GHz | 32 GB RAM | 600 GB SAS"},"content":{"rendered":"<p><strong>Processador<\/strong><br \/>Intel Xeon Quad Core E3-1230 v5 3.4 GHz.<br \/><strong>Fator de forma<\/strong><br \/>Torre<br \/><strong>Mem\u00f3ria RAM<\/strong><br \/>32 Gb. DDR4 RAM<br \/>4 ba\u00edas (0 vazio )<br \/><strong>Disco r\u00edgido<\/strong><br \/>4x 600 Gb. SAS 2.5&#8221; 10000rpm<br \/>8 ba\u00edas (4 vazio )<br \/><strong>Drive \u00f3ptico<\/strong><br \/>DVD<br \/><strong>Sistema operativo<\/strong><br \/>&#8211; Sem sistema operativo &#8211;<br \/><strong>Portos<\/strong><br \/>2x USB 2.0<br \/>6x USB 3.0<br \/><strong>Conectividade<\/strong><br \/>2x RJ-45<br \/><strong>Alimenta\u00e7\u00e3o<\/strong><br \/>2x Fontes de alimenta\u00e7\u00e3o<br \/><strong>Outros<\/strong><br \/>hR embalagens<br \/><strong>Dimens\u00f5es<\/strong><br \/>52x37x17.5 cm.<br \/><strong>Peso<\/strong><br \/>15.00 Kg.<br \/><strong>Especifica\u00e7\u00f5es adicionais<\/strong><br \/>O HP ProLiant ML30 G9 em formato torre \u00e9 uma solu\u00e7\u00e3o ideal para escrit\u00f3rios e ambientes profissionais que necessitam de um servidor dedicado, fi\u00e1vel e de alto desempenho sem recorrer a infraestrutura rack. Equipado com Intel Xeon E3-1230 v5 Quad Core a 3.4 GHz, oferece um excelente equil\u00edbrio entre pot\u00eancia e efici\u00eancia, perfeito para servidor de ficheiros, dom\u00ednio, ERP, c\u00f3pias de seguran\u00e7a ou aplica\u00e7\u00f5es empresariais.<br \/>Os seus 32 GB de mem\u00f3ria DDR4 permitem trabalhar com fluidez em ambientes multitarefa, garantindo estabilidade e continuidade operacional. O armazenamento SAS a 10.000 rpm, com 4 discos de 600 GB, proporciona velocidade e seguran\u00e7a no acesso a dados cr\u00edticos, refor\u00e7ado pela controladora HP Smart Array P440, que permite configura\u00e7\u00f5es RAID orientadas para a prote\u00e7\u00e3o e o desempenho.<br \/>Gra\u00e7as \u00e0 sua arquitetura expans\u00edvel, m\u00faltiplas ranhuras PCIe e capacidade adicional de armazenamento, o ML30 G9 \u00e9 uma plataforma preparada para crescer de acordo com as necessidades do neg\u00f3cio. O seu formato torre facilita a instala\u00e7\u00e3o em qualquer ambiente profissional, oferecendo funcionamento est\u00e1vel 24\/7 com a fiabilidade caracter\u00edstica da gama ProLiant.<br \/>Uma solu\u00e7\u00e3o s\u00f3lida, vers\u00e1til e rent\u00e1vel para quem procura um servidor HP profissional em torre com desempenho empresarial e real capacidade de expans\u00e3o.<br \/><b>Aspeto exterior impec\u00e1vel<\/b>. Veja em \u201c+ Fotos\u201d e &#8220;Video&#8221; e se tiver alguma d\u00favida ligue-nos ou utilize o nosso chat para ampliar a informa\u00e7\u00e3o ou para solicitar mais detalhes.<br \/><strong>Coment\u00e1rios<\/strong><br \/><u>HP Smart Array P440 &#8211; 1xPCIe X16 \/ 1xPCIe X8 \/ 2xPCIe X4<\/u><\/p>\n","protected":false},"excerpt":{"rendered":"<p>Intel Xeon Quad Core E3-1230 v5 3.4 GHz. \u00b7 32 Gb. DDR4 RAM \u00b7 4x 600 Gb. SAS 2.5&#8221; \u00b7 DVD \u00b7<br \/>\n<strong>HP Smart Array P440<\/strong> &#8211; <u>1xPCIe X16 \/ 1xPCIe X8 \/ 2xPCIe X4<br \/>\n<\/u><\/p>\n","protected":false},"featured_media":159493,"template":"","meta":[],"product_brand":[3453],"product_cat":[2338,2347],"product_tag":[],"class_list":{"0":"post-159508","1":"product","2":"type-product","3":"status-publish","4":"has-post-thumbnail","6":"product_brand-hp","7":"product_cat-servidores-pt","8":"product_cat-servidores-torre-pt","10":"first","11":"instock","12":"taxable","13":"shipping-taxable","14":"purchasable","15":"product-type-simple"},"bundled_by":[],"bundle_stock_status":"instock","bundle_stock_quantity":7,"bundle_virtual":false,"bundle_layout":"","bundle_add_to_cart_form_location":"","bundle_editable_in_cart":false,"bundle_sold_individually_context":"","bundle_item_grouping":"","bundle_min_size":"","bundle_max_size":"","bundle_price":[],"bundled_items":[],"bundle_sell_ids":[],"exclude_global_add_ons":true,"addons":{"ram-memory-upgrades":{"name":"Extens\u00e3o RAM","type":"multiple_choice","position":0,"required":false,"title_format":"heading","default":"","description_enable":false,"description":"","placeholder_enable":false,"placeholder":"","display":"radiobutton","restrictions_type":"any_text","adjust_price":false,"price":"","price_type":"quantity_based","restrictions":false,"min":"0","max":"0","options":[{"label":"Extens\u00e3o RAM DDR4 ECC 64 Gb [AMP00134]","price":"230.0000","price_type":"quantity_based","image":0,"visibility":true}]},"hdd-upgrades":{"name":"Extens\u00e3o disco r\u00edgido","type":"multiple_choice","position":0,"required":false,"title_format":"heading","default":"","description_enable":false,"description":"","placeholder_enable":false,"placeholder":"","display":"radiobutton","restrictions_type":"any_text","adjust_price":false,"price":"","price_type":"quantity_based","restrictions":false,"min":"0","max":"0","options":[{"label":"2x Disco SSD 240 Gb. [AMP00058]","price":"100.0000","price_type":"quantity_based","image":0,"visibility":true},{"label":"2x Disco SSD 480 Gb. [AMP00059]","price":"200.0000","price_type":"quantity_based","image":0,"visibility":true}]}},"df_price":713.9,"df_sale_price":"","df_regular_price":713.9,"df_image_link":"https:\/\/zoca.es\/wp-content\/uploads\/images\/product\/14723\/hp03261_01-300x225.jpg","_links":{"self":[{"href":"https:\/\/zoca.es\/pt-pt\/wp-json\/wp\/v2\/product\/159508","targetHints":{"allow":["GET"]}}],"collection":[{"href":"https:\/\/zoca.es\/pt-pt\/wp-json\/wp\/v2\/product"}],"about":[{"href":"https:\/\/zoca.es\/pt-pt\/wp-json\/wp\/v2\/types\/product"}],"wp:featuredmedia":[{"embeddable":true,"href":"https:\/\/zoca.es\/pt-pt\/wp-json\/wp\/v2\/media\/159493"}],"wp:attachment":[{"href":"https:\/\/zoca.es\/pt-pt\/wp-json\/wp\/v2\/media?parent=159508"}],"wp:term":[{"taxonomy":"product_brand","embeddable":true,"href":"https:\/\/zoca.es\/pt-pt\/wp-json\/wp\/v2\/product_brand?post=159508"},{"taxonomy":"product_cat","embeddable":true,"href":"https:\/\/zoca.es\/pt-pt\/wp-json\/wp\/v2\/product_cat?post=159508"},{"taxonomy":"product_tag","embeddable":true,"href":"https:\/\/zoca.es\/pt-pt\/wp-json\/wp\/v2\/product_tag?post=159508"}],"curies":[{"name":"wp","href":"https:\/\/api.w.org\/{rel}","templated":true}]}}