{"id":159202,"date":"2026-02-11T12:20:07","date_gmt":"2026-02-11T11:20:07","guid":{"rendered":"https:\/\/zoca.es\/producto\/dell-optiplex-7070-sff-recondicionado-core-i5-29ghz-8-gb-ram-256-gb-ssd-m2-pt-14706\/"},"modified":"2026-02-25T10:06:35","modified_gmt":"2026-02-25T09:06:35","slug":"dell-optiplex-7070-sff-recondicionado-core-i5-29ghz-8-gb-ram-256-gb-ssd-m2-pt-14706","status":"publish","type":"product","link":"https:\/\/zoca.es\/pt-pt\/produto\/dell-optiplex-7070-sff-recondicionado-core-i5-29ghz-8-gb-ram-256-gb-ssd-m2-pt-14706\/","title":{"rendered":"Dell OptiPlex 7070 SFF | Recondicionado | Core i5 2.9GHz | 8 GB RAM | 256 GB SSD M2"},"content":{"rendered":"<p><strong>Processador<\/strong><br \/>Intel Core i5 9400 2.9 GHz.<br \/><strong>Fator de forma<\/strong><br \/>SFF<br \/><strong>Mem\u00f3ria RAM<\/strong><br \/>8 Gb. DDR4 RAM<br \/><strong>Disco r\u00edgido<\/strong><br \/>256 Gb. SSD M2<br \/><strong>Cart\u00f5es<\/strong><br \/>Placa gr\u00e1fica: Intel Graphics 630<br \/>Som: Realtek HDA<br \/>Network: Intel I219-LM<br \/><strong>Sistema operativo<\/strong><br \/>Windows 11 Pro<br \/><strong>Portos<\/strong><br \/>S\u00e9rie<br \/>4x USB 2.0<br \/>2x PS2<br \/>USB-C<br \/>5x USB 3.1<br \/><strong>Portas de v\u00eddeo<\/strong><br \/>2x Display Port<br \/><strong>Conectividade<\/strong><br \/>RJ-45<br \/><strong>Outros<\/strong><br \/>hR embalagens<br \/><strong>Dimens\u00f5es<\/strong><br \/>31.5x29x9.5 cm.<br \/><strong>Peso<\/strong><br \/>3.85 Kg.<br \/><strong>Especifica\u00e7\u00f5es adicionais<\/strong><br \/>O DELL OptiPlex 7070 SFF \u00e9 um computador de secret\u00e1ria profissional pensado para ambientes de trabalho que requerem equil\u00edbrio entre desempenho, tamanho compacto e capacidade de expans\u00e3o. O seu Intel Core i5-9400 de 6 n\u00facleos oferece pot\u00eancia mais do que suficiente para gest\u00e3o empresarial, aplica\u00e7\u00f5es corporativas, ferramentas de produtividade e multitarefa di\u00e1ria com total estabilidade.<br \/>Equipado com 8 GB de mem\u00f3ria DDR4, proporciona uma experi\u00eancia \u00e1gil no uso quotidiano, enquanto o SSD M.2 de 256 GB garante arranques r\u00e1pidos e tempos de resposta imediatos, melhorando o fluxo de trabalho e reduzindo esperas desnecess\u00e1rias. Com Windows 11 Pro e TPM 2.0, este PC de secret\u00e1ria para empresa incorpora um ambiente seguro, preparado para pol\u00edticas de seguran\u00e7a avan\u00e7adas e gest\u00e3o profissional.<br \/>O seu formato SFF (Small Form Factor) permite otimizar o espa\u00e7o na secret\u00e1ria sem renunciar a possibilidades de crescimento. Gra\u00e7as \u00e0s suas ranhuras PCIe x16 e x4, este desktop expans\u00edvel pode adaptar-se a novas necessidades, como placas gr\u00e1ficas dedicadas ou solu\u00e7\u00f5es espec\u00edficas de expans\u00e3o.<br \/>Robusto, silencioso e eficiente, o OptiPlex 7070 SFF \u00e9 um equipamento fi\u00e1vel para escrit\u00f3rio, concebido para oferecer durabilidade, baixo consumo e excelente rentabilidade a m\u00e9dio e longo prazo. Uma solu\u00e7\u00e3o s\u00f3lida para quem procura um desktop potente e equilibrado com a garantia de qualidade Dell.<br \/>Bom aspeto exterior. Pode apresentar ligeiras marcas de uso na carca\u00e7a. Veja em \u201c+ Fotos\u201d e &#8220;Video&#8221; e se tiver alguma d\u00favida ligue-nos ou utilize o nosso chat para ampliar a informa\u00e7\u00e3o ou para solicitar mais detalhes.<br \/><strong>Coment\u00e1rios<\/strong><br \/><u>1xPCIe X16 \/ 1xPCIe X4<\/u><\/p>\n","protected":false},"excerpt":{"rendered":"<p>Intel Core i5 9400 2.9 GHz. \u00b7 8 Gb. DDR4 RAM \u00b7 256 Gb. SSD M2 \u00b7 <strong>Windows 11 Pro<\/strong> \u00b7<br \/>\n<u>1xPCIe X16 \/ 1xPCIe X4<br \/>\n<\/u><\/p>\n","protected":false},"featured_media":159181,"template":"","meta":[],"product_brand":[3445],"product_cat":[3123,2218],"product_tag":[],"class_list":{"0":"post-159202","1":"product","2":"type-product","3":"status-publish","4":"has-post-thumbnail","6":"product_brand-dell","7":"product_cat-computadores-computadores-pt","8":"product_cat-computadores-pt","10":"first","11":"outofstock","12":"taxable","13":"shipping-taxable","14":"purchasable","15":"product-type-simple"},"bundled_by":[],"bundle_stock_status":"outofstock","bundle_stock_quantity":0,"bundle_virtual":false,"bundle_layout":"","bundle_add_to_cart_form_location":"","bundle_editable_in_cart":false,"bundle_sold_individually_context":"","bundle_item_grouping":"","bundle_min_size":"","bundle_max_size":"","bundle_price":[],"bundled_items":[],"bundle_sell_ids":[],"exclude_global_add_ons":true,"addons":{"ram-memory-upgrades":{"name":"Extens\u00e3o RAM","type":"multiple_choice","position":0,"required":false,"title_format":"heading","default":"","description_enable":false,"description":"","placeholder_enable":false,"placeholder":"","display":"radiobutton","restrictions_type":"any_text","adjust_price":false,"price":"","price_type":"quantity_based","restrictions":false,"min":"0","max":"0","options":[{"label":"Extens\u00e3o DDR4 RAM 16 Gb [AMP00079]","price":"60.0000","price_type":"quantity_based","image":0,"visibility":true}]},"hdd-upgrades":{"name":"Extens\u00e3o disco r\u00edgido","type":"multiple_choice","position":0,"required":false,"title_format":"heading","default":"","description_enable":false,"description":"","placeholder_enable":false,"placeholder":"","display":"radiobutton","restrictions_type":"any_text","adjust_price":false,"price":"","price_type":"quantity_based","restrictions":false,"min":"0","max":"0","options":[{"label":"Cambio a Disco SSD 500 Gb. M.2 2280 PCIe [AMP00106]","price":110,"price_type":"quantity_based","image":0,"visibility":true},{"label":"Cambio a Disco SSD 1 Tb. M.2 2280 PCIe [AMP00107]","price":165,"price_type":"quantity_based","image":0,"visibility":true},{"label":"Cambio a Disco SSD 2 Tb. M.2 2280 PCIe [AMP00171]","price":260,"price_type":"quantity_based","image":0,"visibility":true}]},"network-card-upgrades":{"name":"Extens\u00e3o WIFI","type":"multiple_choice","position":0,"required":false,"title_format":"heading","default":"","description_enable":false,"description":"","placeholder_enable":false,"placeholder":"","display":"radiobutton","restrictions_type":"any_text","adjust_price":false,"price":"","price_type":"quantity_based","restrictions":false,"min":"0","max":"0","options":[{"label":"Ampliaci\u00f3n a Tarj. Wi-Fi PCI [AMP00017]","price":"15.0000","price_type":"quantity_based","image":0,"visibility":true},{"label":"Ampliaci\u00f3n a Wireless nano USB [AMP00018]","price":"12.0000","price_type":"quantity_based","image":0,"visibility":true}]},"os-upgrades":{"name":"Extens\u00e3o OS","type":"multiple_choice","position":0,"required":false,"title_format":"heading","default":"","description_enable":false,"description":"","placeholder_enable":false,"placeholder":"","display":"radiobutton","restrictions_type":"any_text","adjust_price":false,"price":"","price_type":"quantity_based","restrictions":false,"min":"0","max":"0","options":[{"label":"Alterar idioma para franc\u00eas [AMP00125]","price":"0.0000","price_type":"quantity_based","image":0,"visibility":true},{"label":"Alterar idioma para ingl\u00eas [AMP00008]","price":"0.0000","price_type":"quantity_based","image":0,"visibility":true},{"label":"Alterar idioma para o portugu\u00eas [AMP00009]","price":"0.0000","price_type":"quantity_based","image":0,"visibility":true}]},"keyboard-upgrades":{"name":"Extens\u00e3o teclado","type":"multiple_choice","position":0,"required":false,"title_format":"heading","default":"","description_enable":false,"description":"","placeholder_enable":false,"placeholder":"","display":"radiobutton","restrictions_type":"any_text","adjust_price":false,"price":"","price_type":"quantity_based","restrictions":false,"min":"0","max":"0","options":[{"label":"Teclado e Mouse [AMP00020]","price":"8.0000","price_type":"quantity_based","image":0,"visibility":true},{"label":"Teclado e Mouse Portugu\u00e9s Nuevo [AMP00088]","price":"15.0000","price_type":"quantity_based","image":0,"visibility":true},{"label":"Teclado e mouse USB em espanhol (Novo) [AMP00068]","price":"12.0000","price_type":"quantity_based","image":0,"visibility":true}]}},"df_price":312.18,"df_sale_price":"","df_regular_price":312.18,"df_image_link":"https:\/\/zoca.es\/wp-content\/uploads\/images\/product\/14706\/dell01640_01-300x225.jpg","_links":{"self":[{"href":"https:\/\/zoca.es\/pt-pt\/wp-json\/wp\/v2\/product\/159202","targetHints":{"allow":["GET"]}}],"collection":[{"href":"https:\/\/zoca.es\/pt-pt\/wp-json\/wp\/v2\/product"}],"about":[{"href":"https:\/\/zoca.es\/pt-pt\/wp-json\/wp\/v2\/types\/product"}],"wp:featuredmedia":[{"embeddable":true,"href":"https:\/\/zoca.es\/pt-pt\/wp-json\/wp\/v2\/media\/159181"}],"wp:attachment":[{"href":"https:\/\/zoca.es\/pt-pt\/wp-json\/wp\/v2\/media?parent=159202"}],"wp:term":[{"taxonomy":"product_brand","embeddable":true,"href":"https:\/\/zoca.es\/pt-pt\/wp-json\/wp\/v2\/product_brand?post=159202"},{"taxonomy":"product_cat","embeddable":true,"href":"https:\/\/zoca.es\/pt-pt\/wp-json\/wp\/v2\/product_cat?post=159202"},{"taxonomy":"product_tag","embeddable":true,"href":"https:\/\/zoca.es\/pt-pt\/wp-json\/wp\/v2\/product_tag?post=159202"}],"curies":[{"name":"wp","href":"https:\/\/api.w.org\/{rel}","templated":true}]}}